{"id":2457,"date":"2020-03-02T09:04:28","date_gmt":"2020-03-02T01:04:28","guid":{"rendered":"https:\/\/hkcablemachine.com\/?page_id=2457"},"modified":"2024-03-01T16:51:28","modified_gmt":"2024-03-01T08:51:28","slug":"privacy-policy","status":"publish","type":"page","link":"https:\/\/hkcablemachine.com\/vi\/chinh-sach-bao-mat\/","title":{"rendered":"Ch\u00ednh s\u00e1ch b\u1ea3o m\u1eadt"},"content":{"rendered":"<h1>Ch\u00ednh s\u00e1ch b\u1ea3o m\u1eadt<\/h1>\n<p>Ng\u00e0y c\u00f3 hi\u1ec7u l\u1ef1c: 2024-03-01<\/p>\n<p>C\u1eadp nh\u1eadt v\u00e0o ng\u00e0y: 2024-03-01<\/p>\n<p>\n  Ch\u00ednh s\u00e1ch b\u1ea3o m\u1eadt n\u00e0y gi\u1ea3i th\u00edch c\u00e1c ch\u00ednh s\u00e1ch c\u1ee7a Guangdong Hongkai Optical Cable Eequipment Technology Co., Ltd v\u1ec1 vi\u1ec7c thu th\u1eadp v\u00e0 s\u1eed d\u1ee5ng th\u00f4ng tin ch\u00fang t\u00f4i thu th\u1eadp khi b\u1ea1n truy c\u1eadp hkcablemachine.com (\u201cD\u1ecbch v\u1ee5\u201d). Ch\u00ednh s\u00e1ch b\u1ea3o m\u1eadt n\u00e0y m\u00f4 t\u1ea3 c\u00e1c quy\u1ec1n ri\u00eang t\u01b0 c\u1ee7a b\u1ea1n v\u00e0 c\u00e1ch b\u1ea1n \u0111\u01b0\u1ee3c b\u1ea3o v\u1ec7 theo lu\u1eadt b\u1ea3o m\u1eadt.<\/p>\n<p>\n  B\u1eb1ng c\u00e1ch s\u1eed d\u1ee5ng D\u1ecbch v\u1ee5 c\u1ee7a ch\u00fang t\u00f4i, b\u1ea1n \u0111\u1ed3ng \u00fd v\u1edbi vi\u1ec7c thu th\u1eadp v\u00e0 s\u1eed d\u1ee5ng th\u00f4ng tin c\u1ee7a b\u1ea1n theo Ch\u00ednh s\u00e1ch b\u1ea3o m\u1eadt n\u00e0y. Vui l\u00f2ng kh\u00f4ng truy c\u1eadp ho\u1eb7c s\u1eed d\u1ee5ng D\u1ecbch v\u1ee5 c\u1ee7a ch\u00fang t\u00f4i n\u1ebfu b\u1ea1n kh\u00f4ng \u0111\u1ed3ng \u00fd v\u1edbi vi\u1ec7c thu th\u1eadp v\u00e0 s\u1eed d\u1ee5ng th\u00f4ng tin c\u1ee7a b\u1ea1n nh\u01b0 \u0111\u01b0\u1ee3c n\u00eau trong Ch\u00ednh s\u00e1ch b\u1ea3o m\u1eadt n\u00e0y. Ch\u00ednh s\u00e1ch b\u1ea3o m\u1eadt n\u00e0y \u0111\u01b0\u1ee3c t\u1ea1o ra v\u1edbi s\u1ef1 tr\u1ee3 gi\u00fap c\u1ee7a <a target=\"_blank\" href=\"https:\/\/cookie-script.com\/privacy-policy-generator\" rel=\"noopener nofollow\">Tr\u00ecnh t\u1ea1o Ch\u00ednh s\u00e1ch b\u1ea3o m\u1eadt CookieScript<\/a>.<\/p>\n<p>Guangdong Hongkai Optical Cable Eequipment Technology Co., Ltd \u0111\u01b0\u1ee3c ph\u00e9p s\u1eeda \u0111\u1ed5i Ch\u00ednh s\u00e1ch b\u1ea3o m\u1eadt n\u00e0y b\u1ea5t k\u1ef3 l\u00fac n\u00e0o. \u0110i\u1ec1u n\u00e0y c\u00f3 th\u1ec3 x\u1ea3y ra m\u00e0 kh\u00f4ng c\u1ea7n th\u00f4ng b\u00e1o tr\u01b0\u1edbc.<\/p>\n<p>\n  C\u00f4ng ty TNHH C\u00f4ng ngh\u1ec7 Thi\u1ebft b\u1ecb C\u00e1p quang Guangdong Hongkai s\u1ebd \u0111\u0103ng Ch\u00ednh s\u00e1ch B\u1ea3o m\u1eadt \u0111\u00e3 s\u1eeda \u0111\u1ed5i tr\u00ean trang web hkcablemachine.com<\/p>\n\n    <h3>Thu th\u1eadp v\u00e0 s\u1eed d\u1ee5ng th\u00f4ng tin c\u00e1 nh\u00e2n c\u1ee7a b\u1ea1n<\/h3>\n    <h4>Th\u00f4ng tin ch\u00fang t\u00f4i thu th\u1eadp<\/h4>\n    <p>\n      Khi s\u1eed d\u1ee5ng D\u1ecbch v\u1ee5 c\u1ee7a ch\u00fang t\u00f4i, b\u1ea1n s\u1ebd \u0111\u01b0\u1ee3c nh\u1eafc cung c\u1ea5p cho ch\u00fang t\u00f4i th\u00f4ng tin c\u00e1 nh\u00e2n \u0111\u01b0\u1ee3c s\u1eed d\u1ee5ng \u0111\u1ec3 li\u00ean h\u1ec7 ho\u1eb7c x\u00e1c \u0111\u1ecbnh danh t\u00ednh c\u1ee7a b\u1ea1n. hkcablemachine.com thu th\u1eadp c\u00e1c th\u00f4ng tin sau:    <\/p>\n\n    <ul>\n                    <li>D\u1eef li\u1ec7u s\u1eed d\u1ee5ng<\/li>\n                    <li>T\u00ean<\/li>\n                    <li>E-mail<\/li>\n                    <li>S\u1ed1 \u0111i\u1ec7n tho\u1ea1i di \u0111\u1ed9ng<\/li>\n                    <li>H\u1ed3 s\u01a1 truy\u1ec1n th\u00f4ng x\u00e3 h\u1ed9i<\/li>\n            <\/ul>\n\n            <p>D\u1eef li\u1ec7u s\u1eed d\u1ee5ng bao g\u1ed3m nh\u1eefng th\u00f4ng tin sau:<\/p>\n        <ul>\n            <li>\u0110\u1ecba ch\u1ec9 Giao th\u1ee9c Internet (IP) c\u1ee7a m\u00e1y t\u00ednh truy c\u1eadp v\u00e0o trang web<\/li>\n            <li>Y\u00eau c\u1ea7u trang web<\/li>\n            <li>C\u00e1c trang web tham kh\u1ea3o<\/li>\n            <li>Tr\u00ecnh duy\u1ec7t \u0111\u01b0\u1ee3c s\u1eed d\u1ee5ng \u0111\u1ec3 truy c\u1eadp trang web<\/li>\n            <li>Th\u1eddi gian v\u00e0 ng\u00e0y truy c\u1eadp<\/li>\n        <\/ul>\n    \n    <h4>Ch\u00fang t\u00f4i thu th\u1eadp th\u00f4ng tin nh\u01b0 th\u1ebf n\u00e0o<\/h4>\n    <p>\n      hkcablemachine.com thu th\u1eadp v\u00e0 ti\u1ebfp nh\u1eadn th\u00f4ng tin t\u1eeb b\u1ea1n theo c\u00e1ch sau:    <\/p>\n    <ul>\n                <li>Khi b\u1ea1n \u0111i\u1ec1n v\u00e0o m\u1eabu \u0111\u0103ng k\u00fd ho\u1eb7c g\u1eedi th\u00f4ng tin c\u00e1 nh\u00e2n c\u1ee7a b\u1ea1n.<\/li>\n                <li>Khi b\u1ea1n t\u01b0\u01a1ng t\u00e1c v\u1edbi D\u1ecbch v\u1ee5 c\u1ee7a ch\u00fang t\u00f4i.<\/li>\n          <\/ul>\n    <p>\n      Th\u00f4ng tin c\u1ee7a b\u1ea1n s\u1ebd \u0111\u01b0\u1ee3c l\u01b0u tr\u1eef trong t\u1ed1i \u0111a 30 ng\u00e0y sau khi kh\u00f4ng c\u00f2n c\u1ea7n thi\u1ebft \u0111\u1ec3 cung c\u1ea5p cho b\u1ea1n c\u00e1c d\u1ecbch v\u1ee5. Th\u00f4ng tin c\u1ee7a b\u1ea1n c\u00f3 th\u1ec3 \u0111\u01b0\u1ee3c l\u01b0u gi\u1eef trong th\u1eddi gian d\u00e0i h\u01a1n \u0111\u1ec3 b\u00e1o c\u00e1o ho\u1eb7c l\u01b0u gi\u1eef h\u1ed3 s\u01a1 theo lu\u1eadt hi\u1ec7n h\u00e0nh. Th\u00f4ng tin kh\u00f4ng x\u00e1c \u0111\u1ecbnh danh t\u00ednh c\u00e1 nh\u00e2n c\u1ee7a b\u1ea1n c\u00f3 th\u1ec3 \u0111\u01b0\u1ee3c l\u01b0u tr\u1eef v\u00f4 th\u1eddi h\u1ea1n.    <\/p>\n\n            <h4>Ch\u00fang t\u00f4i s\u1eed d\u1ee5ng th\u00f4ng tin c\u1ee7a b\u1ea1n nh\u01b0 th\u1ebf n\u00e0o<\/h4>\n        <p>\n          hkcablemachine.com c\u00f3 th\u1ec3 s\u1eed d\u1ee5ng th\u00f4ng tin c\u1ee7a b\u1ea1n cho c\u00e1c m\u1ee5c \u0111\u00edch sau:        <\/p>\n        <ul>\n                        <li><b>Cung c\u1ea5p v\u00e0 duy tr\u00ec D\u1ecbch v\u1ee5 c\u1ee7a ch\u00fang t\u00f4i,<\/b> c\u0169ng nh\u01b0 theo d\u00f5i vi\u1ec7c s\u1eed d\u1ee5ng D\u1ecbch v\u1ee5 c\u1ee7a ch\u00fang t\u00f4i.<\/li>\n                        <li><b>Cho m\u1ee5c \u0111\u00edch kh\u00e1c.<\/b> Guangdong Hongkai Optical Cable Eequipment Technology Co., Ltd s\u1ebd s\u1eed d\u1ee5ng th\u00f4ng tin c\u1ee7a b\u1ea1n \u0111\u1ec3 ph\u00e2n t\u00edch d\u1eef li\u1ec7u nh\u1eb1m x\u00e1c \u0111\u1ecbnh xu h\u01b0\u1edbng s\u1eed d\u1ee5ng ho\u1eb7c x\u00e1c \u0111\u1ecbnh hi\u1ec7u qu\u1ea3 c\u1ee7a c\u00e1c chi\u1ebfn d\u1ecbch ti\u1ebfp th\u1ecb c\u1ee7a ch\u00fang t\u00f4i khi h\u1ee3p l\u00fd. Ch\u00fang t\u00f4i s\u1ebd s\u1eed d\u1ee5ng th\u00f4ng tin c\u1ee7a b\u1ea1n \u0111\u1ec3 \u0111\u00e1nh gi\u00e1 v\u00e0 c\u1ea3i thi\u1ec7n D\u1ecbch v\u1ee5, s\u1ea3n ph\u1ea9m, d\u1ecbch v\u1ee5 v\u00e0 c\u00e1c n\u1ed7 l\u1ef1c ti\u1ebfp th\u1ecb c\u1ee7a ch\u00fang t\u00f4i.<\/li>\n                  <\/ul>\n    \n            <h4>Ch\u00fang t\u00f4i chia s\u1ebb th\u00f4ng tin c\u1ee7a b\u1ea1n nh\u01b0 th\u1ebf n\u00e0o<\/h4>\n        <p>\n          C\u00f4ng ty TNHH C\u00f4ng ngh\u1ec7 Thi\u1ebft b\u1ecb C\u00e1p quang Guangdong Hongkai s\u1ebd chia s\u1ebb th\u00f4ng tin c\u1ee7a b\u1ea1n, khi \u00e1p d\u1ee5ng, trong c\u00e1c tr\u01b0\u1eddng h\u1ee3p sau:        <\/p>\n        <ul>\n                      <li><b>V\u1edbi s\u1ef1 \u0111\u1ed3ng \u00fd c\u1ee7a b\u1ea1n.<\/b> C\u00f4ng ty TNHH C\u00f4ng ngh\u1ec7 Thi\u1ebft b\u1ecb C\u00e1p quang Guangdong Hongkai s\u1ebd chia s\u1ebb th\u00f4ng tin c\u1ee7a b\u1ea1n cho b\u1ea5t k\u1ef3 m\u1ee5c \u0111\u00edch n\u00e0o khi c\u00f3 s\u1ef1 \u0111\u1ed3ng \u00fd r\u00f5 r\u00e0ng c\u1ee7a b\u1ea1n.<\/li>\n                  <\/ul>\n    \n    <h4>Chia s\u1ebb c\u1ee7a b\u00ean th\u1ee9 ba<\/h4>\n            <p>\n          B\u1ea5t k\u1ef3 b\u00ean th\u1ee9 ba n\u00e0o m\u00e0 ch\u00fang t\u00f4i chia s\u1ebb th\u00f4ng tin c\u1ee7a b\u1ea1n ph\u1ea3i ti\u1ebft l\u1ed9 m\u1ee5c \u0111\u00edch m\u00e0 h\u1ecd d\u1ef1 \u0111\u1ecbnh s\u1eed d\u1ee5ng th\u00f4ng tin c\u1ee7a b\u1ea1n. H\u1ecd ph\u1ea3i gi\u1eef l\u1ea1i th\u00f4ng tin c\u1ee7a b\u1ea1n ch\u1ec9 trong th\u1eddi gian \u0111\u01b0\u1ee3c ti\u1ebft l\u1ed9 khi y\u00eau c\u1ea7u ho\u1eb7c nh\u1eadn th\u00f4ng tin \u0111\u00f3. Nh\u00e0 cung c\u1ea5p d\u1ecbch v\u1ee5 b\u00ean th\u1ee9 ba kh\u00f4ng \u0111\u01b0\u1ee3c ti\u1ebfp t\u1ee5c thu th\u1eadp, b\u00e1n ho\u1eb7c s\u1eed d\u1ee5ng th\u00f4ng tin c\u00e1 nh\u00e2n c\u1ee7a b\u1ea1n tr\u1eeb khi c\u1ea7n thi\u1ebft \u0111\u1ec3 th\u1ef1c hi\u1ec7n m\u1ee5c \u0111\u00edch \u0111\u00e3 ch\u1ec9 \u0111\u1ecbnh.        <\/p>\n        <p>Th\u00f4ng tin c\u1ee7a b\u1ea1n c\u00f3 th\u1ec3 \u0111\u01b0\u1ee3c chia s\u1ebb cho b\u00ean th\u1ee9 ba v\u00ec nh\u1eefng l\u00fd do bao g\u1ed3m:<\/p>\n        <ul>\n                      <li><b>Th\u00f4ng tin ph\u00e2n t\u00edch.<\/b> Th\u00f4ng tin c\u1ee7a b\u1ea1n c\u00f3 th\u1ec3 \u0111\u01b0\u1ee3c chia s\u1ebb v\u1edbi c\u00e1c c\u00f4ng c\u1ee5 ph\u00e2n t\u00edch tr\u1ef1c tuy\u1ebfn \u0111\u1ec3 theo d\u00f5i v\u00e0 ph\u00e2n t\u00edch l\u01b0u l\u01b0\u1ee3ng truy c\u1eadp trang web.<\/li>\n                      <li><b>S\u00e1ng ki\u1ebfn ti\u1ebfp th\u1ecb.<\/b> Th\u00f4ng tin c\u1ee7a b\u1ea1n s\u1ebd \u0111\u01b0\u1ee3c s\u1eed d\u1ee5ng \u0111\u1ec3 t\u1ea1o v\u00e0 g\u1eedi b\u1ea3n tin, n\u1ed7 l\u1ef1c ti\u1ebfp th\u1ecb qua email, qu\u1ea3ng c\u00e1o, v.v.<\/li>\n                      <li><b>C\u1ea3i thi\u1ec7n c\u00e1c chi\u1ebfn d\u1ecbch qu\u1ea3ng c\u00e1o c\u00f3 m\u1ee5c ti\u00eau.<\/b> C\u00f4ng ty TNHH C\u00f4ng ngh\u1ec7 Thi\u1ebft b\u1ecb C\u00e1p quang Guangdong Hongkai h\u1ee3p t\u00e1c v\u1edbi c\u00e1c nh\u00e0 cung c\u1ea5p d\u1ecbch v\u1ee5 b\u00ean th\u1ee9 ba \u0111\u1ec3 c\u1ea3i thi\u1ec7n c\u00e1c chi\u1ebfn d\u1ecbch qu\u1ea3ng c\u00e1o c\u00f3 m\u1ee5c ti\u00eau r\u00f5 r\u00e0ng.<\/li>\n                  <\/ul>\n        <p>\n          N\u1ebfu b\u1ea1n ch\u1ecdn cung c\u1ea5p th\u00f4ng tin \u0111\u00f3 trong qu\u00e1 tr\u00ecnh \u0111\u0103ng k\u00fd ho\u1eb7c theo c\u00e1ch kh\u00e1c, b\u1ea1n \u0111ang c\u1ea5p cho Guangdong Hongkai Optical Cable Eequipment Technology Co., Ltd quy\u1ec1n s\u1eed d\u1ee5ng, chia s\u1ebb v\u00e0 l\u01b0u tr\u1eef th\u00f4ng tin \u0111\u00f3 theo c\u00e1ch ph\u00f9 h\u1ee3p v\u1edbi Ch\u00ednh s\u00e1ch b\u1ea3o m\u1eadt n\u00e0y.        <\/p>\n    \n    <p>Th\u00f4ng tin c\u1ee7a b\u1ea1n c\u00f3 th\u1ec3 \u0111\u01b0\u1ee3c ti\u1ebft l\u1ed9 v\u00ec nh\u1eefng l\u00fd do b\u1ed5 sung, bao g\u1ed3m:<\/p>\n    <ul>\n        <li>Tu\u00e2n th\u1ee7 lu\u1eadt ph\u00e1p, quy \u0111\u1ecbnh ho\u1eb7c l\u1ec7nh c\u1ee7a t\u00f2a \u00e1n hi\u1ec7n h\u00e0nh.<\/li>\n        <li>Tr\u1ea3 l\u1eddi c\u00e1c khi\u1ebfu n\u1ea1i cho r\u1eb1ng vi\u1ec7c b\u1ea1n s\u1eed d\u1ee5ng D\u1ecbch v\u1ee5 c\u1ee7a ch\u00fang t\u00f4i vi ph\u1ea1m quy\u1ec1n c\u1ee7a b\u00ean th\u1ee9 ba.<\/li>\n        <li>Th\u1ef1c thi c\u00e1c th\u1ecfa thu\u1eadn b\u1ea1n \u0111\u00e3 k\u00fd v\u1edbi ch\u00fang t\u00f4i, bao g\u1ed3m Ch\u00ednh s\u00e1ch b\u1ea3o m\u1eadt n\u00e0y.<\/li>\n    <\/ul>\n\n    <h4>B\u00e1nh quy<\/h4>\n    <p>\n        Cookie l\u00e0 c\u00e1c t\u1ec7p v\u0103n b\u1ea3n nh\u1ecf \u0111\u01b0\u1ee3c c\u00e1c trang web m\u00e0 b\u1ea1n truy c\u1eadp \u0111\u1eb7t tr\u00ean m\u00e1y t\u00ednh c\u1ee7a b\u1ea1n. C\u00e1c trang web s\u1eed d\u1ee5ng cookie \u0111\u1ec3 gi\u00fap ng\u01b0\u1eddi d\u00f9ng \u0111i\u1ec1u h\u01b0\u1edbng hi\u1ec7u qu\u1ea3 v\u00e0 th\u1ef1c hi\u1ec7n m\u1ed9t s\u1ed1 ch\u1ee9c n\u0103ng nh\u1ea5t \u0111\u1ecbnh. C\u00e1c cookie c\u1ea7n thi\u1ebft \u0111\u1ec3 trang web ho\u1ea1t \u0111\u1ed9ng b\u00ecnh th\u01b0\u1eddng \u0111\u01b0\u1ee3c ph\u00e9p \u0111\u1eb7t m\u00e0 kh\u00f4ng c\u1ea7n s\u1ef1 cho ph\u00e9p c\u1ee7a b\u1ea1n. T\u1ea5t c\u1ea3 c\u00e1c cookie kh\u00e1c c\u1ea7n \u0111\u01b0\u1ee3c ch\u1ea5p thu\u1eadn tr\u01b0\u1edbc khi c\u00f3 th\u1ec3 \u0111\u1eb7t trong tr\u00ecnh duy\u1ec7t.    <\/p>\n    <ul>\n              <li><b>Cookie ho\u00e0n to\u00e0n c\u1ea7n thi\u1ebft.<\/b> Cookie ho\u00e0n to\u00e0n c\u1ea7n thi\u1ebft cho ph\u00e9p ch\u1ee9c n\u0103ng c\u1ed1t l\u00f5i c\u1ee7a trang web nh\u01b0 \u0111\u0103ng nh\u1eadp ng\u01b0\u1eddi d\u00f9ng v\u00e0 qu\u1ea3n l\u00fd t\u00e0i kho\u1ea3n. Trang web kh\u00f4ng th\u1ec3 \u0111\u01b0\u1ee3c s\u1eed d\u1ee5ng \u0111\u00fang c\u00e1ch n\u1ebfu kh\u00f4ng c\u00f3 cookie ho\u00e0n to\u00e0n c\u1ea7n thi\u1ebft.<\/li>\n          <\/ul>\n\n            <div class=\"cookie-report-container\">\n            <p data-cookiereport=\"true\">\n                B\u1ea1n c\u00f3 th\u1ec3 thay \u0111\u1ed5i s\u1ef1 \u0111\u1ed3ng \u00fd s\u1eed d\u1ee5ng cookie b\u00ean d\u01b0\u1edbi.            <\/p>\n            <script\n                type=\"text\/javascript\"\n                charset=\"UTF-8\"\n                data-cookiescriptreport=\"report\"\n                data-cs-lang=\"en\"\n                src=\"\/\/report.cookie-script.com\/r\/c144a77e1626fc1286a86cf22d490172.js\"\n            >\n            <\/script>\n        <\/div>\n    \n    <h4>B\u1ea3o v\u1ec7<\/h4>\n    <p>\n      B\u1ea3o m\u1eadt th\u00f4ng tin c\u1ee7a b\u1ea1n r\u1ea5t quan tr\u1ecdng \u0111\u1ed1i v\u1edbi ch\u00fang t\u00f4i. hkcablemachine.com s\u1eed d\u1ee5ng nhi\u1ec1u bi\u1ec7n ph\u00e1p b\u1ea3o m\u1eadt \u0111\u1ec3 ng\u0103n ch\u1eb7n vi\u1ec7c s\u1eed d\u1ee5ng sai m\u1ee5c \u0111\u00edch, m\u1ea5t m\u00e1t ho\u1eb7c thay \u0111\u1ed5i th\u00f4ng tin b\u1ea1n \u0111\u00e3 cung c\u1ea5p cho ch\u00fang t\u00f4i. Tuy nhi\u00ean, v\u00ec ch\u00fang t\u00f4i kh\u00f4ng th\u1ec3 \u0111\u1ea3m b\u1ea3o t\u00ednh b\u1ea3o m\u1eadt c\u1ee7a th\u00f4ng tin b\u1ea1n cung c\u1ea5p, b\u1ea1n ph\u1ea3i t\u1ef1 ch\u1ecbu r\u1ee7i ro khi truy c\u1eadp d\u1ecbch v\u1ee5 c\u1ee7a ch\u00fang t\u00f4i.    <\/p>\n    <p>\n      Guangdong Hongkai Optical Cable Eequipment Technology Co., Ltd kh\u00f4ng ch\u1ecbu tr\u00e1ch nhi\u1ec7m v\u1ec1 hi\u1ec7u su\u1ea5t c\u1ee7a c\u00e1c trang web do b\u00ean th\u1ee9 ba \u0111i\u1ec1u h\u00e0nh ho\u1eb7c t\u01b0\u01a1ng t\u00e1c c\u1ee7a b\u1ea1n v\u1edbi h\u1ecd. Khi b\u1ea1n r\u1eddi kh\u1ecfi trang web n\u00e0y, ch\u00fang t\u00f4i khuy\u00ean b\u1ea1n n\u00ean xem l\u1ea1i c\u00e1c ho\u1ea1t \u0111\u1ed9ng b\u1ea3o m\u1eadt c\u1ee7a c\u00e1c trang web kh\u00e1c m\u00e0 b\u1ea1n t\u01b0\u01a1ng t\u00e1c v\u00e0 x\u00e1c \u0111\u1ecbnh t\u00ednh \u0111\u1ea7y \u0111\u1ee7 c\u1ee7a c\u00e1c ho\u1ea1t \u0111\u1ed9ng \u0111\u00f3.    <\/p>\n\n    <h4>Li\u00ean h\u1ec7 ch\u00fang t\u00f4i<\/h4>\n    <p>N\u1ebfu c\u00f3 b\u1ea5t k\u1ef3 th\u1eafc m\u1eafc n\u00e0o, vui l\u00f2ng li\u00ean h\u1ec7 v\u1edbi ch\u00fang t\u00f4i qua c\u00e1c ph\u01b0\u01a1ng ph\u00e1p sau:<\/p>\n    <p>T\u00ean: C\u00f4ng ty TNHH C\u00f4ng ngh\u1ec7 Thi\u1ebft b\u1ecb C\u00e1p quang Guangdong Hongkai<\/p>\n    <p>\u0110\u1ecba ch\u1ec9: S\u1ed1 32, \u0110\u01b0\u1eddng Hulin, Th\u1ecb tr\u1ea5n Humen, Th\u00e0nh ph\u1ed1 \u0110\u00f4ng Qu\u1ea3ng, T\u1ec9nh Qu\u1ea3ng \u0110\u00f4ng<\/p>\n    <p>Email: hongkaiequipment@gmail.com<\/p>\n    <p>Trang web: hkcablemachine.com<\/p>\n    \n\n            <p>\n          N\u1ebfu b\u1ea1n c\u00f3 b\u1ea5t k\u1ef3 th\u1eafc m\u1eafc ho\u1eb7c lo ng\u1ea1i n\u00e0o li\u00ean quan \u0111\u1ebfn vi\u1ec7c x\u1eed l\u00fd th\u00f4ng tin c\u1ee7a m\u00ecnh, b\u1ea1n c\u00f3 th\u1ec3 li\u00ean h\u1ec7 v\u1edbi C\u00e1n b\u1ed9 b\u1ea3o m\u1eadt c\u1ee7a ch\u00fang t\u00f4i theo \u0111\u1ecba ch\u1ec9 Peter He, hongkaiequipment@gmail.com.        <\/p>","protected":false},"excerpt":{"rendered":"<p>Privacy Policy Effective date: 2024-03-01 Updated on: 2024-03-01 This Privacy Policy explains the policies of Guangdong Hongkai Optical Cable Eequipment Technology Co., Ltd on the collection and use of the information we collect when you access hkcablemachine.com (the \u201cService\u201d). This Privacy Policy describes your privacy rights and how you are protected under privacy laws. By [&hellip;]<\/p>\n","protected":false},"author":1,"featured_media":0,"parent":0,"menu_order":0,"comment_status":"closed","ping_status":"closed","template":"","meta":{"site-sidebar-layout":"default","site-content-layout":"default","ast-site-content-layout":"default","site-content-style":"default","site-sidebar-style":"default","ast-global-header-display":"","ast-banner-title-visibility":"","ast-main-header-display":"","ast-hfb-above-header-display":"","ast-hfb-below-header-display":"","ast-hfb-mobile-header-display":"","site-post-title":"","ast-breadcrumbs-content":"","ast-featured-img":"","footer-sml-layout":"","ast-disable-related-posts":"","theme-transparent-header-meta":"default","adv-header-id-meta":"","stick-header-meta":"","header-above-stick-meta":"","header-main-stick-meta":"","header-below-stick-meta":"","astra-migrate-meta-layouts":"set","ast-page-background-enabled":"default","ast-page-background-meta":{"desktop":{"background-color":"","background-image":"","background-repeat":"repeat","background-position":"center center","background-size":"auto","background-attachment":"scroll","background-type":"","background-media":"","overlay-type":"","overlay-color":"","overlay-opacity":"","overlay-gradient":""},"tablet":{"background-color":"","background-image":"","background-repeat":"repeat","background-position":"center center","background-size":"auto","background-attachment":"scroll","background-type":"","background-media":"","overlay-type":"","overlay-color":"","overlay-opacity":"","overlay-gradient":""},"mobile":{"background-color":"","background-image":"","background-repeat":"repeat","background-position":"center center","background-size":"auto","background-attachment":"scroll","background-type":"","background-media":"","overlay-type":"","overlay-color":"","overlay-opacity":"","overlay-gradient":""}},"ast-content-background-meta":{"desktop":{"background-color":"var(--ast-global-color-5)","background-image":"","background-repeat":"repeat","background-position":"center center","background-size":"auto","background-attachment":"scroll","background-type":"","background-media":"","overlay-type":"","overlay-color":"","overlay-opacity":"","overlay-gradient":""},"tablet":{"background-color":"var(--ast-global-color-5)","background-image":"","background-repeat":"repeat","background-position":"center center","background-size":"auto","background-attachment":"scroll","background-type":"","background-media":"","overlay-type":"","overlay-color":"","overlay-opacity":"","overlay-gradient":""},"mobile":{"background-color":"var(--ast-global-color-5)","background-image":"","background-repeat":"repeat","background-position":"center center","background-size":"auto","background-attachment":"scroll","background-type":"","background-media":"","overlay-type":"","overlay-color":"","overlay-opacity":"","overlay-gradient":""}},"footnotes":""},"class_list":["post-2457","page","type-page","status-publish","hentry"],"_links":{"self":[{"href":"https:\/\/hkcablemachine.com\/vi\/wp-json\/wp\/v2\/pages\/2457","targetHints":{"allow":["GET"]}}],"collection":[{"href":"https:\/\/hkcablemachine.com\/vi\/wp-json\/wp\/v2\/pages"}],"about":[{"href":"https:\/\/hkcablemachine.com\/vi\/wp-json\/wp\/v2\/types\/page"}],"author":[{"embeddable":true,"href":"https:\/\/hkcablemachine.com\/vi\/wp-json\/wp\/v2\/users\/1"}],"replies":[{"embeddable":true,"href":"https:\/\/hkcablemachine.com\/vi\/wp-json\/wp\/v2\/comments?post=2457"}],"version-history":[{"count":0,"href":"https:\/\/hkcablemachine.com\/vi\/wp-json\/wp\/v2\/pages\/2457\/revisions"}],"wp:attachment":[{"href":"https:\/\/hkcablemachine.com\/vi\/wp-json\/wp\/v2\/media?parent=2457"}],"curies":[{"name":"wp","href":"https:\/\/api.w.org\/{rel}","templated":true}]}}