{"id":9729,"date":"2023-02-22T15:23:21","date_gmt":"2023-02-22T07:23:21","guid":{"rendered":"https:\/\/hkcablemachine.com\/?post_type=product&#038;p=9729"},"modified":"2025-09-01T15:44:01","modified_gmt":"2025-09-01T07:44:01","slug":"wire-drawing-annealing-tinning-machine","status":"publish","type":"product","link":"https:\/\/hkcablemachine.com\/pt\/wire-drawing-annealing-tinning-machine\/","title":{"rendered":"M\u00e1quina de trefilaria, recozimento e estanhagem"},"content":{"rendered":"<table style=\"font-weight: 400;\">\n<tbody>\n<tr>\n<td width=\"60\">N\u00e3o.<\/td>\n<td width=\"313\"><strong>Unid<\/strong><\/td>\n<td width=\"373\"><strong>Recursos<\/strong><\/td>\n<\/tr>\n<tr>\n<td width=\"60\">1<\/td>\n<td width=\"313\">Faixa de tamanho de fio de recozimento<\/td>\n<td width=\"373\">0,07 a 0,3 mm<\/td>\n<\/tr>\n<tr>\n<td width=\"60\">2<\/td>\n<td width=\"313\">N\u00famero de fios processados<\/td>\n<td width=\"373\">40<\/td>\n<\/tr>\n<tr>\n<td width=\"60\">3<\/td>\n<td width=\"313\">Velocidade m\u00e1xima do fio<\/td>\n<td width=\"373\">300 M\/min<\/td>\n<\/tr>\n<tr>\n<td width=\"60\">4<\/td>\n<td width=\"313\">Pague o di\u00e2metro da bobina<\/td>\n<td width=\"373\">300 mm<\/td>\n<\/tr>\n<tr>\n<td width=\"60\">5<\/td>\n<td width=\"313\">Pagar o molde<\/td>\n<td width=\"373\">Curl flyer ou tens\u00e3o constante<\/td>\n<\/tr>\n<tr>\n<td width=\"60\">6<\/td>\n<td width=\"313\">Amolecer o mofo<\/td>\n<td width=\"373\">Amolecimento cont\u00ednuo por aquecimento el\u00e9trico<\/td>\n<\/tr>\n<tr>\n<td width=\"60\">7<\/td>\n<td width=\"313\">Pegue a bobina<\/td>\n<td width=\"373\">PT10-PT25<\/td>\n<\/tr>\n<tr>\n<td width=\"60\">8<\/td>\n<td width=\"313\">Pot\u00eancia de movimento<\/td>\n<td width=\"373\">14 kW<\/td>\n<\/tr>\n<tr>\n<td width=\"60\">9<\/td>\n<td width=\"313\">Poder de aquecimento<\/td>\n<td width=\"373\">35 kW<\/td>\n<\/tr>\n<tr>\n<td width=\"60\">10<\/td>\n<td width=\"313\">Unidade de travessia<\/td>\n<td width=\"373\">Deslocamento de engrenagem de bloco de fundi\u00e7\u00e3o<\/td>\n<\/tr>\n<tr>\n<td width=\"60\">11<\/td>\n<td width=\"313\">Dimens\u00e3o (mm) C\u00d7L\u00d7A<\/td>\n<td width=\"373\">20000\u00d71600\u00d72200<\/td>\n<\/tr>\n<tr>\n<td width=\"60\">12<\/td>\n<td width=\"313\">Peso l\u00edquido da m\u00e1quina<\/td>\n<td width=\"373\">Cerca de 4500 kg<\/td>\n<\/tr>\n<\/tbody>\n<\/table>\n<h3>Layout da m\u00e1quina:<\/h3>\n<p><a href=\"https:\/\/hkcablemachine.com\/wp-content\/uploads\/2023\/02\/Layout-of-Wire-Drawing-Machine-Annealing-and-Tinning-Machine.webp\"><img fetchpriority=\"high\" decoding=\"async\" class=\"size-full wp-image-9732\" src=\"https:\/\/hkcablemachine.com\/wp-content\/uploads\/2023\/02\/Layout-of-Wire-Drawing-Machine-Annealing-and-Tinning-Machine.webp\" alt=\"m\u00e1quina de trefila\u00e7\u00e3o, recozimento e estanhagem\" width=\"1500\" height=\"210\" title=\"\" srcset=\"https:\/\/hkcablemachine.com\/wp-content\/uploads\/2023\/02\/Layout-of-Wire-Drawing-Machine-Annealing-and-Tinning-Machine.webp 1500w, https:\/\/hkcablemachine.com\/wp-content\/uploads\/2023\/02\/Layout-of-Wire-Drawing-Machine-Annealing-and-Tinning-Machine-18x3.webp 18w, https:\/\/hkcablemachine.com\/wp-content\/uploads\/2023\/02\/Layout-of-Wire-Drawing-Machine-Annealing-and-Tinning-Machine-768x108.webp 768w, https:\/\/hkcablemachine.com\/wp-content\/uploads\/2023\/02\/Layout-of-Wire-Drawing-Machine-Annealing-and-Tinning-Machine-1024x143.webp 1024w, https:\/\/hkcablemachine.com\/wp-content\/uploads\/2023\/02\/Layout-of-Wire-Drawing-Machine-Annealing-and-Tinning-Machine-700x98.webp 700w\" sizes=\"(max-width: 1500px) 100vw, 1500px\" \/><\/a><\/p>","protected":false},"excerpt":{"rendered":"<p>O que \u00e9 uma m\u00e1quina de recozimento e estanhagem de trefila\u00e7\u00e3o?<\/p>\n<p><strong>M\u00e1quina de trefila\u00e7\u00e3o, recozimento e estanhagem<\/strong> s\u00e3o pe\u00e7as especializadas de m\u00e1quinas industriais usadas para trefilar fios, como fios de a\u00e7o ou cobre, por meio de um processo chamado recozimento. Durante esse processo, o metal \u00e9 aquecido at\u00e9 atingir seu ponto de amolecimento, permitindo que seja trefilado por uma matriz para reduzir seu di\u00e2metro.<\/p>","protected":false},"featured_media":9734,"template":"","meta":{"site-sidebar-layout":"default","site-content-layout":"default","ast-site-content-layout":"default","site-content-style":"default","site-sidebar-style":"default","ast-global-header-display":"","ast-banner-title-visibility":"","ast-main-header-display":"","ast-hfb-above-header-display":"","ast-hfb-below-header-display":"","ast-hfb-mobile-header-display":"","site-post-title":"","ast-breadcrumbs-content":"","ast-featured-img":"","footer-sml-layout":"","ast-disable-related-posts":"","theme-transparent-header-meta":"default","adv-header-id-meta":"","stick-header-meta":"","header-above-stick-meta":"","header-main-stick-meta":"","header-below-stick-meta":"","astra-migrate-meta-layouts":"set","ast-page-background-enabled":"default","ast-page-background-meta":{"desktop":{"background-color":"","background-image":"","background-repeat":"repeat","background-position":"center center","background-size":"auto","background-attachment":"scroll","background-type":"","background-media":"","overlay-type":"","overlay-color":"","overlay-opacity":"","overlay-gradient":""},"tablet":{"background-color":"","background-image":"","background-repeat":"repeat","background-position":"center center","background-size":"auto","background-attachment":"scroll","background-type":"","background-media":"","overlay-type":"","overlay-color":"","overlay-opacity":"","overlay-gradient":""},"mobile":{"background-color":"","background-image":"","background-repeat":"repeat","background-position":"center center","background-size":"auto","background-attachment":"scroll","background-type":"","background-media":"","overlay-type":"","overlay-color":"","overlay-opacity":"","overlay-gradient":""}},"ast-content-background-meta":{"desktop":{"background-color":"var(--ast-global-color-5)","background-image":"","background-repeat":"repeat","background-position":"center center","background-size":"auto","background-attachment":"scroll","background-type":"","background-media":"","overlay-type":"","overlay-color":"","overlay-opacity":"","overlay-gradient":""},"tablet":{"background-color":"var(--ast-global-color-5)","background-image":"","background-repeat":"repeat","background-position":"center center","background-size":"auto","background-attachment":"scroll","background-type":"","background-media":"","overlay-type":"","overlay-color":"","overlay-opacity":"","overlay-gradient":""},"mobile":{"background-color":"var(--ast-global-color-5)","background-image":"","background-repeat":"repeat","background-position":"center center","background-size":"auto","background-attachment":"scroll","background-type":"","background-media":"","overlay-type":"","overlay-color":"","overlay-opacity":"","overlay-gradient":""}}},"product_brand":[],"product_cat":[885],"product_tag":[],"class_list":{"0":"post-9729","1":"product","2":"type-product","3":"status-publish","4":"has-post-thumbnail","6":"product_cat-wire-drawing-machine","7":"desktop-align-left","8":"tablet-align-left","9":"mobile-align-left","11":"first","12":"instock","13":"shipping-taxable","14":"product-type-simple"},"_links":{"self":[{"href":"https:\/\/hkcablemachine.com\/pt\/wp-json\/wp\/v2\/product\/9729","targetHints":{"allow":["GET"]}}],"collection":[{"href":"https:\/\/hkcablemachine.com\/pt\/wp-json\/wp\/v2\/product"}],"about":[{"href":"https:\/\/hkcablemachine.com\/pt\/wp-json\/wp\/v2\/types\/product"}],"wp:featuredmedia":[{"embeddable":true,"href":"https:\/\/hkcablemachine.com\/pt\/wp-json\/wp\/v2\/media\/9734"}],"wp:attachment":[{"href":"https:\/\/hkcablemachine.com\/pt\/wp-json\/wp\/v2\/media?parent=9729"}],"wp:term":[{"taxonomy":"product_brand","embeddable":true,"href":"https:\/\/hkcablemachine.com\/pt\/wp-json\/wp\/v2\/product_brand?post=9729"},{"taxonomy":"product_cat","embeddable":true,"href":"https:\/\/hkcablemachine.com\/pt\/wp-json\/wp\/v2\/product_cat?post=9729"},{"taxonomy":"product_tag","embeddable":true,"href":"https:\/\/hkcablemachine.com\/pt\/wp-json\/wp\/v2\/product_tag?post=9729"}],"curies":[{"name":"wp","href":"https:\/\/api.w.org\/{rel}","templated":true}]}}