{"id":9716,"date":"2023-02-20T16:01:21","date_gmt":"2023-02-20T08:01:21","guid":{"rendered":"https:\/\/hkcablemachine.com\/?post_type=product&#038;p=9716"},"modified":"2025-09-01T15:49:38","modified_gmt":"2025-09-01T07:49:38","slug":"intermediate-wire-drawing-machine-for-copper-rod","status":"publish","type":"product","link":"https:\/\/hkcablemachine.com\/pt\/intermediate-wire-drawing-machine-for-copper-rod\/","title":{"rendered":"M\u00e1quina de trefila\u00e7\u00e3o de fio intermedi\u00e1rio para haste de cobre"},"content":{"rendered":"<table style=\"font-weight: 400;\">\n<tbody>\n<tr>\n<td width=\"60\">N\u00e3o.<\/td>\n<td width=\"313\"><strong>Unid<\/strong><\/td>\n<td width=\"373\"><strong>Recursos<\/strong><\/td>\n<\/tr>\n<tr>\n<td width=\"60\">1<\/td>\n<td width=\"313\">Controle de pot\u00eancia<\/td>\n<td width=\"373\">Inversor duplo<\/td>\n<\/tr>\n<tr>\n<td width=\"60\">2<\/td>\n<td width=\"313\">Di\u00e2metro de entrada do fio<\/td>\n<td width=\"373\">2,6 a 3,0 mm<\/td>\n<\/tr>\n<tr>\n<td width=\"60\">3<\/td>\n<td width=\"313\">Di\u00e2metro da sa\u00edda do fio<\/td>\n<td width=\"373\">0,4 a 1,2 mm<\/td>\n<\/tr>\n<tr>\n<td width=\"60\">4<\/td>\n<td width=\"313\">N\u00famero de matrizes<\/td>\n<td width=\"373\">21<\/td>\n<\/tr>\n<tr>\n<td width=\"60\">5<\/td>\n<td width=\"313\">Consumo de energia<\/td>\n<td width=\"373\">CA 60-120 kW<\/td>\n<\/tr>\n<tr>\n<td width=\"60\">6<\/td>\n<td width=\"313\">Velocidade de produ\u00e7\u00e3o<\/td>\n<td width=\"373\">M\u00e1x. 1800 M\/Min<\/td>\n<\/tr>\n<tr>\n<td width=\"60\">7<\/td>\n<td width=\"313\">Tens\u00e3o<\/td>\n<td width=\"373\">380V, pode ser personalizado<\/td>\n<\/tr>\n<tr>\n<td width=\"60\">8<\/td>\n<td width=\"313\">Peso<\/td>\n<td width=\"373\">7000 kg<\/td>\n<\/tr>\n<tr>\n<td width=\"60\">9<\/td>\n<td width=\"313\">Medidas (C*L*A)<\/td>\n<td width=\"373\">10*3*3,5 metros<\/td>\n<\/tr>\n<\/tbody>\n<\/table>\n<h3>Layout da m\u00e1quina:<\/h3>\n<figure id=\"attachment_9719\" aria-describedby=\"caption-attachment-9719\" style=\"width: 755px\" class=\"wp-caption aligncenter\"><a href=\"https:\/\/hkcablemachine.com\/wp-content\/uploads\/2023\/02\/Intermediate-Wire-Drawing-Machine-For-Copper-Rods-layout.webp\"><img fetchpriority=\"high\" decoding=\"async\" class=\"wp-image-9719\" src=\"https:\/\/hkcablemachine.com\/wp-content\/uploads\/2023\/02\/Intermediate-Wire-Drawing-Machine-For-Copper-Rods-layout.webp\" alt=\"m\u00e1quina de trefila\u00e7\u00e3o intermedi\u00e1ria para barras de cobre\" width=\"755\" height=\"477\" title=\"\" srcset=\"https:\/\/hkcablemachine.com\/wp-content\/uploads\/2023\/02\/Intermediate-Wire-Drawing-Machine-For-Copper-Rods-layout.webp 1138w, https:\/\/hkcablemachine.com\/wp-content\/uploads\/2023\/02\/Intermediate-Wire-Drawing-Machine-For-Copper-Rods-layout-18x12.webp 18w, https:\/\/hkcablemachine.com\/wp-content\/uploads\/2023\/02\/Intermediate-Wire-Drawing-Machine-For-Copper-Rods-layout-768x485.webp 768w, https:\/\/hkcablemachine.com\/wp-content\/uploads\/2023\/02\/Intermediate-Wire-Drawing-Machine-For-Copper-Rods-layout-1024x647.webp 1024w, https:\/\/hkcablemachine.com\/wp-content\/uploads\/2023\/02\/Intermediate-Wire-Drawing-Machine-For-Copper-Rods-layout-700x442.webp 700w\" sizes=\"(max-width: 755px) 100vw, 755px\" \/><\/a><figcaption id=\"caption-attachment-9719\" class=\"wp-caption-text\">m\u00e1quina de trefila\u00e7\u00e3o intermedi\u00e1ria para barras de cobre<\/figcaption><\/figure>","protected":false},"excerpt":{"rendered":"<h3>O que \u00e9 m\u00e1quina de trefila\u00e7\u00e3o intermedi\u00e1ria para barras de cobre?<\/h3>\n<p>Trabalhar com barras de cobre pode ser tedioso, mas a Trefiladeira de Fios certa torna todo o processo muito mais f\u00e1cil. Para quem trabalha em tarefas intermedi\u00e1rias, as Trefiladeiras de Fios s\u00e3o essenciais. Elas n\u00e3o s\u00f3 aceleram a tarefa como um raio, como tamb\u00e9m podem trefilar barras de tamanhos espec\u00edficos com precis\u00e3o nos m\u00ednimos detalhes. Trabalhar com Trefiladeiras de Fios s\u00f3 mostra que tamanho n\u00e3o \u00e9 tudo; essas pequenas, por\u00e9m poderosas, ajudantes tornar\u00e3o seu trabalho mais f\u00e1cil, r\u00e1pido e melhor.<\/p>","protected":false},"featured_media":9749,"template":"","meta":{"site-sidebar-layout":"default","site-content-layout":"default","ast-site-content-layout":"default","site-content-style":"default","site-sidebar-style":"default","ast-global-header-display":"","ast-banner-title-visibility":"","ast-main-header-display":"","ast-hfb-above-header-display":"","ast-hfb-below-header-display":"","ast-hfb-mobile-header-display":"","site-post-title":"","ast-breadcrumbs-content":"","ast-featured-img":"","footer-sml-layout":"","ast-disable-related-posts":"","theme-transparent-header-meta":"default","adv-header-id-meta":"","stick-header-meta":"","header-above-stick-meta":"","header-main-stick-meta":"","header-below-stick-meta":"","astra-migrate-meta-layouts":"set","ast-page-background-enabled":"default","ast-page-background-meta":{"desktop":{"background-color":"","background-image":"","background-repeat":"repeat","background-position":"center center","background-size":"auto","background-attachment":"scroll","background-type":"","background-media":"","overlay-type":"","overlay-color":"","overlay-opacity":"","overlay-gradient":""},"tablet":{"background-color":"","background-image":"","background-repeat":"repeat","background-position":"center center","background-size":"auto","background-attachment":"scroll","background-type":"","background-media":"","overlay-type":"","overlay-color":"","overlay-opacity":"","overlay-gradient":""},"mobile":{"background-color":"","background-image":"","background-repeat":"repeat","background-position":"center center","background-size":"auto","background-attachment":"scroll","background-type":"","background-media":"","overlay-type":"","overlay-color":"","overlay-opacity":"","overlay-gradient":""}},"ast-content-background-meta":{"desktop":{"background-color":"var(--ast-global-color-5)","background-image":"","background-repeat":"repeat","background-position":"center center","background-size":"auto","background-attachment":"scroll","background-type":"","background-media":"","overlay-type":"","overlay-color":"","overlay-opacity":"","overlay-gradient":""},"tablet":{"background-color":"var(--ast-global-color-5)","background-image":"","background-repeat":"repeat","background-position":"center center","background-size":"auto","background-attachment":"scroll","background-type":"","background-media":"","overlay-type":"","overlay-color":"","overlay-opacity":"","overlay-gradient":""},"mobile":{"background-color":"var(--ast-global-color-5)","background-image":"","background-repeat":"repeat","background-position":"center center","background-size":"auto","background-attachment":"scroll","background-type":"","background-media":"","overlay-type":"","overlay-color":"","overlay-opacity":"","overlay-gradient":""}}},"product_brand":[],"product_cat":[885],"product_tag":[],"class_list":{"0":"post-9716","1":"product","2":"type-product","3":"status-publish","4":"has-post-thumbnail","6":"product_cat-wire-drawing-machine","7":"desktop-align-left","8":"tablet-align-left","9":"mobile-align-left","11":"first","12":"instock","13":"shipping-taxable","14":"product-type-simple"},"_links":{"self":[{"href":"https:\/\/hkcablemachine.com\/pt\/wp-json\/wp\/v2\/product\/9716","targetHints":{"allow":["GET"]}}],"collection":[{"href":"https:\/\/hkcablemachine.com\/pt\/wp-json\/wp\/v2\/product"}],"about":[{"href":"https:\/\/hkcablemachine.com\/pt\/wp-json\/wp\/v2\/types\/product"}],"wp:featuredmedia":[{"embeddable":true,"href":"https:\/\/hkcablemachine.com\/pt\/wp-json\/wp\/v2\/media\/9749"}],"wp:attachment":[{"href":"https:\/\/hkcablemachine.com\/pt\/wp-json\/wp\/v2\/media?parent=9716"}],"wp:term":[{"taxonomy":"product_brand","embeddable":true,"href":"https:\/\/hkcablemachine.com\/pt\/wp-json\/wp\/v2\/product_brand?post=9716"},{"taxonomy":"product_cat","embeddable":true,"href":"https:\/\/hkcablemachine.com\/pt\/wp-json\/wp\/v2\/product_cat?post=9716"},{"taxonomy":"product_tag","embeddable":true,"href":"https:\/\/hkcablemachine.com\/pt\/wp-json\/wp\/v2\/product_tag?post=9716"}],"curies":[{"name":"wp","href":"https:\/\/api.w.org\/{rel}","templated":true}]}}