{"id":9704,"date":"2023-02-20T15:51:43","date_gmt":"2023-02-20T07:51:43","guid":{"rendered":"https:\/\/hkcablemachine.com\/?post_type=product&#038;p=9704"},"modified":"2025-09-01T15:57:53","modified_gmt":"2025-09-01T07:57:53","slug":"intermediate-large-wire-drawing-machine-with-annealer","status":"publish","type":"product","link":"https:\/\/hkcablemachine.com\/pt\/intermediate-large-wire-drawing-machine-with-annealer\/","title":{"rendered":"Trefiladora de fio intermedi\u00e1rio\/grande com recozedor"},"content":{"rendered":"<h3><strong>Caracter\u00edsticas <\/strong><strong>de\u00a0<\/strong><strong>Trefiladora de fio intermedi\u00e1rio\/grande com recozedor<\/strong><\/h3>\n<p>&nbsp;<\/p>\n<p>1. Acionamento e controle por inversor duplo trif\u00e1sico CA.<\/p>\n<p>2. Recozimento CC do tipo contato horizontal.<\/p>\n<p>3. Carret\u00e9is duplos trocados automaticamente sem parar, o mesmo alongamento dos fios do in\u00edcio ao fim.<\/p>\n<p>4. Alta produtividade e baixo consumo de energia.<\/p>\n<p>5. Engrenagem de alta precis\u00e3o com baixo ru\u00eddo.<\/p>\n<p>6. Pe\u00e7as e componentes avan\u00e7ados importados amplamente utilizados para garantir alta confiabilidade.<\/p>\n<figure style=\"width: 339px\" class=\"wp-caption aligncenter\"><img fetchpriority=\"high\" decoding=\"async\" src=\"https:\/\/dedjh0j7jhutx.cloudfront.net\/1627260068242169856%2Ffc22b33cb395a3f459fbe389df44fd93.webp\" alt=\"Trefiladora de fio intermedi\u00e1rio\/grande com recozedor\" width=\"339\" height=\"339\" title=\"\"><figcaption class=\"wp-caption-text\">Trefiladora de fio intermedi\u00e1rio\/grande com recozedor<\/figcaption><\/figure>\n<p>&nbsp;<\/p>\n<h3><strong>Par\u00e2metros Gerais<\/strong><strong>\u00a0de\u00a0<\/strong><strong>Trefiladora de fio intermedi\u00e1rio\/grande com recozedor<\/strong><\/h3>\n<p>&nbsp;<\/p>\n<table border=\"1\" cellspacing=\"0\">\n<tbody>\n<tr>\n<td valign=\"top\" width=\"48\">N\u00e3o.<\/td>\n<td valign=\"top\" width=\"250\">Unid<\/td>\n<td valign=\"top\" width=\"298\">Recursos<\/td>\n<\/tr>\n<tr>\n<td valign=\"top\" width=\"48\">1<\/td>\n<td valign=\"bottom\" width=\"250\">Sistema de controle<\/td>\n<td valign=\"center\" width=\"298\">\n<p align=\"justify\">Controle digital<\/p>\n<\/td>\n<\/tr>\n<tr>\n<td valign=\"top\" width=\"48\">2<\/td>\n<td valign=\"bottom\" width=\"250\">Di\u00e2metro de entrada do fio<\/td>\n<td valign=\"bottom\" width=\"298\">2,6 a 3,5 mm<\/td>\n<\/tr>\n<tr>\n<td valign=\"top\" width=\"48\">3<\/td>\n<td valign=\"bottom\" width=\"250\">Di\u00e2metro da sa\u00edda do fio<\/td>\n<td valign=\"bottom\" width=\"298\">1,0 a 2,76 mm<\/td>\n<\/tr>\n<tr>\n<td valign=\"top\" width=\"48\">4<\/td>\n<td valign=\"bottom\" width=\"250\">N\u00famero de matrizes<\/td>\n<td valign=\"bottom\" width=\"298\">9<\/td>\n<\/tr>\n<tr>\n<td valign=\"top\" width=\"48\">5<\/td>\n<td valign=\"bottom\" width=\"250\">Consumo de energia<\/td>\n<td valign=\"bottom\" width=\"298\">CA 210 kW<\/td>\n<\/tr>\n<tr>\n<td valign=\"top\" width=\"48\">6<\/td>\n<td valign=\"top\" width=\"250\">Velocidade de produ\u00e7\u00e3o<\/td>\n<td valign=\"top\" width=\"298\">M\u00e1x. 1200 M\/Min<\/td>\n<\/tr>\n<tr>\n<td valign=\"top\" width=\"48\">7<\/td>\n<td valign=\"top\" width=\"250\"><a>Tens\u00e3o<\/a><\/td>\n<td valign=\"top\" width=\"298\">380V, pode ser personalizado<\/td>\n<\/tr>\n<tr>\n<td valign=\"top\" width=\"48\">8<\/td>\n<td valign=\"top\" width=\"250\">Peso<\/td>\n<td valign=\"top\" width=\"298\">15000 kg<\/td>\n<\/tr>\n<tr>\n<td valign=\"top\" width=\"48\">9<\/td>\n<td valign=\"top\" width=\"250\">Medidas (C*L*A)<\/td>\n<td valign=\"top\" width=\"298\">15*5*3 metros<\/td>\n<\/tr>\n<\/tbody>\n<\/table>\n<p>&nbsp;<\/p>\n<p>&nbsp;<\/p>\n<h3><b>Layout da m\u00e1quina\u00a0<\/b><\/h3>\n<figure style=\"width: 856px\" class=\"wp-caption aligncenter\"><img decoding=\"async\" src=\"https:\/\/dedjh0j7jhutx.cloudfront.net\/1627260068242169856%2F6e18fd9449ba11d5e38dd648f8f48fd9.bmp\" alt=\"M\u00e1quina de trefila\u00e7\u00e3o de arame intermedi\u00e1ria\/grande com layout de recozimento\" width=\"856\" height=\"444\" title=\"\"><figcaption class=\"wp-caption-text\">M\u00e1quina de trefila\u00e7\u00e3o de arame intermedi\u00e1ria\/grande com layout de recozimento<\/figcaption><\/figure>","protected":false},"excerpt":{"rendered":"<h3>O que \u00e9 uma m\u00e1quina de trefila\u00e7\u00e3o intermedi\u00e1ria\/grande com um recozimento?<\/h3>\n<p>Uma Trefiladeira Intermedi\u00e1ria\/Grande com Recozedor \u00e9 uma m\u00e1quina usada para produzir produtos de arame de alta qualidade. O Recozedor serve para aquecer o arame recebido sob temperaturas controladas, o que permite que ele seja moldado e trefilado em fios de v\u00e1rios tamanhos. Esse processo produz fios met\u00e1licos com formato e tamanho uniformes, tornando-os ideais para diversas aplica\u00e7\u00f5es industriais e el\u00e9tricas.<\/p>","protected":false},"featured_media":9714,"template":"","meta":{"site-sidebar-layout":"default","site-content-layout":"default","ast-site-content-layout":"default","site-content-style":"default","site-sidebar-style":"default","ast-global-header-display":"","ast-banner-title-visibility":"","ast-main-header-display":"","ast-hfb-above-header-display":"","ast-hfb-below-header-display":"","ast-hfb-mobile-header-display":"","site-post-title":"","ast-breadcrumbs-content":"","ast-featured-img":"","footer-sml-layout":"","ast-disable-related-posts":"","theme-transparent-header-meta":"default","adv-header-id-meta":"","stick-header-meta":"","header-above-stick-meta":"","header-main-stick-meta":"","header-below-stick-meta":"","astra-migrate-meta-layouts":"set","ast-page-background-enabled":"default","ast-page-background-meta":{"desktop":{"background-color":"","background-image":"","background-repeat":"repeat","background-position":"center center","background-size":"auto","background-attachment":"scroll","background-type":"","background-media":"","overlay-type":"","overlay-color":"","overlay-opacity":"","overlay-gradient":""},"tablet":{"background-color":"","background-image":"","background-repeat":"repeat","background-position":"center center","background-size":"auto","background-attachment":"scroll","background-type":"","background-media":"","overlay-type":"","overlay-color":"","overlay-opacity":"","overlay-gradient":""},"mobile":{"background-color":"","background-image":"","background-repeat":"repeat","background-position":"center center","background-size":"auto","background-attachment":"scroll","background-type":"","background-media":"","overlay-type":"","overlay-color":"","overlay-opacity":"","overlay-gradient":""}},"ast-content-background-meta":{"desktop":{"background-color":"var(--ast-global-color-5)","background-image":"","background-repeat":"repeat","background-position":"center center","background-size":"auto","background-attachment":"scroll","background-type":"","background-media":"","overlay-type":"","overlay-color":"","overlay-opacity":"","overlay-gradient":""},"tablet":{"background-color":"var(--ast-global-color-5)","background-image":"","background-repeat":"repeat","background-position":"center center","background-size":"auto","background-attachment":"scroll","background-type":"","background-media":"","overlay-type":"","overlay-color":"","overlay-opacity":"","overlay-gradient":""},"mobile":{"background-color":"var(--ast-global-color-5)","background-image":"","background-repeat":"repeat","background-position":"center center","background-size":"auto","background-attachment":"scroll","background-type":"","background-media":"","overlay-type":"","overlay-color":"","overlay-opacity":"","overlay-gradient":""}}},"product_brand":[],"product_cat":[885],"product_tag":[],"class_list":{"0":"post-9704","1":"product","2":"type-product","3":"status-publish","4":"has-post-thumbnail","6":"product_cat-wire-drawing-machine","7":"desktop-align-left","8":"tablet-align-left","9":"mobile-align-left","11":"first","12":"instock","13":"shipping-taxable","14":"product-type-simple"},"_links":{"self":[{"href":"https:\/\/hkcablemachine.com\/pt\/wp-json\/wp\/v2\/product\/9704","targetHints":{"allow":["GET"]}}],"collection":[{"href":"https:\/\/hkcablemachine.com\/pt\/wp-json\/wp\/v2\/product"}],"about":[{"href":"https:\/\/hkcablemachine.com\/pt\/wp-json\/wp\/v2\/types\/product"}],"wp:featuredmedia":[{"embeddable":true,"href":"https:\/\/hkcablemachine.com\/pt\/wp-json\/wp\/v2\/media\/9714"}],"wp:attachment":[{"href":"https:\/\/hkcablemachine.com\/pt\/wp-json\/wp\/v2\/media?parent=9704"}],"wp:term":[{"taxonomy":"product_brand","embeddable":true,"href":"https:\/\/hkcablemachine.com\/pt\/wp-json\/wp\/v2\/product_brand?post=9704"},{"taxonomy":"product_cat","embeddable":true,"href":"https:\/\/hkcablemachine.com\/pt\/wp-json\/wp\/v2\/product_cat?post=9704"},{"taxonomy":"product_tag","embeddable":true,"href":"https:\/\/hkcablemachine.com\/pt\/wp-json\/wp\/v2\/product_tag?post=9704"}],"curies":[{"name":"wp","href":"https:\/\/api.w.org\/{rel}","templated":true}]}}