{"id":9697,"date":"2023-02-20T15:03:35","date_gmt":"2023-02-20T07:03:35","guid":{"rendered":"https:\/\/hkcablemachine.com\/?post_type=product&#038;p=9697"},"modified":"2025-09-01T16:00:40","modified_gmt":"2025-09-01T08:00:40","slug":"small-wire-drawing-machine","status":"publish","type":"product","link":"https:\/\/hkcablemachine.com\/pt\/small-wire-drawing-machine\/","title":{"rendered":"M\u00e1quina trefiladora pequena"},"content":{"rendered":"<table style=\"font-weight: 400; height: 708px;\" width=\"1328\">\n<tbody>\n<tr>\n<td width=\"322\">Fio de entrada<\/td>\n<td width=\"322\">\u03a63,0 \u2014 2,0 mm<\/td>\n<\/tr>\n<tr>\n<td width=\"322\">Fio de sa\u00edda<\/td>\n<td width=\"322\">\u03a60,47 mm<\/td>\n<\/tr>\n<tr>\n<td width=\"322\">Velocidade de produ\u00e7\u00e3o<\/td>\n<td width=\"322\">m\u00e1x. 2500 m\/min<\/td>\n<\/tr>\n<tr>\n<td width=\"322\">N\u00famero de matrizes<\/td>\n<td width=\"322\">22 (fornecido pelo comprador)<\/td>\n<\/tr>\n<tr>\n<td width=\"322\">O di\u00e2metro externo das matrizes<\/td>\n<td width=\"322\">\u03a625mm \u00d7 8 \u2013 12mm (espessura)<\/td>\n<\/tr>\n<tr>\n<td width=\"322\">Alongamento mec\u00e2nico<\/td>\n<td width=\"322\">Pelos dados do 1<sup>rua<\/sup>\u00a0at\u00e9 23<sup>rd<\/sup>, 15%, At\u00e9 o 24<sup>\u00ba<\/sup>\u00a0morrer, 8.7%<\/td>\n<\/tr>\n<tr>\n<td width=\"322\">Motor principal<\/td>\n<td width=\"322\">Motor CA de 11 kW-4P e inversor de frequ\u00eancia de 11 kW<\/td>\n<\/tr>\n<tr>\n<td width=\"322\">Motor de recolhimento<\/td>\n<td width=\"322\">Motor CA 4KW-4P e inversor de frequ\u00eancia de 4kW<\/td>\n<\/tr>\n<tr>\n<td width=\"322\">Controle de absor\u00e7\u00e3o<\/td>\n<td width=\"322\">Barra de tens\u00e3o tipo peso, modifica\u00e7\u00e3o autom\u00e1tica e controle da tens\u00e3o de recolhimento<\/td>\n<\/tr>\n<tr>\n<td width=\"322\">Volume de absor\u00e7\u00e3o<\/td>\n<td width=\"322\">50 kg, m\u00e1x.<\/td>\n<\/tr>\n<tr>\n<td width=\"322\">Carretel de recolhimento<\/td>\n<td width=\"322\">\u03a6300mm, m\u00e1x.<\/td>\n<\/tr>\n<tr>\n<td width=\"322\">Freio<\/td>\n<td width=\"322\">Freio magn\u00e9tico de 20 kg-m<\/td>\n<\/tr>\n<tr>\n<td width=\"322\">Consumo de energia<\/td>\n<td width=\"322\">5 \u2013 15 kW<\/td>\n<\/tr>\n<tr>\n<td width=\"322\">Dimens\u00f5es da m\u00e1quina<\/td>\n<td width=\"322\">2100L \u00d71600L \u00d72000A (mm)<\/td>\n<\/tr>\n<tr>\n<td width=\"322\">Peso da m\u00e1quina<\/td>\n<td width=\"322\">2000 kg<\/td>\n<\/tr>\n<\/tbody>\n<\/table>\n<h3>Layout da m\u00e1quina:<\/h3>\n<figure id=\"attachment_9702\" aria-describedby=\"caption-attachment-9702\" style=\"width: 796px\" class=\"wp-caption aligncenter\"><a href=\"https:\/\/hkcablemachine.com\/wp-content\/uploads\/2023\/02\/Small-Wire-Drawing-Machines-layout.jpg\"><img fetchpriority=\"high\" decoding=\"async\" class=\"wp-image-9702\" src=\"https:\/\/hkcablemachine.com\/wp-content\/uploads\/2023\/02\/Small-Wire-Drawing-Machines-layout.jpg\" alt=\"pequena m\u00e1quina de trefila\u00e7\u00e3o\" width=\"796\" height=\"383\" title=\"\" srcset=\"https:\/\/hkcablemachine.com\/wp-content\/uploads\/2023\/02\/Small-Wire-Drawing-Machines-layout.jpg 1264w, https:\/\/hkcablemachine.com\/wp-content\/uploads\/2023\/02\/Small-Wire-Drawing-Machines-layout-18x9.jpg 18w, https:\/\/hkcablemachine.com\/wp-content\/uploads\/2023\/02\/Small-Wire-Drawing-Machines-layout-768x369.jpg 768w, https:\/\/hkcablemachine.com\/wp-content\/uploads\/2023\/02\/Small-Wire-Drawing-Machines-layout-1024x493.jpg 1024w, https:\/\/hkcablemachine.com\/wp-content\/uploads\/2023\/02\/Small-Wire-Drawing-Machines-layout-700x337.jpg 700w\" sizes=\"(max-width: 796px) 100vw, 796px\" \/><\/a><figcaption id=\"caption-attachment-9702\" class=\"wp-caption-text\">pequena m\u00e1quina de trefila\u00e7\u00e3o<\/figcaption><\/figure>","protected":false},"excerpt":{"rendered":"<h3>Para que serve a m\u00e1quina de trefila\u00e7\u00e3o?<\/h3>\n<p>Voc\u00ea j\u00e1 olhou para um fio e se perguntou como ele \u00e9 criado? Uma m\u00e1quina de trefila\u00e7\u00e3o \u00e9 a resposta. Esta m\u00e1quina fant\u00e1stica \u00e9 respons\u00e1vel por trefilar o fio para criar seu formato longo e fino. N\u00e3o \u00e9 apenas arame que esta tecnologia \u00fanica pode produzir \u2013 voc\u00ea pode us\u00e1-la para fazer cabides de arame, clipes de papel, alfinetes, parafusos e qualquer outra coisa com formato de arame! Ent\u00e3o, da pr\u00f3xima vez que sua mosca se mover de maneiras misteriosas, lembre-se de que uma m\u00e1quina de trefila\u00e7\u00e3o provavelmente a fez.<\/p>","protected":false},"featured_media":9698,"template":"","meta":{"site-sidebar-layout":"default","site-content-layout":"default","ast-site-content-layout":"default","site-content-style":"default","site-sidebar-style":"default","ast-global-header-display":"","ast-banner-title-visibility":"","ast-main-header-display":"","ast-hfb-above-header-display":"","ast-hfb-below-header-display":"","ast-hfb-mobile-header-display":"","site-post-title":"","ast-breadcrumbs-content":"","ast-featured-img":"","footer-sml-layout":"","ast-disable-related-posts":"","theme-transparent-header-meta":"default","adv-header-id-meta":"","stick-header-meta":"","header-above-stick-meta":"","header-main-stick-meta":"","header-below-stick-meta":"","astra-migrate-meta-layouts":"set","ast-page-background-enabled":"default","ast-page-background-meta":{"desktop":{"background-color":"","background-image":"","background-repeat":"repeat","background-position":"center center","background-size":"auto","background-attachment":"scroll","background-type":"","background-media":"","overlay-type":"","overlay-color":"","overlay-opacity":"","overlay-gradient":""},"tablet":{"background-color":"","background-image":"","background-repeat":"repeat","background-position":"center center","background-size":"auto","background-attachment":"scroll","background-type":"","background-media":"","overlay-type":"","overlay-color":"","overlay-opacity":"","overlay-gradient":""},"mobile":{"background-color":"","background-image":"","background-repeat":"repeat","background-position":"center center","background-size":"auto","background-attachment":"scroll","background-type":"","background-media":"","overlay-type":"","overlay-color":"","overlay-opacity":"","overlay-gradient":""}},"ast-content-background-meta":{"desktop":{"background-color":"var(--ast-global-color-5)","background-image":"","background-repeat":"repeat","background-position":"center center","background-size":"auto","background-attachment":"scroll","background-type":"","background-media":"","overlay-type":"","overlay-color":"","overlay-opacity":"","overlay-gradient":""},"tablet":{"background-color":"var(--ast-global-color-5)","background-image":"","background-repeat":"repeat","background-position":"center center","background-size":"auto","background-attachment":"scroll","background-type":"","background-media":"","overlay-type":"","overlay-color":"","overlay-opacity":"","overlay-gradient":""},"mobile":{"background-color":"var(--ast-global-color-5)","background-image":"","background-repeat":"repeat","background-position":"center center","background-size":"auto","background-attachment":"scroll","background-type":"","background-media":"","overlay-type":"","overlay-color":"","overlay-opacity":"","overlay-gradient":""}}},"product_brand":[],"product_cat":[885],"product_tag":[],"class_list":{"0":"post-9697","1":"product","2":"type-product","3":"status-publish","4":"has-post-thumbnail","6":"product_cat-wire-drawing-machine","7":"desktop-align-left","8":"tablet-align-left","9":"mobile-align-left","11":"first","12":"instock","13":"shipping-taxable","14":"product-type-simple"},"_links":{"self":[{"href":"https:\/\/hkcablemachine.com\/pt\/wp-json\/wp\/v2\/product\/9697","targetHints":{"allow":["GET"]}}],"collection":[{"href":"https:\/\/hkcablemachine.com\/pt\/wp-json\/wp\/v2\/product"}],"about":[{"href":"https:\/\/hkcablemachine.com\/pt\/wp-json\/wp\/v2\/types\/product"}],"wp:featuredmedia":[{"embeddable":true,"href":"https:\/\/hkcablemachine.com\/pt\/wp-json\/wp\/v2\/media\/9698"}],"wp:attachment":[{"href":"https:\/\/hkcablemachine.com\/pt\/wp-json\/wp\/v2\/media?parent=9697"}],"wp:term":[{"taxonomy":"product_brand","embeddable":true,"href":"https:\/\/hkcablemachine.com\/pt\/wp-json\/wp\/v2\/product_brand?post=9697"},{"taxonomy":"product_cat","embeddable":true,"href":"https:\/\/hkcablemachine.com\/pt\/wp-json\/wp\/v2\/product_cat?post=9697"},{"taxonomy":"product_tag","embeddable":true,"href":"https:\/\/hkcablemachine.com\/pt\/wp-json\/wp\/v2\/product_tag?post=9697"}],"curies":[{"name":"wp","href":"https:\/\/api.w.org\/{rel}","templated":true}]}}