{"id":7941,"date":"2025-12-16T03:07:28","date_gmt":"2025-12-15T19:07:28","guid":{"rendered":"https:\/\/hkcablemachine.com\/?post_type=product&#038;p=7941"},"modified":"2025-12-16T03:07:39","modified_gmt":"2025-12-15T19:07:39","slug":"gjfjv","status":"publish","type":"product","link":"https:\/\/hkcablemachine.com\/pt\/gjfjv\/","title":{"rendered":"Cal\u00e7a justa GJFJV SX"},"content":{"rendered":"<style>\n    \/* \u4fdd\u6301\u5168\u7ad9\u7edf\u4e00\u7684\u5de5\u4e1a\u98ce\u683c CSS *\/\n    .optic-spec-wrapper {\n        font-family: -apple-system, BlinkMacSystemFont, \"Segoe UI\", Roboto, \"Helvetica Neue\", Arial, sans-serif;\n        color: #333;\n        line-height: 1.6;\n        max-width: 100%;\n        overflow-x: hidden;\n    }\n\n    \/* \u6807\u9898\u6837\u5f0f\uff1a\u84dd\u8272\u6d41\u5149\u6e10\u53d8 *\/\n    .optic-title {\n        background: linear-gradient(90deg, #004a99 0%, #0099cc 100%);\n        color: #fff;\n        padding: 10px 20px;\n        margin-top: 35px;\n        margin-bottom: 20px;\n        font-weight: 700;\n        letter-spacing: 0.5px;\n        border-radius: 4px;\n        display: inline-block;\n        position: relative;\n        box-shadow: 0 4px 6px rgba(0, 74, 153, 0.2);\n    }\n    \n    .optic-title::after {\n        content: '';\n        display: block;\n        position: absolute;\n        right: -10px;\n        top: 0;\n        bottom: 0;\n        width: 10px;\n        background-color: #0099cc;\n        border-radius: 0 4px 4px 0;\n        opacity: 0.5;\n    }\n\n    \/* \u5217\u8868\u6837\u5f0f *\/\n    .optic-list {\n        padding-left: 15px;\n        margin-bottom: 30px;\n        border-left: 3px solid #e0e0e0;\n    }\n    \n    .optic-list li {\n        margin-bottom: 8px;\n        list-style: none;\n        position: relative;\n        padding-left: 20px;\n    }\n    \n    .optic-list li::before {\n        content: '\u2022';\n        color: #0099cc;\n        font-size: 1.5em;\n        position: absolute;\n        left: 0;\n        top: -5px;\n    }\n\n    \/* \u6587\u672c\u5757\u6837\u5f0f *\/\n    .optic-text-block {\n        background-color: #f8fbff;\n        border-left: 4px solid #004a99;\n        padding: 15px;\n        margin-bottom: 30px;\n        font-size: 0.95em;\n        color: #555;\n    }\n\n    \/* \u8868\u683c\u5bb9\u5668 *\/\n    .optic-table-box {\n        width: 100%;\n        overflow-x: auto;\n        margin-bottom: 35px;\n        border: 1px solid #e1e4e8;\n        border-radius: 6px;\n        box-shadow: 0 2px 8px rgba(0,0,0,0.03);\n    }\n\n    \/* \u8868\u683c\u6837\u5f0f *\/\n    .optic-table {\n        width: 100%;\n        border-collapse: collapse;\n        min-width: 900px;\n        font-size: 0.85em;\n    }\n\n    .optic-table th {\n        background-color: #003366;\n        color: #fff;\n        padding: 10px 5px;\n        text-transform: uppercase;\n        font-size: 0.85em;\n        letter-spacing: 0.5px;\n        border: 1px solid rgba(255,255,255,0.1);\n        vertical-align: middle;\n        text-align: center;\n    }\n\n    .optic-table td {\n        padding: 8px 5px;\n        border: 1px solid #e1e4e8;\n        text-align: center;\n        vertical-align: middle;\n    }\n\n    \/* \u6570\u636e\u5f3a\u8c03\u5b57\u4f53 *\/\n    .optic-data {\n        font-family: \"Consolas\", \"Monaco\", monospace;\n        color: #2c3e50;\n        font-weight: 600;\n    }\n\n    \/* \u9694\u884c\u53d8\u8272 *\/\n    .optic-table tbody tr:nth-child(even) {\n        background-color: #f8fbff;\n    }\n\n    \/* \u5e95\u90e8\u5907\u6ce8 *\/\n    .spec-footer {\n        background-color: #f9f9f9;\n        border-left: 4px solid #0099cc;\n        padding: 15px;\n        margin-top: -15px;\n        margin-bottom: 30px;\n        font-size: 0.9em;\n        color: #555;\n    }\n\n<\/style>\n\n<div class=\"optic-spec-wrapper\">\n\n    <div class=\"optic-title\">Descri\u00e7\u00e3o<\/div>\n    <div class=\"optic-text-block\">\n        GJFJV indoor fiber optic cable is made by evenly applying strands of Aramid yarns as the strength member over \n        <strong>&phi;900&micro;m<\/strong> ou <strong>&phi;600&micro;m<\/strong> tight buffer fibers and then is completed with PVC(LSZH)jacket.\n    <\/div>\n\n    <div class=\"optic-title\">Caracter\u00edsticas<\/div>\n    <div class=\"optic-text-block\" style=\"margin-bottom: 20px; font-style: italic;\">\n        Good uniformity of the outer diameter of tight buffer fiber and excellent strippability.\n    <\/div>\n    <ul class=\"optic-list\">\n        <li>Good performance of flame-retardant.<\/li>\n        <li>Steady performance both in extremely high and low temperature.<\/li>\n        <li>Excellent geometrical dimension of the fiber.<\/li>\n    <\/ul>\n\n    <div class=\"optic-title\">Aplicativo<\/div>\n    <ul class=\"optic-list\">\n        <li>Data Communication.<\/li>\n        <li>Making connector.<\/li>\n        <li>Installation: Riser, Plenum, inter-layer, pipe &#038; trunking.<\/li>\n        <li>Located in where waterproof isn&#8217;t strictly required.<\/li>\n        <li>Patch cord, Pigtail &#038; Indoor distribution.<\/li>\n    <\/ul>\n\n    <div class=\"optic-title\">Standards<\/div>\n    <div class=\"optic-text-block\">\n        GJFJV cable complies with Standard <strong>YD\/T1258.2-2003, ICEA-596, GR-409, IEC794<\/strong> etc; and meets with the requirements of UL approval for OFNR and OFNP.\n    <\/div>\n\n    <div class=\"optic-title\">Cable Code<\/div>\n    <div class=\"optic-table-box\">\n        <table class=\"optic-table\">\n            <thead>\n                <tr>\n                    <th><\/th>\n                    <th>SXC-III<\/th>\n                    <th>SXC-II<\/th>\n                    <th>SXC-I<\/th>\n                <\/tr>\n            <\/thead>\n            <tbody>\n                <tr>\n                    <td style=\"text-align:left; font-weight:bold;\">Di\u00e2metro do cabo<\/td>\n                    <td class=\"optic-data\">2.8&plusmn;0.2mm<\/td>\n                    <td class=\"optic-data\">2.0&plusmn;0.2mm<\/td>\n                    <td class=\"optic-data\">1.6&plusmn;0.2mm<\/td>\n                <\/tr>\n                <tr>\n                    <td style=\"text-align:left; font-weight:bold;\">Peso do cabo<\/td>\n                    <td class=\"optic-data\">6,9 kg\/km<\/td>\n                    <td class=\"optic-data\">5,9 kg\/km<\/td>\n                    <td class=\"optic-data\">4,0 kg\/km<\/td>\n                <\/tr>\n                <tr>\n                    <td style=\"text-align:left; font-weight:bold;\">Di\u00e2metro da fibra de buffer apertado<\/td>\n                    <td class=\"optic-data\">900&plusmn;50&micro;m<\/td>\n                    <td class=\"optic-data\">900&plusmn;50&micro;m<\/td>\n                    <td class=\"optic-data\">600&plusmn;50&micro;m<\/td>\n                <\/tr>\n            <\/tbody>\n        <\/table>\n    <\/div>\n\n    <div class=\"optic-title\">Technical Parameters<\/div>\n    <div class=\"optic-table-box\">\n        <table class=\"optic-table\">\n            <thead>\n                <tr>\n                    <th colspan=\"2\"><\/th>\n                    <th>SXC-III<\/th>\n                    <th>SXC-II<\/th>\n                    <th>SXC-I<\/th>\n                <\/tr>\n            <\/thead>\n            <tbody>\n                <tr>\n                    <td rowspan=\"2\" style=\"text-align:left; font-weight:bold;\">Resist\u00eancia \u00e0 trac\u00e7\u00e3o<\/td>\n                    <td style=\"text-align:center; font-weight:bold;\">Longo prazo<\/td>\n                    <td class=\"optic-data\">80N<\/td>\n                    <td class=\"optic-data\">60N<\/td>\n                    <td class=\"optic-data\">50N<\/td>\n                <\/tr>\n                <tr>\n                    <td style=\"text-align:center; font-weight:bold;\">Curto prazo<\/td>\n                    <td class=\"optic-data\">150N<\/td>\n                    <td class=\"optic-data\">120N<\/td>\n                    <td class=\"optic-data\">100N<\/td>\n                <\/tr>\n                <tr>\n                    <td rowspan=\"2\" style=\"text-align:left; font-weight:bold;\">Resist\u00eancia ao esmagamento<\/td>\n                    <td style=\"text-align:center; font-weight:bold;\">Longo prazo<\/td>\n                    <td class=\"optic-data\">100N\/100mm<\/td>\n                    <td class=\"optic-data\">100N\/100mm<\/td>\n                    <td class=\"optic-data\">100N\/100mm<\/td>\n                <\/tr>\n                <tr>\n                    <td style=\"text-align:center; font-weight:bold;\">Curto prazo<\/td>\n                    <td class=\"optic-data\">500N\/100mm<\/td>\n                    <td class=\"optic-data\">500N\/100mm<\/td>\n                    <td class=\"optic-data\">500N\/100mm<\/td>\n                <\/tr>\n                <tr>\n                    <td rowspan=\"2\" style=\"text-align:left; font-weight:bold;\">Raio de curvatura<\/td>\n                    <td style=\"text-align:center; font-weight:bold;\">Din\u00e2mico<\/td>\n                    <td class=\"optic-data\">20XD<\/td>\n                    <td class=\"optic-data\">20XD<\/td>\n                    <td class=\"optic-data\">20XD<\/td>\n                <\/tr>\n                <tr>\n                    <td style=\"text-align:center; font-weight:bold;\">Est\u00e1tico<\/td>\n                    <td class=\"optic-data\">10XD<\/td>\n                    <td class=\"optic-data\">10XD<\/td>\n                    <td class=\"optic-data\">10XD<\/td>\n                <\/tr>\n            <\/tbody>\n        <\/table>\n    <\/div>\n\n    <div class=\"optic-title\">Optical Characteristics<\/div>\n    <div class=\"optic-table-box\">\n        <table class=\"optic-table\" style=\"min-width: 700px;\">\n            <thead>\n                <tr>\n                    <th>G.652<\/th>\n                    <th>G.655<\/th>\n                    <th>50\/125&micro;m<\/th>\n                    <th>62.5\/125&micro;m<\/th>\n                    <th><\/th>\n                    <th><\/th>\n                <\/tr>\n            <\/thead>\n            <tbody>\n                <tr>\n                    <td colspan=\"6\" style=\"text-align:left; font-weight:bold; background-color: #f0f4f8;\">Attenuation (+20&deg;C)<\/td>\n                <\/tr>\n                <tr>\n                    <td style=\"text-align:right;\">@850 nm<\/td>\n                    <td><\/td>\n                    <td><\/td>\n                    <td class=\"optic-data\">&le;3.0dB\/km<\/td>\n                    <td class=\"optic-data\">&le;3.0dB\/km<\/td>\n                <\/tr>\n                <tr>\n                    <td style=\"text-align:right;\">@1300 nm<\/td>\n                    <td><\/td>\n                    <td><\/td>\n                    <td class=\"optic-data\">&le;1.0dB\/km<\/td>\n                    <td class=\"optic-data\">&le;1.0dB\/km<\/td>\n                <\/tr>\n                <tr>\n                    <td style=\"text-align:right;\">@1310 nm<\/td>\n                    <td class=\"optic-data\">&le;0.36dB\/km<\/td>\n                    <td>&#8212;<\/td>\n                    <td><\/td>\n                    <td><\/td>\n                <\/tr>\n                <tr>\n                    <td style=\"text-align:right;\">@1550 nm<\/td>\n                    <td class=\"optic-data\">&le;0.22dB\/km<\/td>\n                    <td class=\"optic-data\">&le;0.23dB\/km<\/td>\n                    <td><\/td>\n                    <td><\/td>\n                <\/tr>\n                <tr>\n                    <td colspan=\"6\" style=\"text-align:left; font-weight:bold; background-color: #f0f4f8;\">Largura de banda (Classe A)<\/td>\n                <\/tr>\n                <tr>\n                    <td style=\"text-align:right;\">@850<\/td>\n                    <td><\/td>\n                    <td><\/td>\n                    <td class=\"optic-data\">&ge;500MHZ&middot;km<\/td>\n                    <td class=\"optic-data\">&ge;500MHZ&middot;km<\/td>\n                <\/tr>\n                <tr>\n                    <td style=\"text-align:right;\">@1300<\/td>\n                    <td><\/td>\n                    <td><\/td>\n                    <td class=\"optic-data\">&ge;1000MHZ&middot;km<\/td>\n                    <td class=\"optic-data\">&ge;600MHZ&middot;km<\/td>\n                <\/tr>\n                <tr>\n                    <td style=\"text-align:left; font-weight:bold;\">Abertura Num\u00e9rica<\/td>\n                    <td><\/td>\n                    <td><\/td>\n                    <td class=\"optic-data\">0.200&plusmn;0.015NA<\/td>\n                    <td class=\"optic-data\">0.275&plusmn;0.015NA<\/td>\n                <\/tr>\n                <tr>\n                    <td style=\"text-align:left; font-weight:bold;\">Comprimento de onda de corte do cabo<\/td>\n                    <td class=\"optic-data\">&le;1260nm<\/td>\n                    <td class=\"optic-data\">&le;1480nm<\/td>\n                    <td><\/td>\n                    <td><\/td>\n                <\/tr>\n            <\/tbody>\n        <\/table>\n    <\/div>\n\n    <div class=\"optic-title\">Environmental Characteristics<\/div>\n    <div class=\"optic-table-box\">\n        <table class=\"optic-table\" style=\"min-width: 400px;\">\n            <tbody>\n                <tr>\n                    <td style=\"text-align:left; font-weight:bold; width: 50%;\">Temperatura de Transporte<\/td>\n                    <td class=\"optic-data\">-20&deg;C ~ +60&deg;C<\/td>\n                <\/tr>\n                <tr>\n                    <td style=\"text-align:left; font-weight:bold;\">Temperatura de armazenamento<\/td>\n                    <td class=\"optic-data\">-20&deg;C ~ +60&deg;C<\/td>\n                <\/tr>\n                <tr>\n                    <td style=\"text-align:left; font-weight:bold;\">Temperatura de instala\u00e7\u00e3o<\/td>\n                    <td class=\"optic-data\">-5&deg;C ~ +50&deg;C<\/td>\n                <\/tr>\n                <tr>\n                    <td style=\"text-align:left; font-weight:bold;\">Temperatura de opera\u00e7\u00e3o<\/td>\n                    <td class=\"optic-data\">-20&deg;C ~ +60&deg;C<\/td>\n                <\/tr>\n            <\/tbody>\n        <\/table>\n    <\/div>\n\n<\/div>\n\n\n\n<p><\/p>","protected":false},"excerpt":{"rendered":"<h4><span style=\"color: #ecea2d;\">Cabo interno simplex de fibra de buffer apertado (GJFJV)<\/span><\/h4>\n<p>O cabo de fibra \u00f3ptica interna GJFJV \u00e9 feito pela aplica\u00e7\u00e3o uniforme de fios de aramida como elemento de resist\u00eancia sobre fibras de amortecimento firme de \u0444900\u03bcm ou \u0444600\u03bcm e, em seguida, \u00e9 completado com revestimento de PVC (LSZH).<\/p>","protected":false},"featured_media":14269,"template":"","meta":{"site-sidebar-layout":"default","site-content-layout":"default","ast-site-content-layout":"default","site-content-style":"default","site-sidebar-style":"default","ast-global-header-display":"","ast-banner-title-visibility":"","ast-main-header-display":"","ast-hfb-above-header-display":"","ast-hfb-below-header-display":"","ast-hfb-mobile-header-display":"","site-post-title":"","ast-breadcrumbs-content":"","ast-featured-img":"","footer-sml-layout":"","ast-disable-related-posts":"","theme-transparent-header-meta":"default","adv-header-id-meta":"","stick-header-meta":"","header-above-stick-meta":"","header-main-stick-meta":"","header-below-stick-meta":"","astra-migrate-meta-layouts":"set","ast-page-background-enabled":"default","ast-page-background-meta":{"desktop":{"background-color":"","background-image":"","background-repeat":"repeat","background-position":"center center","background-size":"auto","background-attachment":"scroll","background-type":"","background-media":"","overlay-type":"","overlay-color":"","overlay-opacity":"","overlay-gradient":""},"tablet":{"background-color":"","background-image":"","background-repeat":"repeat","background-position":"center center","background-size":"auto","background-attachment":"scroll","background-type":"","background-media":"","overlay-type":"","overlay-color":"","overlay-opacity":"","overlay-gradient":""},"mobile":{"background-color":"","background-image":"","background-repeat":"repeat","background-position":"center center","background-size":"auto","background-attachment":"scroll","background-type":"","background-media":"","overlay-type":"","overlay-color":"","overlay-opacity":"","overlay-gradient":""}},"ast-content-background-meta":{"desktop":{"background-color":"var(--ast-global-color-5)","background-image":"","background-repeat":"repeat","background-position":"center center","background-size":"auto","background-attachment":"scroll","background-type":"","background-media":"","overlay-type":"","overlay-color":"","overlay-opacity":"","overlay-gradient":""},"tablet":{"background-color":"var(--ast-global-color-5)","background-image":"","background-repeat":"repeat","background-position":"center center","background-size":"auto","background-attachment":"scroll","background-type":"","background-media":"","overlay-type":"","overlay-color":"","overlay-opacity":"","overlay-gradient":""},"mobile":{"background-color":"var(--ast-global-color-5)","background-image":"","background-repeat":"repeat","background-position":"center center","background-size":"auto","background-attachment":"scroll","background-type":"","background-media":"","overlay-type":"","overlay-color":"","overlay-opacity":"","overlay-gradient":""}}},"product_brand":[2670],"product_cat":[452],"product_tag":[],"class_list":{"0":"post-7941","1":"product","2":"type-product","3":"status-publish","4":"has-post-thumbnail","6":"product_brand-hongkai","7":"product_cat-indoor-optic-cables","8":"desktop-align-left","9":"tablet-align-left","10":"mobile-align-left","12":"first","13":"instock","14":"shipping-taxable","15":"product-type-simple"},"_links":{"self":[{"href":"https:\/\/hkcablemachine.com\/pt\/wp-json\/wp\/v2\/product\/7941","targetHints":{"allow":["GET"]}}],"collection":[{"href":"https:\/\/hkcablemachine.com\/pt\/wp-json\/wp\/v2\/product"}],"about":[{"href":"https:\/\/hkcablemachine.com\/pt\/wp-json\/wp\/v2\/types\/product"}],"wp:featuredmedia":[{"embeddable":true,"href":"https:\/\/hkcablemachine.com\/pt\/wp-json\/wp\/v2\/media\/14269"}],"wp:attachment":[{"href":"https:\/\/hkcablemachine.com\/pt\/wp-json\/wp\/v2\/media?parent=7941"}],"wp:term":[{"taxonomy":"product_brand","embeddable":true,"href":"https:\/\/hkcablemachine.com\/pt\/wp-json\/wp\/v2\/product_brand?post=7941"},{"taxonomy":"product_cat","embeddable":true,"href":"https:\/\/hkcablemachine.com\/pt\/wp-json\/wp\/v2\/product_cat?post=7941"},{"taxonomy":"product_tag","embeddable":true,"href":"https:\/\/hkcablemachine.com\/pt\/wp-json\/wp\/v2\/product_tag?post=7941"}],"curies":[{"name":"wp","href":"https:\/\/api.w.org\/{rel}","templated":true}]}}