{"id":6826,"date":"2025-12-16T03:12:46","date_gmt":"2025-12-15T19:12:46","guid":{"rendered":"https:\/\/hkcablemachine.com\/?post_type=product&#038;p=6826"},"modified":"2025-12-16T03:13:14","modified_gmt":"2025-12-15T19:13:14","slug":"tight-buffered-fiber-optical-cable","status":"publish","type":"product","link":"https:\/\/hkcablemachine.com\/pt\/tight-buffered-fiber-optical-cable\/","title":{"rendered":"Buffer apertado"},"content":{"rendered":"<style>\n    \/* \u4fdd\u6301\u5168\u7ad9\u7edf\u4e00\u7684\u5de5\u4e1a\u98ce\u683c CSS *\/\n    .optic-spec-wrapper {\n        font-family: -apple-system, BlinkMacSystemFont, \"Segoe UI\", Roboto, \"Helvetica Neue\", Arial, sans-serif;\n        color: #333;\n        line-height: 1.6;\n        max-width: 100%;\n        overflow-x: hidden;\n    }\n\n    \/* \u6807\u9898\u6837\u5f0f\uff1a\u84dd\u8272\u6d41\u5149\u6e10\u53d8 *\/\n    .optic-title {\n        background: linear-gradient(90deg, #004a99 0%, #0099cc 100%);\n        color: #fff;\n        padding: 10px 20px;\n        margin-top: 35px;\n        margin-bottom: 20px;\n        font-weight: 700;\n        letter-spacing: 0.5px;\n        border-radius: 4px;\n        display: inline-block;\n        position: relative;\n        box-shadow: 0 4px 6px rgba(0, 74, 153, 0.2);\n    }\n    \n    .optic-title::after {\n        content: '';\n        display: block;\n        position: absolute;\n        right: -10px;\n        top: 0;\n        bottom: 0;\n        width: 10px;\n        background-color: #0099cc;\n        border-radius: 0 4px 4px 0;\n        opacity: 0.5;\n    }\n\n    \/* \u5217\u8868\u6837\u5f0f *\/\n    .optic-list {\n        padding-left: 15px;\n        margin-bottom: 30px;\n        border-left: 3px solid #e0e0e0;\n    }\n    \n    .optic-list li {\n        margin-bottom: 8px;\n        list-style: none;\n        position: relative;\n        padding-left: 20px;\n    }\n    \n    .optic-list li::before {\n        content: '\u2022';\n        color: #0099cc;\n        font-size: 1.5em;\n        position: absolute;\n        left: 0;\n        top: -5px;\n    }\n\n    \/* \u6587\u672c\u5757\u6837\u5f0f *\/\n    .optic-text-block {\n        background-color: #f8fbff;\n        border-left: 4px solid #004a99;\n        padding: 15px;\n        margin-bottom: 30px;\n        font-size: 0.95em;\n        color: #555;\n    }\n\n    \/* \u8868\u683c\u5bb9\u5668 *\/\n    .optic-table-box {\n        width: 100%;\n        overflow-x: auto;\n        margin-bottom: 35px;\n        border: 1px solid #e1e4e8;\n        border-radius: 6px;\n        box-shadow: 0 2px 8px rgba(0,0,0,0.03);\n    }\n\n    \/* \u8868\u683c\u6837\u5f0f *\/\n    .optic-table {\n        width: 100%;\n        border-collapse: collapse;\n        min-width: 900px;\n        font-size: 0.85em;\n    }\n\n    .optic-table th {\n        background-color: #003366;\n        color: #fff;\n        padding: 10px 5px;\n        text-transform: uppercase;\n        font-size: 0.85em;\n        letter-spacing: 0.5px;\n        border: 1px solid rgba(255,255,255,0.1);\n        vertical-align: middle;\n        text-align: center;\n    }\n\n    .optic-table td {\n        padding: 8px 5px;\n        border: 1px solid #e1e4e8;\n        text-align: center;\n        vertical-align: middle;\n    }\n\n    \/* \u6570\u636e\u5f3a\u8c03\u5b57\u4f53 *\/\n    .optic-data {\n        font-family: \"Consolas\", \"Monaco\", monospace;\n        color: #2c3e50;\n        font-weight: 600;\n    }\n\n    \/* \u9694\u884c\u53d8\u8272 *\/\n    .optic-table tbody tr:nth-child(even) {\n        background-color: #f8fbff;\n    }\n\n    \/* \u5e95\u90e8\u5907\u6ce8 *\/\n    .spec-footer {\n        background-color: #f9f9f9;\n        border-left: 4px solid #0099cc;\n        padding: 15px;\n        margin-top: -15px;\n        margin-bottom: 30px;\n        font-size: 0.9em;\n        color: #555;\n    }\n\n<\/style>\n\n<div class=\"optic-spec-wrapper\">\n\n    <div class=\"optic-title\">Descri\u00e7\u00e3o<\/div>\n    <div class=\"optic-text-block\">\n        Tight Buffered Fiber is produced as that fiber is sheathed by buffer material. The selection of top-quality fiber, the specific production equipment and the accurately designed to make the performance of product.\n    <\/div>\n\n    <div class=\"optic-title\">Caracter\u00edsticas<\/div>\n    <ul class=\"optic-list\">\n        <li>Good uniformity of the outer diameter of tight buffer fiber and excellent strippability.<\/li>\n        <li>Good performance of flame-retardant.<\/li>\n        <li>Steady performance both in extremely high and low temperature.<\/li>\n        <li>Excellent geometrical dimension of the fiber.<\/li>\n    <\/ul>\n\n    <div class=\"optic-title\">Aplicativo<\/div>\n    <ul class=\"optic-list\">\n        <li>Indoor cable.<\/li>\n        <li>Optical active\/passive device &amp; Pigtail and connecting line.<\/li>\n        <li>Data communication transfer.<\/li>\n    <\/ul>\n\n<\/div>","protected":false},"excerpt":{"rendered":"<h4><span style=\"color: #3366ff;\">O que \u00e9 fibra de buffer apertado<\/span><\/h4>\n<p>O cabo \u00f3ptico de fibra com buffer apertado, uma oferta de primeira linha da <strong>HONGKAI<\/strong>, representa um avan\u00e7o significativo na tecnologia de fibra \u00f3ptica. Em sua ess\u00eancia, este tipo de cabo foi projetado para desempenho superior em uma ampla gama de aplica\u00e7\u00f5es de telecomunica\u00e7\u00f5es e transmiss\u00e3o de dados. O que diferencia o Cabo Tight Buffered \u00e9 sua constru\u00e7\u00e3o exclusiva. Cada fibra \u00f3ptica \u00e9 revestida individualmente com uma camada protetora, aumentando sua durabilidade e tornando-a resistente a danos f\u00edsicos e a fatores ambientais, como umidade e flutua\u00e7\u00f5es de temperatura.<\/p>\n<h4><span style=\"color: #3366ff;\">Para que serve a fibra tight buffered?\u00a0<\/span><\/h4>\n<p>Este design robusto torna o cabo particularmente adequado para aplica\u00e7\u00f5es internas e externas, proporcionando flexibilidade e facilidade de instala\u00e7\u00e3o. \u00c9 ideal para cen\u00e1rios onde os cabos precisam ser roteados em ambientes desafiadores ou manuseados com frequ\u00eancia, como em data centers, redes locais e diversos ambientes industriais.<\/p>\n<p>&nbsp;<\/p>\n<p>&nbsp;<\/p>","protected":false},"featured_media":14270,"template":"","meta":{"site-sidebar-layout":"default","site-content-layout":"default","ast-site-content-layout":"default","site-content-style":"default","site-sidebar-style":"default","ast-global-header-display":"","ast-banner-title-visibility":"","ast-main-header-display":"","ast-hfb-above-header-display":"","ast-hfb-below-header-display":"","ast-hfb-mobile-header-display":"","site-post-title":"","ast-breadcrumbs-content":"","ast-featured-img":"","footer-sml-layout":"","ast-disable-related-posts":"","theme-transparent-header-meta":"default","adv-header-id-meta":"","stick-header-meta":"","header-above-stick-meta":"","header-main-stick-meta":"","header-below-stick-meta":"","astra-migrate-meta-layouts":"set","ast-page-background-enabled":"default","ast-page-background-meta":{"desktop":{"background-color":"","background-image":"","background-repeat":"repeat","background-position":"center center","background-size":"auto","background-attachment":"scroll","background-type":"","background-media":"","overlay-type":"","overlay-color":"","overlay-opacity":"","overlay-gradient":""},"tablet":{"background-color":"","background-image":"","background-repeat":"repeat","background-position":"center center","background-size":"auto","background-attachment":"scroll","background-type":"","background-media":"","overlay-type":"","overlay-color":"","overlay-opacity":"","overlay-gradient":""},"mobile":{"background-color":"","background-image":"","background-repeat":"repeat","background-position":"center center","background-size":"auto","background-attachment":"scroll","background-type":"","background-media":"","overlay-type":"","overlay-color":"","overlay-opacity":"","overlay-gradient":""}},"ast-content-background-meta":{"desktop":{"background-color":"var(--ast-global-color-5)","background-image":"","background-repeat":"repeat","background-position":"center center","background-size":"auto","background-attachment":"scroll","background-type":"","background-media":"","overlay-type":"","overlay-color":"","overlay-opacity":"","overlay-gradient":""},"tablet":{"background-color":"var(--ast-global-color-5)","background-image":"","background-repeat":"repeat","background-position":"center center","background-size":"auto","background-attachment":"scroll","background-type":"","background-media":"","overlay-type":"","overlay-color":"","overlay-opacity":"","overlay-gradient":""},"mobile":{"background-color":"var(--ast-global-color-5)","background-image":"","background-repeat":"repeat","background-position":"center center","background-size":"auto","background-attachment":"scroll","background-type":"","background-media":"","overlay-type":"","overlay-color":"","overlay-opacity":"","overlay-gradient":""}}},"product_brand":[2670],"product_cat":[452],"product_tag":[],"class_list":{"0":"post-6826","1":"product","2":"type-product","3":"status-publish","4":"has-post-thumbnail","6":"product_brand-hongkai","7":"product_cat-indoor-optic-cables","8":"desktop-align-left","9":"tablet-align-left","10":"mobile-align-left","12":"first","13":"instock","14":"shipping-taxable","15":"product-type-simple"},"_links":{"self":[{"href":"https:\/\/hkcablemachine.com\/pt\/wp-json\/wp\/v2\/product\/6826","targetHints":{"allow":["GET"]}}],"collection":[{"href":"https:\/\/hkcablemachine.com\/pt\/wp-json\/wp\/v2\/product"}],"about":[{"href":"https:\/\/hkcablemachine.com\/pt\/wp-json\/wp\/v2\/types\/product"}],"wp:featuredmedia":[{"embeddable":true,"href":"https:\/\/hkcablemachine.com\/pt\/wp-json\/wp\/v2\/media\/14270"}],"wp:attachment":[{"href":"https:\/\/hkcablemachine.com\/pt\/wp-json\/wp\/v2\/media?parent=6826"}],"wp:term":[{"taxonomy":"product_brand","embeddable":true,"href":"https:\/\/hkcablemachine.com\/pt\/wp-json\/wp\/v2\/product_brand?post=6826"},{"taxonomy":"product_cat","embeddable":true,"href":"https:\/\/hkcablemachine.com\/pt\/wp-json\/wp\/v2\/product_cat?post=6826"},{"taxonomy":"product_tag","embeddable":true,"href":"https:\/\/hkcablemachine.com\/pt\/wp-json\/wp\/v2\/product_tag?post=6826"}],"curies":[{"name":"wp","href":"https:\/\/api.w.org\/{rel}","templated":true}]}}