{"id":4471,"date":"2020-12-22T15:35:58","date_gmt":"2020-12-22T07:35:58","guid":{"rendered":"https:\/\/hkcablemachine.com\/?post_type=product&#038;p=4471"},"modified":"2025-08-25T11:02:04","modified_gmt":"2025-08-25T03:02:04","slug":"asu-cable-production-line","status":"publish","type":"product","link":"https:\/\/hkcablemachine.com\/pt\/asu-cable-production-line\/","title":{"rendered":"LINHA DE PRODU\u00c7\u00c3O DE CABOS ASU"},"content":{"rendered":"<h3 class=\"wp-block-heading\"><span style=\"font-size: 1.5em; font-weight: bold; color: #30ae43;\">1.HK-50 IPC+PLC CONTROL LOOSE TUBE&nbsp;PRODUCTION LINE<\/span><\/h3>\n\n\n\n<figure class=\"wp-block-image\"><img decoding=\"async\" src=\"https:\/\/hkcablemachine.com\/wp-content\/uploads\/2020\/12\/Optical-Fiber-Secondary-Coating-Production-Line-auto-scaled.jpg\" alt=\"Linha de produ\u00e7\u00e3o de revestimento secund\u00e1rio de fibra \u00f3ptica autom\u00f3vel\" class=\"wp-image-4477\" title=\"\"><\/figure>\n\n\n\n<p><\/p>\n\n\n\n<ul class=\"wp-block-list\">\n<li><span style=\"font-size: 16px;\">1-12 Cabe\u00e7as de fibra compensam: coloque 1-12 n\u00facleos de fibra por <strong>Danfoss<\/strong> controlado pelo motorista.<\/span><\/li>\n\n\n\n<li>M\u00e1quina de enchimento de geleia: encha o tubo solto com geleia e retire o ar automaticamente.<\/li>\n\n\n\n<li>Dispositivo de remo\u00e7\u00e3o eletrost\u00e1tica: remove impurezas da superf\u00edcie da fibra antes da extrusora.<\/li>\n\n\n\n<li>Compostor de masterbatch: preencha o masterbatch de cor com outra cor.<\/li>\n\n\n\n<li>M\u00e1quina de secagem e funil autom\u00e1tico: funil e secadora a mat\u00e9ria-prima automaticamente.<\/li>\n\n\n\n<li>Extrusora principal: usando o parafuso de melhor qualidade da China, extrus\u00e3o do material PP\/PPT e o motor usando\u00a0<strong>Siemens.<\/strong><\/li>\n\n\n\n<li>Gabinete de controle: controle PLC + IPC, opera\u00e7\u00e3o mais f\u00e1cil para o trabalhador, o transdutor usando americano\u00a0<strong>Emerson<\/strong>, outras pe\u00e7as el\u00e9tricas usando\u00a0<strong>Schneider<\/strong>.<\/li>\n\n\n\n<li>Calha de \u00e1gua morna e fria: resfriando o fio lentamente.<\/li>\n\n\n\n<li>Medidor de di\u00e2metro: exibe o di\u00e2metro real do cabo ao operador.<\/li>\n\n\n\n<li>Cabrestante: altera automaticamente a velocidade da linha por\u00a0<strong>Panasonic<\/strong>\u00a0servo.<\/li>\n\n\n\n<li>Recolhimento semiautom\u00e1tico: motor usando\u00a0<strong>Siemens<\/strong>, transdutor usando\u00a0<strong>Emerson<\/strong>, o sistema de controle por 7 polegadas\u00a0<strong>Kinco <\/strong>tela sens\u00edvel ao toque mais <strong>CLP Siemens S7-200<\/strong>\u00a0controle. Ele mudar\u00e1 a bobina do fio automaticamente quando uma pe\u00e7a estiver cheia.<\/li>\n<\/ul>\n\n\n\n<h3 class=\"wp-block-heading\"><span style=\"font-size: 1.5em; font-weight: bold; color: #30ae43;\">2.<\/span><span style=\"font-size: 1.5em; font-weight: bold; color: #30ae43;\">LINHA DE PRODU\u00c7\u00c3O DE CABOS\/REVESTIMENTOS HK-90 ASU<\/span><\/h3>\n\n\n\n<figure class=\"wp-block-image\"><img decoding=\"async\" src=\"https:\/\/hkcablemachine.com\/wp-content\/uploads\/2020\/12\/HK-90-ASU-Specific-sheathing-production-line-2-scaled.jpg\" alt=\"Linha de produ\u00e7\u00e3o de revestimento espec\u00edfico Hk 90 ASU\" class=\"wp-image-4476\" title=\"\"><\/figure>\n\n\n\n<p><\/p>\n\n\n\n<ul class=\"wp-block-list\">\n<li><span style=\"font-size: 16px;\">Retorno de FRP*2: aplique FRP de 630-1000 mm.<\/span><\/li>\n\n\n\n<li>Desgaste do tubo solto: <span style=\"font-size: 16px;\">coloque o tubo solto de 630-1000mm<\/span>.<\/li>\n\n\n\n<li>Dispositivo de tor\u00e7\u00e3o SZ: controle de tor\u00e7\u00e3o por 2 conjuntos <strong>Servo<\/strong> motor, <strong>passo ajust\u00e1vel<\/strong>, liga\u00e7\u00e3o com o gabinete individual.<\/li>\n\n\n\n<li>Dispositivo de encaderna\u00e7\u00e3o de cabe\u00e7a dupla: controle de encaderna\u00e7\u00e3o por 2 conjuntos <strong>Servo<\/strong> motor, A concentricidade atinge 100% ap\u00f3s o teste, liga\u00e7\u00e3o com o gabinete individual.<\/li>\n\n\n\n<li>Dispositivo de prensagem de cabos: Manter o cabo est\u00e1vel antes da extrusora.<\/li>\n\n\n\n<li>M\u00e1quina de secagem e funil autom\u00e1tico: funil e secadora a mat\u00e9ria-prima automaticamente.<\/li>\n\n\n\n<li>Extrusora principal: usando o parafuso de melhor qualidade da China, extrus\u00e3o do <strong>PE\/PVC<\/strong> material. e o motor usando <strong>Siemens.<\/strong><\/li>\n\n\n\n<li>Gabinete de controle: controle PLC + IPC, opera\u00e7\u00e3o mais f\u00e1cil para o trabalhador, o transdutor usando americano\u00a0<strong>Emerson<\/strong>, outras pe\u00e7as el\u00e9tricas usando\u00a0<strong>Schneider<\/strong>.<\/li>\n\n\n\n<li>Calha de \u00e1gua morna e fria: resfriando o fio lentamente.<\/li>\n\n\n\n<li>Medidor de di\u00e2metro: exibe o di\u00e2metro real do cabo ao operador.<\/li>\n\n\n\n<li>Cabrestante: altera automaticamente a velocidade da linha por\u00a0<strong>Panasonic<\/strong>\u00a0servo.<\/li>\n\n\n\n<li>Acumulador: liga\u00e7\u00e3o com o recolhedor, 500 metros para carregamento na troca da bobina do recolhedor<\/li>\n\n\n\n<li>Cabe\u00e7as duplas de 630-800 mm captam: motor usando <strong>Siemens<\/strong>, transdutor usando\u00a0<strong>Emerson<\/strong>, o sistema de controle por 7 polegadas\u00a0<strong>Kinco <\/strong>tela sens\u00edvel ao toque, o controle transversal por 2 conjuntos <strong>Servo<\/strong> Motor.<\/li>\n<\/ul>\n\n\n\n<figure class=\"wp-block-image\"><a href=\"https:\/\/hkcablemachine.com\/wp-content\/uploads\/2020\/12\/Layout-of-the-ASU-Sheathing-line.png\"><img decoding=\"async\" src=\"https:\/\/hkcablemachine.com\/wp-content\/uploads\/2020\/12\/Layout-of-the-ASU-Sheathing-line.png\" alt=\"layout da linha de revestimento asu\" class=\"wp-image-8355\" title=\"\"><\/a><\/figure>\n\n\n\n<figure class=\"wp-block-embed is-type-video is-provider-youtube wp-block-embed-youtube wp-embed-aspect-16-9 wp-has-aspect-ratio\"><div class=\"wp-block-embed__wrapper\">\n<iframe title=\"Linha de produ\u00e7\u00e3o de cabos especiais da ASU\" width=\"500\" height=\"281\" src=\"https:\/\/www.youtube.com\/embed\/of7QcqCNlq0?feature=oembed\" frameborder=\"0\" allow=\"accelerometer; autoplay; clipboard-write; encrypted-media; gyroscope; picture-in-picture; web-share\" referrerpolicy=\"strict-origin-when-cross-origin\" allowfullscreen><\/iframe>\n<\/div><\/figure>","protected":false},"excerpt":{"rendered":"<h6><span style=\"color: #d2311f;\"><strong>&#8220;<a href=\"https:\/\/bluecom.com.br\/\">Bluecom<\/a>&quot; Apenas<\/strong>\u00a0Fornecedor de m\u00e1quinas, o primeiro na China a fabricar esta m\u00e1quina com uma velocidade de <strong>90 m\/minuto<\/strong>!<\/span><\/h6>\n<h2><strong><span style=\"color: #51ac40;\">O que \u00e9 o cabo ASU?<\/span><\/strong><\/h2>\n<p>Estruturalmente o <strong>Cabo ASU<\/strong> consiste nos seguintes componentes.<\/p>\n<ol>\n<li><strong>1-12 n\u00facleos N\u00facleo de fibra colorida<\/strong><\/li>\n<li><strong>Fio de refor\u00e7o (FRP)*2<\/strong><\/li>\n<li><strong>Jaqueta Ripcord\/PE<\/strong><\/li>\n<\/ol>\n<h2><strong><span style=\"color: #51ac40;\">Como produzir o cabo ASU?<\/span><\/strong><\/h2>\n<p>Portanto, essas linhas de produ\u00e7\u00e3o precisam de equipamentos para concluir:<\/p>\n<ol>\n<li><strong>Linha de produ\u00e7\u00e3o de cabos de tubo solto com controle IPC+PLC HK-50 <\/strong>para terminar o <b>Tubo PBT\u00a0<\/b>e preenchendo o <strong>Gel\u00e9ia<\/strong> Dentro dele<\/li>\n<li><strong>Linha de produ\u00e7\u00e3o de revestimento\/cabo ASU de controle IPC+PLC HK-90 <\/strong>para fazer o<strong> Tubo\/FRP*2 Encordoamento <\/strong>e<strong> Revestimento <\/strong>ambos ao mesmo tempo.<\/li>\n<\/ol>","protected":false},"featured_media":4474,"template":"","meta":{"site-sidebar-layout":"default","site-content-layout":"default","ast-site-content-layout":"default","site-content-style":"default","site-sidebar-style":"default","ast-global-header-display":"","ast-banner-title-visibility":"","ast-main-header-display":"","ast-hfb-above-header-display":"","ast-hfb-below-header-display":"","ast-hfb-mobile-header-display":"","site-post-title":"","ast-breadcrumbs-content":"","ast-featured-img":"","footer-sml-layout":"","ast-disable-related-posts":"","theme-transparent-header-meta":"default","adv-header-id-meta":"","stick-header-meta":"","header-above-stick-meta":"","header-main-stick-meta":"","header-below-stick-meta":"","astra-migrate-meta-layouts":"set","ast-page-background-enabled":"default","ast-page-background-meta":{"desktop":{"background-color":"","background-image":"","background-repeat":"repeat","background-position":"center center","background-size":"auto","background-attachment":"scroll","background-type":"","background-media":"","overlay-type":"","overlay-color":"","overlay-opacity":"","overlay-gradient":""},"tablet":{"background-color":"","background-image":"","background-repeat":"repeat","background-position":"center center","background-size":"auto","background-attachment":"scroll","background-type":"","background-media":"","overlay-type":"","overlay-color":"","overlay-opacity":"","overlay-gradient":""},"mobile":{"background-color":"","background-image":"","background-repeat":"repeat","background-position":"center center","background-size":"auto","background-attachment":"scroll","background-type":"","background-media":"","overlay-type":"","overlay-color":"","overlay-opacity":"","overlay-gradient":""}},"ast-content-background-meta":{"desktop":{"background-color":"var(--ast-global-color-5)","background-image":"","background-repeat":"repeat","background-position":"center center","background-size":"auto","background-attachment":"scroll","background-type":"","background-media":"","overlay-type":"","overlay-color":"","overlay-opacity":"","overlay-gradient":""},"tablet":{"background-color":"var(--ast-global-color-5)","background-image":"","background-repeat":"repeat","background-position":"center center","background-size":"auto","background-attachment":"scroll","background-type":"","background-media":"","overlay-type":"","overlay-color":"","overlay-opacity":"","overlay-gradient":""},"mobile":{"background-color":"var(--ast-global-color-5)","background-image":"","background-repeat":"repeat","background-position":"center center","background-size":"auto","background-attachment":"scroll","background-type":"","background-media":"","overlay-type":"","overlay-color":"","overlay-opacity":"","overlay-gradient":""}}},"product_brand":[],"product_cat":[425],"product_tag":[423],"class_list":{"0":"post-4471","1":"product","2":"type-product","3":"status-publish","4":"has-post-thumbnail","6":"product_cat-outdoor-optic-cable-machine","7":"product_tag-outdoor-cable-machine","8":"desktop-align-left","9":"tablet-align-left","10":"mobile-align-left","12":"first","13":"instock","14":"shipping-taxable","15":"product-type-simple"},"_links":{"self":[{"href":"https:\/\/hkcablemachine.com\/pt\/wp-json\/wp\/v2\/product\/4471","targetHints":{"allow":["GET"]}}],"collection":[{"href":"https:\/\/hkcablemachine.com\/pt\/wp-json\/wp\/v2\/product"}],"about":[{"href":"https:\/\/hkcablemachine.com\/pt\/wp-json\/wp\/v2\/types\/product"}],"wp:featuredmedia":[{"embeddable":true,"href":"https:\/\/hkcablemachine.com\/pt\/wp-json\/wp\/v2\/media\/4474"}],"wp:attachment":[{"href":"https:\/\/hkcablemachine.com\/pt\/wp-json\/wp\/v2\/media?parent=4471"}],"wp:term":[{"taxonomy":"product_brand","embeddable":true,"href":"https:\/\/hkcablemachine.com\/pt\/wp-json\/wp\/v2\/product_brand?post=4471"},{"taxonomy":"product_cat","embeddable":true,"href":"https:\/\/hkcablemachine.com\/pt\/wp-json\/wp\/v2\/product_cat?post=4471"},{"taxonomy":"product_tag","embeddable":true,"href":"https:\/\/hkcablemachine.com\/pt\/wp-json\/wp\/v2\/product_tag?post=4471"}],"curies":[{"name":"wp","href":"https:\/\/api.w.org\/{rel}","templated":true}]}}