{"id":3620,"date":"2020-06-24T14:21:03","date_gmt":"2020-06-24T06:21:03","guid":{"rendered":"https:\/\/hkcablemachine.com\/?post_type=product&#038;p=3620"},"modified":"2025-08-25T11:02:40","modified_gmt":"2025-08-25T03:02:40","slug":"steel-wire-coated-production-line","status":"publish","type":"product","link":"https:\/\/hkcablemachine.com\/pt\/steel-wire-coated-production-line\/","title":{"rendered":"Linha de produ\u00e7\u00e3o revestida de fio de a\u00e7o"},"content":{"rendered":"<h4 class=\"wp-block-heading\"><span style=\"font-size: 1.5em; font-weight: bold; color: #30ae43;\">LINHA DE PRODU\u00c7\u00c3O DE FIO DE A\u00c7O REVESTIDO COM CONTROLE IPC+PLC HK-30<\/span><\/h4>\n\n\n\n<figure class=\"wp-block-image aligncenter\"><a href=\"https:\/\/hkcablemachine.com\/product\/steel-wire-coated-production-line\/\"><img decoding=\"async\" src=\"https:\/\/hkcablemachine.com\/wp-content\/uploads\/2020\/06\/HK-30-Steel-wire-coated-production-line-scaled.jpg\" alt=\"Linha de produ\u00e7\u00e3o de fio de a\u00e7o revestido com controle IPC+PLC HK-30\" class=\"wp-image-3623\" title=\"\"><\/a><figcaption class=\"wp-element-caption\">Linha de produ\u00e7\u00e3o de fio de a\u00e7o revestido com controle IPC+PLC HK-30<\/figcaption><\/figure>\n\n\n\n<ol class=\"wp-block-list\">\n<li>Desempeno autom\u00e1tico sem eixo de cabe\u00e7a \u00fanica: coloque o fio de a\u00e7o de 800 mm (eleva\u00e7\u00e3o do parque\/galvaniza\u00e7\u00e3o).<\/li>\n\n\n\n<li>Dispositivo de dan\u00e7a de tens\u00e3o de controle pneum\u00e1tico: controle PID de malha fechada com sensores de deslocamento.<\/li>\n\n\n\n<li>M\u00e1quina de aquecimento por indu\u00e7\u00e3o: aquecimento do fio de a\u00e7o antes da extrusora.<\/li>\n\n\n\n<li>Extrusora principal: Motor: Siemens, Transdutor: Emerson, extrus\u00e3o <strong>EAA, EVA<\/strong> material, a velocidade da linha pode atingir <strong>400 m\/minuto<\/strong><\/li>\n\n\n\n<li>Gabinete principal: controle IPC+PLC; IPC: Taiwan Advantech, PLC: Siemens.<\/li>\n\n\n\n<li>Calha de \u00e1gua de resfriamento + tanque: 4m + 8m de resist\u00eancia \u00e0 \u00e1gua permite que o material esfrie e endure\u00e7a gradualmente para controlar o di\u00e2metro externo.<\/li>\n\n\n\n<li>Medidor de di\u00e2metro: exibe o di\u00e2metro real na tela.<\/li>\n\n\n\n<li>Cabrestante: Motor: servo Panasonic + controle de transdutor Emerson.<\/li>\n\n\n\n<li>Dispositivo de dan\u00e7a de tens\u00e3o de controle pneum\u00e1tico: controle PID de malha fechada com sensores de deslocamento.<\/li>\n\n\n\n<li>Recolhimento autom\u00e1tico sem eixo de cabe\u00e7a \u00fanica: eleva\u00e7\u00e3o hidr\u00e1ulica el\u00e9trica, fixa\u00e7\u00e3o pneum\u00e1tica; Motor: <strong>Siemens<\/strong>, Transdutor: <strong>Emerson;\u00a0<\/strong>Parte transversal: Servo motor Panasonic japon\u00eas com fuso de esferas e controle de guia linear.<\/li>\n<\/ol>\n\n\n\n<p>&nbsp;<\/p>\n\n\n\n<figure class=\"wp-block-image aligncenter\"><a href=\"https:\/\/hkcablemachine.com\/product\/steel-wire-coated-production-line\/\"><img fetchpriority=\"high\" decoding=\"async\" width=\"2048\" height=\"703\" src=\"https:\/\/hkcablemachine.com\/wp-content\/uploads\/2021\/08\/HK-30-Steel-wire-Coated-machines-layout.png\" alt=\"Layout da m\u00e1quina revestida com fio de a\u00e7o hk 30\" class=\"wp-image-6009\" title=\"\" srcset=\"https:\/\/hkcablemachine.com\/wp-content\/uploads\/2021\/08\/HK-30-Steel-wire-Coated-machines-layout.png 2048w, https:\/\/hkcablemachine.com\/wp-content\/uploads\/2021\/08\/HK-30-Steel-wire-Coated-machines-layout-18x6.png 18w, https:\/\/hkcablemachine.com\/wp-content\/uploads\/2021\/08\/HK-30-Steel-wire-Coated-machines-layout-768x264.png 768w, https:\/\/hkcablemachine.com\/wp-content\/uploads\/2021\/08\/HK-30-Steel-wire-Coated-machines-layout-1024x352.png 1024w, https:\/\/hkcablemachine.com\/wp-content\/uploads\/2021\/08\/HK-30-Steel-wire-Coated-machines-layout-1536x527.png 1536w, https:\/\/hkcablemachine.com\/wp-content\/uploads\/2021\/08\/HK-30-Steel-wire-Coated-machines-layout-700x240.png 700w\" sizes=\"(max-width: 2048px) 100vw, 2048px\" \/><\/a><figcaption class=\"wp-element-caption\">Layout da m\u00e1quina revestida com fio de a\u00e7o HK 30<\/figcaption><\/figure>\n\n\n\n<figure class=\"wp-block-embed is-type-video is-provider-youtube wp-block-embed-youtube wp-embed-aspect-16-9 wp-has-aspect-ratio\"><div class=\"wp-block-embed__wrapper\">\n<iframe title=\"Linha de produ\u00e7\u00e3o OFC - M\u00e1quina de revestimento de fios de a\u00e7o HK-30\" width=\"500\" height=\"281\" src=\"https:\/\/www.youtube.com\/embed\/52COH5QbmAo?feature=oembed\" frameborder=\"0\" allow=\"accelerometer; autoplay; clipboard-write; encrypted-media; gyroscope; picture-in-picture; web-share\" referrerpolicy=\"strict-origin-when-cross-origin\" allowfullscreen><\/iframe>\n<\/div><\/figure>\n\n\n\n<p>&nbsp;<\/p>\n\n\n\n<p>&nbsp;<\/p>","protected":false},"excerpt":{"rendered":"<h6><span style=\"color: #d2311f;\"><strong>YOFC\/ZTT<\/strong> Fornecedor de m\u00e1quinas, o primeiro na China a fabricar esta m\u00e1quina com uma velocidade de <strong>400 m\/minuto<\/strong>!<\/span><\/h6>\n<h2><strong><span style=\"color: #51ac40;\">O que \u00e9 o cabo revestido de fio de a\u00e7o?<\/span><\/strong><\/h2>\n<p>O revestimento da superf\u00edcie do cabo FTTH \u00e9 usado para aumentar sua resist\u00eancia \u00e0 tor\u00e7\u00e3o e ao atrito, para que ele n\u00e3o seja afetado pela tor\u00e7\u00e3o durante a constru\u00e7\u00e3o.<\/p>\n<p>Estruturalmente o <strong>Fio de a\u00e7o revestido<\/strong>\u00a0consiste nos seguintes componentes.<\/p>\n<ol>\n<li><strong>Messenger Wire<\/strong><\/li>\n<li><strong>Jaqueta<\/strong><\/li>\n<\/ol>\n<h2><strong><span style=\"color: #51ac40;\">Como produzir o cabo revestido de fio de a\u00e7o?<\/span><\/strong><\/h2>\n<p>Ent\u00e3o s\u00f3 precisa de uma linha para fazer este cabo:<\/p>\n<ol>\n<li><strong>Linha de produ\u00e7\u00e3o de fio de a\u00e7o revestido com controle IPC+PLC HK-30 <\/strong>pode finalizar todos os processos, para material de jaqueta normal usando <strong>EAA\/EVA<\/strong><\/li>\n<\/ol>","protected":false},"featured_media":3621,"template":"","meta":{"site-sidebar-layout":"default","site-content-layout":"default","ast-site-content-layout":"default","site-content-style":"default","site-sidebar-style":"default","ast-global-header-display":"","ast-banner-title-visibility":"","ast-main-header-display":"","ast-hfb-above-header-display":"","ast-hfb-below-header-display":"","ast-hfb-mobile-header-display":"","site-post-title":"","ast-breadcrumbs-content":"","ast-featured-img":"","footer-sml-layout":"","ast-disable-related-posts":"","theme-transparent-header-meta":"default","adv-header-id-meta":"","stick-header-meta":"","header-above-stick-meta":"","header-main-stick-meta":"","header-below-stick-meta":"","astra-migrate-meta-layouts":"set","ast-page-background-enabled":"default","ast-page-background-meta":{"desktop":{"background-color":"","background-image":"","background-repeat":"repeat","background-position":"center center","background-size":"auto","background-attachment":"scroll","background-type":"","background-media":"","overlay-type":"","overlay-color":"","overlay-opacity":"","overlay-gradient":""},"tablet":{"background-color":"","background-image":"","background-repeat":"repeat","background-position":"center center","background-size":"auto","background-attachment":"scroll","background-type":"","background-media":"","overlay-type":"","overlay-color":"","overlay-opacity":"","overlay-gradient":""},"mobile":{"background-color":"","background-image":"","background-repeat":"repeat","background-position":"center center","background-size":"auto","background-attachment":"scroll","background-type":"","background-media":"","overlay-type":"","overlay-color":"","overlay-opacity":"","overlay-gradient":""}},"ast-content-background-meta":{"desktop":{"background-color":"var(--ast-global-color-5)","background-image":"","background-repeat":"repeat","background-position":"center center","background-size":"auto","background-attachment":"scroll","background-type":"","background-media":"","overlay-type":"","overlay-color":"","overlay-opacity":"","overlay-gradient":""},"tablet":{"background-color":"var(--ast-global-color-5)","background-image":"","background-repeat":"repeat","background-position":"center center","background-size":"auto","background-attachment":"scroll","background-type":"","background-media":"","overlay-type":"","overlay-color":"","overlay-opacity":"","overlay-gradient":""},"mobile":{"background-color":"var(--ast-global-color-5)","background-image":"","background-repeat":"repeat","background-position":"center center","background-size":"auto","background-attachment":"scroll","background-type":"","background-media":"","overlay-type":"","overlay-color":"","overlay-opacity":"","overlay-gradient":""}}},"product_brand":[],"product_cat":[391],"product_tag":[422],"class_list":{"0":"post-3620","1":"product","2":"type-product","3":"status-publish","4":"has-post-thumbnail","6":"product_cat-indoor-optic-cable-machine","7":"product_tag-indoor-cable-machine","8":"desktop-align-left","9":"tablet-align-left","10":"mobile-align-left","12":"first","13":"instock","14":"shipping-taxable","15":"product-type-simple"},"_links":{"self":[{"href":"https:\/\/hkcablemachine.com\/pt\/wp-json\/wp\/v2\/product\/3620","targetHints":{"allow":["GET"]}}],"collection":[{"href":"https:\/\/hkcablemachine.com\/pt\/wp-json\/wp\/v2\/product"}],"about":[{"href":"https:\/\/hkcablemachine.com\/pt\/wp-json\/wp\/v2\/types\/product"}],"wp:featuredmedia":[{"embeddable":true,"href":"https:\/\/hkcablemachine.com\/pt\/wp-json\/wp\/v2\/media\/3621"}],"wp:attachment":[{"href":"https:\/\/hkcablemachine.com\/pt\/wp-json\/wp\/v2\/media?parent=3620"}],"wp:term":[{"taxonomy":"product_brand","embeddable":true,"href":"https:\/\/hkcablemachine.com\/pt\/wp-json\/wp\/v2\/product_brand?post=3620"},{"taxonomy":"product_cat","embeddable":true,"href":"https:\/\/hkcablemachine.com\/pt\/wp-json\/wp\/v2\/product_cat?post=3620"},{"taxonomy":"product_tag","embeddable":true,"href":"https:\/\/hkcablemachine.com\/pt\/wp-json\/wp\/v2\/product_tag?post=3620"}],"curies":[{"name":"wp","href":"https:\/\/api.w.org\/{rel}","templated":true}]}}