{"id":3587,"date":"2022-12-06T09:42:19","date_gmt":"2022-12-06T01:42:19","guid":{"rendered":"https:\/\/hkcablemachine.com\/?post_type=product&#038;p=3587"},"modified":"2025-09-01T17:34:40","modified_gmt":"2025-09-01T09:34:40","slug":"cat-5-cable-production-line","status":"publish","type":"product","link":"https:\/\/hkcablemachine.com\/pt\/cat-5-cable-production-line\/","title":{"rendered":"Linha de produ\u00e7\u00e3o de cabos Cat 5"},"content":{"rendered":"<h3 class=\"wp-block-heading\"><strong><span style=\"color: #30ae43;\">1.Linha de produ\u00e7\u00e3o de isolamento de n\u00facleo de controle PLC HK-50+35<\/span><\/strong><\/h3>\n\n\n\n<figure class=\"wp-block-image aligncenter\"><a href=\"https:\/\/hkcablemachine.com\/wp-content\/uploads\/2020\/06\/Electric-cable-production-line.png\"><img fetchpriority=\"high\" decoding=\"async\" width=\"1728\" height=\"1129\" src=\"https:\/\/hkcablemachine.com\/wp-content\/uploads\/2020\/06\/Electric-cable-production-line.png\" alt=\"linha de isolamento de cabo LAN\" class=\"wp-image-3588\" title=\"\" srcset=\"https:\/\/hkcablemachine.com\/wp-content\/uploads\/2020\/06\/Electric-cable-production-line.png 1728w, https:\/\/hkcablemachine.com\/wp-content\/uploads\/2020\/06\/Electric-cable-production-line-18x12.png 18w, https:\/\/hkcablemachine.com\/wp-content\/uploads\/2020\/06\/Electric-cable-production-line-768x502.png 768w, https:\/\/hkcablemachine.com\/wp-content\/uploads\/2020\/06\/Electric-cable-production-line-1024x669.png 1024w, https:\/\/hkcablemachine.com\/wp-content\/uploads\/2020\/06\/Electric-cable-production-line-1536x1004.png 1536w, https:\/\/hkcablemachine.com\/wp-content\/uploads\/2020\/06\/Electric-cable-production-line-700x457.png 700w\" sizes=\"(max-width: 1728px) 100vw, 1728px\" \/><\/a><figcaption><\/figcaption><\/figure>\n\n\n\n<p><\/p>\n\n\n\n<ul class=\"wp-block-list\">\n<li>Cremalheira de desbobinamento motorizada sem eixo de cabe\u00e7a \u00fanica: coloque a bobina de 400-500 mm<\/li>\n\n\n\n<li>Plataforma reta de fio de cobre: endireite o fio de cobre<\/li>\n\n\n\n<li>Pr\u00e9-aquecedor autom\u00e1tico de fios de cobre por indu\u00e7\u00e3o: aquece a superf\u00edcie do fio de cobre. Melhor ades\u00e3o do adesivo.<\/li>\n\n\n\n<li>Extrusora principal: 15HP <strong>Siemens<\/strong>+<strong>Emerson<\/strong> Transdutor com cruzeta de ajuste livre<\/li>\n\n\n\n<li>M\u00e1quina de infus\u00e3o de cores \u03c635mm: usada para extrus\u00e3o de auxiliares<\/li>\n\n\n\n<li>Gabinete principal: controle de temperatura por <strong>RKC<\/strong>, controle de troca por <strong>Schneider<\/strong>, painel de toque principal: <strong>Siemens<\/strong><\/li>\n\n\n\n<li>Calha de \u00e1gua de 1,5 m + 8 m: resfriando o cabo em alta velocidade.<\/li>\n\n\n\n<li>Cabrestante: <strong>V\u2264450m\/min<\/strong>\u00a0\u00e9 um controle de a\u00e7\u00e3o coordenado com o motor principal.<\/li>\n\n\n\n<li>Acumulador: Comprimento de armazenamento do fio: 10m-150m, conectado \u00e0 m\u00e1quina de recolhimento<\/li>\n\n\n\n<li>M\u00e1quina de fa\u00edsca de alta frequ\u00eancia: \u00e9 aplicada para o teste de resist\u00eancia \u00e0 press\u00e3o sob movimento sem linha de fios e cabos el\u00e9tricos.<\/li>\n\n\n\n<li>M\u00e1quina de recolhimento: estilo de rolo e eixo \u03a6400~\u03a6630mm, velocidade da linha <strong>V\u2264450m\/min<\/strong>.<\/li>\n<\/ul>\n\n\n\n<h3 class=\"wp-block-heading\"><span style=\"color: #30ae43;\"><strong>2.HK-500 M\u00c1QUINA DE TOR\u00c7\u00c3O EM PAR E TOR\u00c7\u00c3O PARA TR\u00c1S<\/strong><\/span><\/h3>\n\n\n\n<figure class=\"wp-block-image aligncenter\"><a href=\"https:\/\/hkcablemachine.com\/wp-content\/uploads\/2020\/06\/pair-twistback-twist-machine\u526f\u672c.jpg\"><img decoding=\"async\" width=\"1306\" height=\"496\" src=\"https:\/\/hkcablemachine.com\/wp-content\/uploads\/2020\/06\/pair-twistback-twist-machine\u526f\u672c.jpg\" alt=\"m\u00e1quina de tor\u00e7\u00e3o e tor\u00e7\u00e3o traseira de cabos LAN\" class=\"wp-image-3600\" title=\"\" srcset=\"https:\/\/hkcablemachine.com\/wp-content\/uploads\/2020\/06\/pair-twistback-twist-machine\u526f\u672c.jpg 1306w, https:\/\/hkcablemachine.com\/wp-content\/uploads\/2020\/06\/pair-twistback-twist-machine\u526f\u672c-18x7.jpg 18w, https:\/\/hkcablemachine.com\/wp-content\/uploads\/2020\/06\/pair-twistback-twist-machine\u526f\u672c-768x292.jpg 768w, https:\/\/hkcablemachine.com\/wp-content\/uploads\/2020\/06\/pair-twistback-twist-machine\u526f\u672c-1024x389.jpg 1024w, https:\/\/hkcablemachine.com\/wp-content\/uploads\/2020\/06\/pair-twistback-twist-machine\u526f\u672c-700x266.jpg 700w\" sizes=\"(max-width: 1306px) 100vw, 1306px\" \/><\/a><figcaption><\/figcaption><\/figure>\n\n\n\n<p><\/p>\n\n\n\n<h3 class=\"wp-block-heading\">M\u00e1quina de tor\u00e7\u00e3o de pares:<\/h3>\n\n\n\n<ol class=\"wp-block-list\">\n<li>Velocidade m\u00e1xima de revolu\u00e7\u00e3o: M\u00e1x. 2500 rpm, sem per\u00edodo de ajuste<\/li>\n\n\n\n<li>Eixo de recolhimento: \u03a6500mm, curso transversal: 280mm<\/li>\n\n\n\n<li>Di\u00e2metro do fio de entrada: \u03a60,5 mm-\u03a61,5 mm<\/li>\n\n\n\n<li>Passo de encordoamento: 4,22 mm ~ 41,62 mm, tipo de troca de marcha<\/li>\n<\/ol>\n\n\n\n<h3 class=\"wp-block-heading\">M\u00e1quina de tor\u00e7\u00e3o para tr\u00e1s:<\/h3>\n\n\n\n<ol class=\"wp-block-list\">\n<li>Tipo: arm\u00e1rio vertical, tambor duplo, tambor de arame com eleva\u00e7\u00e3o el\u00e9trica<\/li>\n\n\n\n<li>Velocidade m\u00e1xima de revolu\u00e7\u00e3o: M\u00e1x. 1000 rpm<\/li>\n\n\n\n<li>Taxa de tor\u00e7\u00e3o para tr\u00e1s: M\u00e1x. 80% ajust\u00e1vel continuamente<\/li>\n\n\n\n<li>Carretel de desbobinamento: \u03a6500mm (di\u00e2metro externo) \u00d7\u03a656mm (di\u00e2metro interno) \u00d7\u03a6300mm (largura)<\/li>\n<\/ol>\n\n\n\n<h3 class=\"wp-block-heading\"><span style=\"color: #30ae43;\"><strong>3.HK-800 M\u00c1QUINA DE TOR\u00c7\u00c3O \u00daNICA TIPO CANTILEVER<\/strong><\/span><\/h3>\n\n\n\n<figure class=\"wp-block-image aligncenter\"><a href=\"https:\/\/hkcablemachine.com\/wp-content\/uploads\/2020\/06\/\u5b8f\u51ef2020\u753b\u518c-167.jpg\"><img decoding=\"async\" width=\"1460\" height=\"679\" src=\"https:\/\/hkcablemachine.com\/wp-content\/uploads\/2020\/06\/\u5b8f\u51ef2020\u753b\u518c-167.jpg\" alt=\"m\u00e1quina de tor\u00e7\u00e3o \u00fanica cantilever\" class=\"wp-image-3601\" title=\"\" srcset=\"https:\/\/hkcablemachine.com\/wp-content\/uploads\/2020\/06\/\u5b8f\u51ef2020\u753b\u518c-167.jpg 1460w, https:\/\/hkcablemachine.com\/wp-content\/uploads\/2020\/06\/\u5b8f\u51ef2020\u753b\u518c-167-18x8.jpg 18w, https:\/\/hkcablemachine.com\/wp-content\/uploads\/2020\/06\/\u5b8f\u51ef2020\u753b\u518c-167-768x357.jpg 768w, https:\/\/hkcablemachine.com\/wp-content\/uploads\/2020\/06\/\u5b8f\u51ef2020\u753b\u518c-167-1024x476.jpg 1024w, https:\/\/hkcablemachine.com\/wp-content\/uploads\/2020\/06\/\u5b8f\u51ef2020\u753b\u518c-167-700x326.jpg 700w\" sizes=\"(max-width: 1460px) 100vw, 1460px\" \/><\/a><figcaption><\/figcaption><\/figure>\n\n\n\n<p><\/p>\n\n\n\n<ul class=\"wp-block-list\">\n<li>Cremalheira de pagamento motorizada: coloque 4 bobinas de \u03a6400-630 mm com o cabo torcido, controle do sensor de deslocamento, controle de tens\u00e3o do tipo oscilante e pare automaticamente quando o fio for quebrado<\/li>\n\n\n\n<li>Suporte de cubo: juntando o cabo para enrolar<\/li>\n\n\n\n<li>M\u00e1quina de embrulhar central: Tambor rotativo para fita: 250 mm. Largura: 10 mm. Velocidade de embrulhar: M\u00e1x. 2500 rpm.<\/li>\n\n\n\n<li>M\u00e1quina de tor\u00e7\u00e3o \u00fanica cantilever \u03a6800mm:<\/li>\n<\/ul>\n\n\n\n<ol class=\"wp-block-list\">\n<li>Di\u00e2metro do fio \u00fanico: \u03a60,8-4,0 mm cobrindo o fio<\/li>\n\n\n\n<li>Velocidade de revolu\u00e7\u00e3o do eixo principal: <strong>M\u00e1x. 800 rpm\/min<\/strong><\/li>\n\n\n\n<li>conjunto de afina\u00e7\u00e3o: configura\u00e7\u00e3o na tela de toque, controle por <strong>Siemens PLC<\/strong>, dist\u00e2ncia de acelera\u00e7\u00e3o e desacelera\u00e7\u00e3o est\u00e1vel do guincho.<\/li>\n\n\n\n<li>Motor: <strong>Siemens<\/strong>, Transdutor: <strong>Emerson<\/strong><\/li>\n<\/ol>\n\n\n\n<h3 class=\"wp-block-heading\"><strong><span style=\"color: #30ae43;\">4.LINHA DE PRODU\u00c7\u00c3O DE REVESTIMENTO DE CONTROLE PLC HK-80<\/span><\/strong><\/h3>\n\n\n\n<figure class=\"wp-block-image aligncenter\"><a href=\"https:\/\/hkcablemachine.com\/wp-content\/uploads\/2020\/06\/Lan-cable-sheathing-line.jpg\"><img loading=\"lazy\" decoding=\"async\" width=\"1099\" height=\"575\" src=\"https:\/\/hkcablemachine.com\/wp-content\/uploads\/2020\/06\/Lan-cable-sheathing-line.jpg\" alt=\"linha de revestimento de cabo LAN\" class=\"wp-image-3590\" title=\"\" srcset=\"https:\/\/hkcablemachine.com\/wp-content\/uploads\/2020\/06\/Lan-cable-sheathing-line.jpg 1099w, https:\/\/hkcablemachine.com\/wp-content\/uploads\/2020\/06\/Lan-cable-sheathing-line-18x9.jpg 18w, https:\/\/hkcablemachine.com\/wp-content\/uploads\/2020\/06\/Lan-cable-sheathing-line-768x402.jpg 768w, https:\/\/hkcablemachine.com\/wp-content\/uploads\/2020\/06\/Lan-cable-sheathing-line-1024x536.jpg 1024w, https:\/\/hkcablemachine.com\/wp-content\/uploads\/2020\/06\/Lan-cable-sheathing-line-700x366.jpg 700w\" sizes=\"(max-width: 1099px) 100vw, 1099px\" \/><\/a><figcaption><\/figcaption><\/figure>\n\n\n\n<p><\/p>\n\n\n\n<ul class=\"wp-block-list\">\n<li>P\u00f3 magn\u00e9tico de cabe\u00e7a dupla: coloque a bobina de \u03a6630\u2014\u03a6800mm, parada autom\u00e1tica sem fio quebrado<\/li>\n\n\n\n<li>Plataforma reta de fio de cobre: endireite o cabo<\/li>\n\n\n\n<li>Extrusora principal: 15HP <strong>Siemens<\/strong>+<strong>Emerson<\/strong> Transdutor com cruzeta de ajuste livre<\/li>\n\n\n\n<li>M\u00e1quina de infus\u00e3o de cores \u03c635mm: usada para extrus\u00e3o de auxiliares<\/li>\n\n\n\n<li>Gabinete principal: controle de temperatura por <strong>RKC<\/strong>, controle de troca por <strong>Schneider<\/strong>, painel de toque principal: <strong>Siemens<\/strong><\/li>\n\n\n\n<li>Calha de \u00e1gua de 1,5 m + 8 m: resfriando o cabo em alta velocidade.<\/li>\n\n\n\n<li>Cabrestante: <strong>V\u2264450m\/min<\/strong>\u00a0\u00e9 um controle de a\u00e7\u00e3o coordenado com o motor principal.<\/li>\n\n\n\n<li>Acumulador: Comprimento de armazenamento do fio: 10m-150m, conectado \u00e0 m\u00e1quina de recolhimento<\/li>\n\n\n\n<li>M\u00e1quina de fa\u00edsca de alta frequ\u00eancia: \u00e9 aplicada para o teste de resist\u00eancia \u00e0 press\u00e3o sob movimento sem linha de fios e cabos el\u00e9tricos.<\/li>\n\n\n\n<li>M\u00e1quina de recolhimento: estilo de rolo e eixo \u03a6400~\u03a6630mm, velocidade da linha <strong>V\u2264450m\/min<\/strong>.<\/li>\n<\/ul>\n\n\n\n<p>&nbsp;<\/p>\n\n\n\n<figure class=\"wp-block-image aligncenter\"><a href=\"https:\/\/hkcablemachine.com\/wp-content\/uploads\/2020\/06\/lan-cable-machines-layout.png\"><img decoding=\"async\" src=\"https:\/\/hkcablemachine.com\/wp-content\/uploads\/2020\/06\/lan-cable-machines-layout.png\" alt=\"m\u00e1quina de produ\u00e7\u00e3o cat 5\/5e\" class=\"wp-image-9198\" title=\"\"><\/a><figcaption><\/figcaption><\/figure>\n\n\n\n<figure class=\"wp-block-embed is-type-video is-provider-youtube wp-block-embed-youtube wp-embed-aspect-16-9 wp-has-aspect-ratio\"><div class=\"wp-block-embed__wrapper\">\n<iframe title=\"HK-80 PLC Control Cable Sheathing Line | On-Site at Lebanon Client&#039;s Factory\" width=\"500\" height=\"281\" src=\"https:\/\/www.youtube.com\/embed\/dA9htHCEh00?feature=oembed\" frameborder=\"0\" allow=\"accelerometer; autoplay; clipboard-write; encrypted-media; gyroscope; picture-in-picture; web-share\" referrerpolicy=\"strict-origin-when-cross-origin\" allowfullscreen><\/iframe>\n<\/div><\/figure>\n\n\n\n<p>&nbsp;<\/p>\n\n\n\n<p><\/p>\n\n\n\n<p>&nbsp;<\/p>","protected":false},"excerpt":{"rendered":"<h2><strong><span style=\"color: #51ac40;\">O que \u00e9 o cabo Cat5?<\/span><\/strong><\/h2>\n<p>There&#8217;s a lot of confusion about what cat5 cable is. Some people think it&#8217;s a type of cat food, while others believe it&#8217;s a new style of cat toy. The truth is, cat5 cable is actually a type of computer networking cable. It&#8217;s used to connect computers and other devices to each other and can carry data at speeds of up to 100 Mbps. Structurally the <strong>Cabo Cat5<\/strong> consiste nos seguintes componentes.<\/p>\n<ol>\n<li><strong>fio de cobre<\/strong><\/li>\n<li><strong>Revestimento de PE\/PVC com fio de cobre<\/strong><\/li>\n<li><b>Coloque depois da jaqueta de PE<\/b><\/li>\n<li><strong>Corda rasgada<\/strong><\/li>\n<li><strong>Jaqueta PE de todos<\/strong><\/li>\n<\/ol>\n<h2><strong><span style=\"color: #51ac40;\">Como produzir o cabo Cat5?<\/span><\/strong><\/h2>\n<p>Portanto, essas linhas de produ\u00e7\u00e3o precisam de equipamentos para concluir:<\/p>\n<ol>\n<li><strong><strong>Linha de produ\u00e7\u00e3o de isolamento de fio de n\u00facleo de controle PLC HK-50+35 <\/strong><\/strong>para extrus\u00e3o de material PE\/PVC para <strong>fio de cobre.<\/strong><\/li>\n<li><strong><strong>M\u00e1quina de tor\u00e7\u00e3o de pares e costas HK-500 <\/strong><\/strong>para torcer e torcer para tr\u00e1s os cabos de isolamento.<\/li>\n<li><strong><strong>M\u00e1quina de tor\u00e7\u00e3o simples tipo cantilever HK-800\u00a0<\/strong><\/strong>para torcer os cabos de isolamento de 4 pares com <strong>corda de corte<\/strong> junto.<\/li>\n<li><strong>Linha de produ\u00e7\u00e3o de revestimentos com controle PLC HK-80 <\/strong>para fazer o<strong> Jaqueta de PE <\/strong>de todo o cabo.<\/li>\n<\/ol>","protected":false},"featured_media":9341,"template":"","meta":{"site-sidebar-layout":"default","site-content-layout":"default","ast-site-content-layout":"default","site-content-style":"default","site-sidebar-style":"default","ast-global-header-display":"","ast-banner-title-visibility":"","ast-main-header-display":"","ast-hfb-above-header-display":"","ast-hfb-below-header-display":"","ast-hfb-mobile-header-display":"","site-post-title":"","ast-breadcrumbs-content":"","ast-featured-img":"","footer-sml-layout":"","ast-disable-related-posts":"","theme-transparent-header-meta":"default","adv-header-id-meta":"","stick-header-meta":"","header-above-stick-meta":"","header-main-stick-meta":"","header-below-stick-meta":"","astra-migrate-meta-layouts":"set","ast-page-background-enabled":"default","ast-page-background-meta":{"desktop":{"background-color":"","background-image":"","background-repeat":"repeat","background-position":"center center","background-size":"auto","background-attachment":"scroll","background-type":"","background-media":"","overlay-type":"","overlay-color":"","overlay-opacity":"","overlay-gradient":""},"tablet":{"background-color":"","background-image":"","background-repeat":"repeat","background-position":"center center","background-size":"auto","background-attachment":"scroll","background-type":"","background-media":"","overlay-type":"","overlay-color":"","overlay-opacity":"","overlay-gradient":""},"mobile":{"background-color":"","background-image":"","background-repeat":"repeat","background-position":"center center","background-size":"auto","background-attachment":"scroll","background-type":"","background-media":"","overlay-type":"","overlay-color":"","overlay-opacity":"","overlay-gradient":""}},"ast-content-background-meta":{"desktop":{"background-color":"var(--ast-global-color-5)","background-image":"","background-repeat":"repeat","background-position":"center center","background-size":"auto","background-attachment":"scroll","background-type":"","background-media":"","overlay-type":"","overlay-color":"","overlay-opacity":"","overlay-gradient":""},"tablet":{"background-color":"var(--ast-global-color-5)","background-image":"","background-repeat":"repeat","background-position":"center center","background-size":"auto","background-attachment":"scroll","background-type":"","background-media":"","overlay-type":"","overlay-color":"","overlay-opacity":"","overlay-gradient":""},"mobile":{"background-color":"var(--ast-global-color-5)","background-image":"","background-repeat":"repeat","background-position":"center center","background-size":"auto","background-attachment":"scroll","background-type":"","background-media":"","overlay-type":"","overlay-color":"","overlay-opacity":"","overlay-gradient":""}}},"product_brand":[],"product_cat":[883],"product_tag":[424],"class_list":{"0":"post-3587","1":"product","2":"type-product","3":"status-publish","4":"has-post-thumbnail","6":"product_cat-cat-5-5e-machine","7":"product_tag-lan-cable-machine","8":"desktop-align-left","9":"tablet-align-left","10":"mobile-align-left","12":"first","13":"instock","14":"shipping-taxable","15":"product-type-simple"},"_links":{"self":[{"href":"https:\/\/hkcablemachine.com\/pt\/wp-json\/wp\/v2\/product\/3587","targetHints":{"allow":["GET"]}}],"collection":[{"href":"https:\/\/hkcablemachine.com\/pt\/wp-json\/wp\/v2\/product"}],"about":[{"href":"https:\/\/hkcablemachine.com\/pt\/wp-json\/wp\/v2\/types\/product"}],"wp:featuredmedia":[{"embeddable":true,"href":"https:\/\/hkcablemachine.com\/pt\/wp-json\/wp\/v2\/media\/9341"}],"wp:attachment":[{"href":"https:\/\/hkcablemachine.com\/pt\/wp-json\/wp\/v2\/media?parent=3587"}],"wp:term":[{"taxonomy":"product_brand","embeddable":true,"href":"https:\/\/hkcablemachine.com\/pt\/wp-json\/wp\/v2\/product_brand?post=3587"},{"taxonomy":"product_cat","embeddable":true,"href":"https:\/\/hkcablemachine.com\/pt\/wp-json\/wp\/v2\/product_cat?post=3587"},{"taxonomy":"product_tag","embeddable":true,"href":"https:\/\/hkcablemachine.com\/pt\/wp-json\/wp\/v2\/product_tag?post=3587"}],"curies":[{"name":"wp","href":"https:\/\/api.w.org\/{rel}","templated":true}]}}