{"id":3167,"date":"2020-03-30T15:22:22","date_gmt":"2020-03-30T07:22:22","guid":{"rendered":"https:\/\/hkcablemachine.com\/?post_type=product&#038;p=3167"},"modified":"2025-08-25T11:05:12","modified_gmt":"2025-08-25T03:05:12","slug":"gyxtw-cable-production-line","status":"publish","type":"product","link":"https:\/\/hkcablemachine.com\/pt\/gyxtw-cable-production-line\/","title":{"rendered":"LINHA DE PRODU\u00c7\u00c3O DE CABOS GYXTW"},"content":{"rendered":"<h3 class=\"wp-block-heading\"><span style=\"font-size: 1.5em; font-weight: bold; color: #30ae43;\">1.HK-235 M\u00c1QUINA DE COLORA\u00c7\u00c3O E REBOBINAGEM<\/span><\/h3>\n\n\n\n<figure class=\"wp-block-image aligncenter\"><a href=\"https:\/\/hkcablemachine.com\/wp-content\/uploads\/2021\/06\/Coloring-Machine.png\"><img fetchpriority=\"high\" decoding=\"async\" width=\"1866\" height=\"2029\" src=\"https:\/\/hkcablemachine.com\/wp-content\/uploads\/2021\/06\/Coloring-Machine.png\" alt=\"m\u00e1quina de colorir\" class=\"wp-image-5614\" title=\"\" srcset=\"https:\/\/hkcablemachine.com\/wp-content\/uploads\/2021\/06\/Coloring-Machine.png 1866w, https:\/\/hkcablemachine.com\/wp-content\/uploads\/2021\/06\/Coloring-Machine-11x12.png 11w, https:\/\/hkcablemachine.com\/wp-content\/uploads\/2021\/06\/Coloring-Machine-768x835.png 768w, https:\/\/hkcablemachine.com\/wp-content\/uploads\/2021\/06\/Coloring-Machine-942x1024.png 942w, https:\/\/hkcablemachine.com\/wp-content\/uploads\/2021\/06\/Coloring-Machine-1413x1536.png 1413w, https:\/\/hkcablemachine.com\/wp-content\/uploads\/2021\/06\/Coloring-Machine-700x761.png 700w\" sizes=\"(max-width: 1866px) 100vw, 1866px\" \/><\/a><figcaption><\/figcaption><\/figure>\n\n\n\n<p><\/p>\n\n\n\n<ul class=\"wp-block-list\">\n<li>Esta m\u00e1quina \u00e9 usada para colorir ou rebobinar o <strong>N\u00facleo de fibra\u00a0<\/strong>como uma cor de 12<\/li>\n\n\n\n<li>Velocidade de colora\u00e7\u00e3o: 1500m\/min<\/li>\n\n\n\n<li>Velocidade de rebobinamento: 1800 m\/min<\/li>\n\n\n\n<li>CLP: Siemens<\/li>\n\n\n\n<li>Tela sens\u00edvel ao toque: Kinco<\/li>\n\n\n\n<li>L\u00e2mpada UV: 7,5 KW, <strong>Alem\u00e3o<\/strong> importa\u00e7\u00f5es de fornecimento de energia el\u00e9trica<\/li>\n<\/ul>\n\n\n\n<h3 class=\"wp-block-heading\"><span style=\"font-size: 1.5em; font-weight: bold; color: #30ae43;\">2.HK-50 IPC+PLC CONTROLE LINHA DE PRODU\u00c7\u00c3O DE TUBOS A FOLGA<\/span><\/h3>\n\n\n\n<figure class=\"wp-block-image aligncenter\"><a href=\"https:\/\/hkcablemachine.com\/wp-content\/uploads\/2020\/12\/Optical-Fiber-Secondary-Coating-Production-Line-auto-scaled.jpg\"><img decoding=\"async\" src=\"https:\/\/hkcablemachine.com\/wp-content\/uploads\/2020\/12\/Optical-Fiber-Secondary-Coating-Production-Line-auto-scaled.jpg\" alt=\"Linha de produ\u00e7\u00e3o de revestimento secund\u00e1rio de fibra \u00f3ptica autom\u00f3vel\" class=\"wp-image-4477\" title=\"\"><\/a><figcaption><\/figcaption><\/figure>\n\n\n\n<p><\/p>\n\n\n\n<ul class=\"wp-block-list\">\n<li><span style=\"font-size: 16px;\">1-12 Cabe\u00e7as de fibra compensam: coloque 1-12 n\u00facleos de fibra por <strong>Danfoss<\/strong> motorista.<\/span><\/li>\n\n\n\n<li>M\u00e1quina de enchimento de geleia: encha o tubo solto com geleia e retire o ar automaticamente.<\/li>\n\n\n\n<li>Dispositivo de remo\u00e7\u00e3o eletrost\u00e1tica: remove impurezas da superf\u00edcie da fibra antes da extrusora.<\/li>\n\n\n\n<li>Compostor de masterbatch: preencha o masterbatch de cor com outra cor.<\/li>\n\n\n\n<li>M\u00e1quina de secagem e funil autom\u00e1tico: funil e secadora a mat\u00e9ria-prima automaticamente.<\/li>\n\n\n\n<li>Extrusora principal: utilizando o parafuso de melhor qualidade da China, extrus\u00e3o do material PP\/PPT. E o motor utilizando <strong>Siemens.<\/strong><\/li>\n\n\n\n<li>Gabinete de controle: controle PLC + IPC, opera\u00e7\u00e3o mais f\u00e1cil para o trabalhador, o transdutor usando americano\u00a0<strong>Emerson<\/strong>, outras pe\u00e7as el\u00e9tricas usando\u00a0<strong>Schneider<\/strong>.<\/li>\n\n\n\n<li>Calha de \u00e1gua morna e fria: resfriando o fio lentamente.<\/li>\n\n\n\n<li>Medidor de di\u00e2metro: exibe o di\u00e2metro real do cabo ao operador.<\/li>\n\n\n\n<li>Cabrestante: altera automaticamente a velocidade da linha por\u00a0<strong>Panasonic<\/strong>\u00a0servo.<\/li>\n\n\n\n<li>Recolhimento semiautom\u00e1tico: motor usando\u00a0<strong>Siemens<\/strong>, transdutor usando\u00a0<strong>Emerson<\/strong>, o sistema de controle por 7 polegadas\u00a0<strong>Kinco <\/strong>tela sens\u00edvel ao toque mais <strong>CLP Siemens S7-200<\/strong> controle. Ele trocar\u00e1 a bobina de fio automaticamente quando uma pe\u00e7a estiver cheia.<\/li>\n<\/ul>\n\n\n\n<h3 class=\"wp-block-heading\"><span style=\"font-size: 1.5em; font-weight: bold; color: #30ae43;\">3.<\/span><span style=\"font-size: 1.5em; font-weight: bold; color: #30ae43;\">LINHA DE PRODU\u00c7\u00c3O DE REVESTIMENTO DE CABOS \u00d3PTICOS HK-90<\/span><\/h3>\n\n\n\n<figure class=\"wp-block-image aligncenter\"><a href=\"https:\/\/hkcablemachine.com\/wp-content\/uploads\/2020\/03\/HK-90-Optical-Fiber-Sheath-Production-Line-for-GYXTW-scaled.jpg\"><img decoding=\"async\" src=\"https:\/\/hkcablemachine.com\/wp-content\/uploads\/2020\/03\/HK-90-Optical-Fiber-Sheath-Production-Line-for-GYXTW-scaled.jpg\" alt=\"Linha de produ\u00e7\u00e3o de bainha de fibra \u00f3ptica HK 90 para Gyxtw\" class=\"wp-image-4516\" title=\"\"><\/a><figcaption><\/figcaption><\/figure>\n\n\n\n<p><\/p>\n\n\n\n<ul class=\"wp-block-list\">\n<li><span style=\"font-size: 16px;\">Desempeno do tubo solto: colocar o tubo solto desde a primeira etapa de levantamento, levantando por meio el\u00e9trico,\u00a0<strong>Siemens<\/strong> motor mais<strong> Emerson<\/strong> Dirigir.\u00a0<\/span><\/li>\n\n\n\n<li>Desembolso do fio mensageiro* 2 conjuntos: coloque no fio mensageiro.<\/li>\n\n\n\n<li>Fita dupla de a\u00e7o e alum\u00ednio compensa: aplicar sobre a\u00e7o e alum\u00ednio.<\/li>\n\n\n\n<li>Dispositivo de soldagem de costura on-line: solda de junta de a\u00e7o e fita de alum\u00ednio ao trocar um tambor de fita por outro.<\/li>\n\n\n\n<li>Dispositivo de ondula\u00e7\u00e3o de fita met\u00e1lica: corruga o a\u00e7o alum\u00ednio antes da extrusora.<\/li>\n\n\n\n<li>Dispositivo de conforma\u00e7\u00e3o longitudinal de fita met\u00e1lica: conforma\u00e7\u00e3o longitudinal e di\u00e2metro fixo antes da extrusora<\/li>\n\n\n\n<li>Retorno do fio de aramida: tor\u00e7a o fio de aramida com o tubo solto ap\u00f3s o alum\u00ednio - o controle de tens\u00e3o por cada um <strong>amortecimento magn\u00e9tico<\/strong>.<\/li>\n\n\n\n<li>M\u00e1quina de secagem e funil autom\u00e1tico: funil e secadora a mat\u00e9ria-prima automaticamente.<\/li>\n\n\n\n<li>Extrusora principal: utilizando o parafuso de melhor qualidade da China, extrus\u00e3o do material PE\/PVC. E o motor utilizando <strong>Siemens.<\/strong><\/li>\n\n\n\n<li>Gabinete de controle: controle PLC + IPC, opera\u00e7\u00e3o mais f\u00e1cil para o trabalhador, o transdutor usando americano\u00a0<strong>Emerson<\/strong>, outras pe\u00e7as el\u00e9tricas usando\u00a0<strong>Schneider<\/strong>.<\/li>\n\n\n\n<li>Calha de \u00e1gua morna e fria: resfriando o fio lentamente.<\/li>\n\n\n\n<li>Medidor de di\u00e2metro: exibe o di\u00e2metro real do cabo ao operador.<\/li>\n\n\n\n<li>Cabrestante: Pot\u00eancia: 7,5 kW\u00a0<strong>Siemens <\/strong>motor + Caixa de Desacelera\u00e7\u00e3o + 7,5KW Americano\u00a0<strong>Emerson <\/strong>transdutor + regulador de velocidade.<\/li>\n\n\n\n<li>Cilindro dan\u00e7arino: liga\u00e7\u00e3o com o take-up, potenci\u00f4metro + controle do cilindro<\/li>\n\n\n\n<li>800-1600mm Tipo de p\u00f3rtico de capta\u00e7\u00e3o: Motor: <strong>Siemens<\/strong>, Dirigir: <strong>Emerson<\/strong>, Tela sens\u00edvel ao toque: <strong>Siemens<\/strong>, Sistema PLC: <strong>Siemens s7-1200<\/strong><\/li>\n<\/ul>\n\n\n\n<figure class=\"wp-block-image aligncenter wp-image-6006\"><img decoding=\"async\" width=\"2048\" height=\"500\" src=\"https:\/\/hkcablemachine.com\/wp-content\/uploads\/2020\/03\/GYXTWHK-5090-Lines-Layout.png\" alt=\"(gyxtw)hk layout da linha 50+90\" class=\"wp-image-6006\" title=\"\" srcset=\"https:\/\/hkcablemachine.com\/wp-content\/uploads\/2020\/03\/GYXTWHK-5090-Lines-Layout.png 2048w, https:\/\/hkcablemachine.com\/wp-content\/uploads\/2020\/03\/GYXTWHK-5090-Lines-Layout-768x188.png 768w, https:\/\/hkcablemachine.com\/wp-content\/uploads\/2020\/03\/GYXTWHK-5090-Lines-Layout-1024x250.png 1024w, https:\/\/hkcablemachine.com\/wp-content\/uploads\/2020\/03\/GYXTWHK-5090-Lines-Layout-1536x375.png 1536w, https:\/\/hkcablemachine.com\/wp-content\/uploads\/2020\/03\/GYXTWHK-5090-Lines-Layout-18x4.png 18w, https:\/\/hkcablemachine.com\/wp-content\/uploads\/2020\/03\/GYXTWHK-5090-Lines-Layout-700x171.png 700w\" sizes=\"(max-width: 2048px) 100vw, 2048px\" \/><figcaption class=\"wp-element-caption\">(GYXTW)Layout da linha HK-50+90<\/figcaption><\/figure>\n\n\n\n<figure class=\"wp-block-embed is-type-video is-provider-youtube wp-block-embed-youtube wp-embed-aspect-16-9 wp-has-aspect-ratio\"><div class=\"wp-block-embed__wrapper\">\n<iframe title=\"Voc\u00ea sabe como fazer o cabo \u00f3ptico &#039;GYXTW&#039;? - Linha de produ\u00e7\u00e3o de cabos \u00f3pticos com revestimento HK-90+45\" width=\"500\" height=\"281\" src=\"https:\/\/www.youtube.com\/embed\/EDpi69xM6HI?feature=oembed\" frameborder=\"0\" allow=\"accelerometer; autoplay; clipboard-write; encrypted-media; gyroscope; picture-in-picture; web-share\" referrerpolicy=\"strict-origin-when-cross-origin\" allowfullscreen><\/iframe>\n<\/div><\/figure>","protected":false},"excerpt":{"rendered":"<h2><strong><span style=\"color: #51ac40;\">O que \u00e9 o cabo GYXTW?<\/span><\/strong><\/h2>\n<p>O cabo \u00f3ptico GYXTW \u00e9 um tipo de cabo de fibra \u00f3ptica utilizado para telecomunica\u00e7\u00f5es de longa dist\u00e2ncia e transmiss\u00e3o de dados. O cabo consiste em duas fibras \u00f3pticas envoltas por um material diel\u00e9trico. O material diel\u00e9trico ajuda a proteger as fibras \u00f3pticas contra danos e tamb\u00e9m a reduzir a perda de sinal.<\/p>\n<p>Estruturalmente o <strong>GYXTW<\/strong><strong>\u00a0cabo<\/strong> consiste nos seguintes componentes.<\/p>\n<ol>\n<li><strong>1-12 n\u00facleos N\u00facleo de fibra colorida<\/strong><\/li>\n<li><strong>Arame de A\u00e7o Blindado<\/strong><\/li>\n<li><strong>Suporte de fio de a\u00e7o\/FRP<\/strong><\/li>\n<li><strong>Jaqueta de PE<\/strong><\/li>\n<\/ol>\n<h2><strong><span style=\"color: #51ac40;\">Como produzir o cabo GYXTW?<\/span><\/strong><\/h2>\n<p>Portanto, essas linhas de produ\u00e7\u00e3o precisam de equipamentos para concluir:<\/p>\n<ol>\n<li><strong>M\u00e1quina de colorir e rebobinar HK-235 <\/strong>para colorir os n\u00facleos 1-12 <strong>N\u00facleo de fibra<\/strong><\/li>\n<li><strong>Linha de produ\u00e7\u00e3o de cabos de tubo solto com controle IPC+PLC HK-50 <\/strong>para terminar o <b>Tubo PBT\u00a0<\/b>e preenchendo o <strong>Gel\u00e9ia<\/strong> Dentro dele<\/li>\n<li><strong>Linha de produ\u00e7\u00e3o de revestimento de controle IPC+PLC HK-90 <\/strong>para fazer o<strong> Arame de a\u00e7o blindado\/arame de a\u00e7o\/FRP <\/strong>com <strong>Jaqueta <\/strong>ambos.<\/li>\n<\/ol>","protected":false},"featured_media":3128,"template":"","meta":{"site-sidebar-layout":"default","site-content-layout":"default","ast-site-content-layout":"default","site-content-style":"default","site-sidebar-style":"default","ast-global-header-display":"","ast-banner-title-visibility":"","ast-main-header-display":"","ast-hfb-above-header-display":"","ast-hfb-below-header-display":"","ast-hfb-mobile-header-display":"","site-post-title":"","ast-breadcrumbs-content":"","ast-featured-img":"","footer-sml-layout":"","ast-disable-related-posts":"","theme-transparent-header-meta":"default","adv-header-id-meta":"","stick-header-meta":"","header-above-stick-meta":"","header-main-stick-meta":"","header-below-stick-meta":"","astra-migrate-meta-layouts":"set","ast-page-background-enabled":"default","ast-page-background-meta":{"desktop":{"background-color":"","background-image":"","background-repeat":"repeat","background-position":"center center","background-size":"auto","background-attachment":"scroll","background-type":"","background-media":"","overlay-type":"","overlay-color":"","overlay-opacity":"","overlay-gradient":""},"tablet":{"background-color":"","background-image":"","background-repeat":"repeat","background-position":"center center","background-size":"auto","background-attachment":"scroll","background-type":"","background-media":"","overlay-type":"","overlay-color":"","overlay-opacity":"","overlay-gradient":""},"mobile":{"background-color":"","background-image":"","background-repeat":"repeat","background-position":"center center","background-size":"auto","background-attachment":"scroll","background-type":"","background-media":"","overlay-type":"","overlay-color":"","overlay-opacity":"","overlay-gradient":""}},"ast-content-background-meta":{"desktop":{"background-color":"var(--ast-global-color-5)","background-image":"","background-repeat":"repeat","background-position":"center center","background-size":"auto","background-attachment":"scroll","background-type":"","background-media":"","overlay-type":"","overlay-color":"","overlay-opacity":"","overlay-gradient":""},"tablet":{"background-color":"var(--ast-global-color-5)","background-image":"","background-repeat":"repeat","background-position":"center center","background-size":"auto","background-attachment":"scroll","background-type":"","background-media":"","overlay-type":"","overlay-color":"","overlay-opacity":"","overlay-gradient":""},"mobile":{"background-color":"var(--ast-global-color-5)","background-image":"","background-repeat":"repeat","background-position":"center center","background-size":"auto","background-attachment":"scroll","background-type":"","background-media":"","overlay-type":"","overlay-color":"","overlay-opacity":"","overlay-gradient":""}}},"product_brand":[],"product_cat":[425],"product_tag":[423],"class_list":{"0":"post-3167","1":"product","2":"type-product","3":"status-publish","4":"has-post-thumbnail","6":"product_cat-outdoor-optic-cable-machine","7":"product_tag-outdoor-cable-machine","8":"desktop-align-left","9":"tablet-align-left","10":"mobile-align-left","12":"first","13":"instock","14":"shipping-taxable","15":"product-type-simple"},"_links":{"self":[{"href":"https:\/\/hkcablemachine.com\/pt\/wp-json\/wp\/v2\/product\/3167","targetHints":{"allow":["GET"]}}],"collection":[{"href":"https:\/\/hkcablemachine.com\/pt\/wp-json\/wp\/v2\/product"}],"about":[{"href":"https:\/\/hkcablemachine.com\/pt\/wp-json\/wp\/v2\/types\/product"}],"wp:featuredmedia":[{"embeddable":true,"href":"https:\/\/hkcablemachine.com\/pt\/wp-json\/wp\/v2\/media\/3128"}],"wp:attachment":[{"href":"https:\/\/hkcablemachine.com\/pt\/wp-json\/wp\/v2\/media?parent=3167"}],"wp:term":[{"taxonomy":"product_brand","embeddable":true,"href":"https:\/\/hkcablemachine.com\/pt\/wp-json\/wp\/v2\/product_brand?post=3167"},{"taxonomy":"product_cat","embeddable":true,"href":"https:\/\/hkcablemachine.com\/pt\/wp-json\/wp\/v2\/product_cat?post=3167"},{"taxonomy":"product_tag","embeddable":true,"href":"https:\/\/hkcablemachine.com\/pt\/wp-json\/wp\/v2\/product_tag?post=3167"}],"curies":[{"name":"wp","href":"https:\/\/api.w.org\/{rel}","templated":true}]}}