{"id":2574,"date":"2020-03-04T11:50:51","date_gmt":"2020-03-04T03:50:51","guid":{"rendered":"https:\/\/hkcablemachine.com\/?post_type=product&#038;p=2574"},"modified":"2025-08-25T11:11:06","modified_gmt":"2025-08-25T03:11:06","slug":"gjfv-cable-production-line","status":"publish","type":"product","link":"https:\/\/hkcablemachine.com\/pt\/gjfv-cable-production-line\/","title":{"rendered":"LINHA DE PRODU\u00c7\u00c3O DE CABOS GJFV"},"content":{"rendered":"<h3 class=\"wp-block-heading\"><span style=\"font-size: 1.5em; font-weight: bold; color: #30ae43;\">LINHA DE PRODU\u00c7\u00c3O GJFV HK-50 IPC+PLC CONTROL<\/span><\/h3>\n\n\n\n<figure class=\"wp-block-image\"><img decoding=\"async\" src=\"https:\/\/hkcablemachine.com\/wp-content\/uploads\/2020\/03\/HK-50-GJFV-production-line-scaled.jpg\" alt=\"Linha de produ\u00e7\u00e3o Hk 50 Gjfv\" class=\"wp-image-4506\" title=\"\"><\/figure>\n\n\n\n<p><\/p>\n\n\n\n<ul class=\"wp-block-list\">\n<li>Pagamento de fibra*12: coloque 1-12 n\u00facleos de fibra<\/li>\n\n\n\n<li>O fio de aramida compensa: coloque de 1 a 10 pe\u00e7as de fio de aramida, com tensor ajust\u00e1vel na parte de tr\u00e1s.<\/li>\n\n\n\n<li>Suporte de molde de posicionamento m\u00f3vel: amarra\u00e7\u00e3o do fio antes da extrusora.<\/li>\n\n\n\n<li>M\u00e1quina de secagem e funil autom\u00e1tico: funil e secadora a mat\u00e9ria-prima automaticamente.<\/li>\n\n\n\n<li>Extrusora principal: usando o parafuso de melhor qualidade da China, extrus\u00e3o do\u00a0<strong>PE\/PVC\/TPEE<\/strong>\u00a0material; o motor usando\u00a0<strong>Siemens<\/strong>\u00a0mais um\u00a0<strong>codificador<\/strong>\u00a0e adota controle de circuito fechado para fazer com que a linha de produ\u00e7\u00e3o para mudan\u00e7a de di\u00e2metro seja mais est\u00e1vel durante o aumento ou diminui\u00e7\u00e3o da velocidade da linha.<\/li>\n\n\n\n<li>Gabinete de controle: controle PLC + IPC, opera\u00e7\u00e3o mais f\u00e1cil para o trabalhador, o transdutor usando americano\u00a0<strong>Emerson\/Mitsubishi<\/strong>, Japon\u00eas, outras pe\u00e7as el\u00e9tricas usando\u00a0<strong>Schneider<\/strong>.<\/li>\n\n\n\n<li>Calha de \u00e1gua morna e fria: resfriando o fio lentamente.<\/li>\n\n\n\n<li>Medidor de di\u00e2metro: exibe o di\u00e2metro real do cabo ao operador.<\/li>\n\n\n\n<li>Cabrestante: altera automaticamente a velocidade da linha por\u00a0<strong>Panasonic<\/strong>\u00a0servo mais\u00a0<strong>Caixa de velocidade<\/strong>.<\/li>\n\n\n\n<li>Assumir: motor usando\u00a0<strong>Siemens<\/strong>, atravessando por\u00a0<strong>servo<\/strong>\u00a0e tamb\u00e9m possui uma tela para aumentar\/diminuir a velocidade do operador.<\/li>\n<\/ul>\n\n\n\n<p>&nbsp;<\/p>\n\n\n\n<figure class=\"wp-block-image aligncenter wp-image-5994\"><img decoding=\"async\" src=\"https:\/\/hkcablemachine.com\/wp-content\/uploads\/2020\/03\/HK-50-Lines-layout.png\" alt=\"layout da linha hk 50\" class=\"wp-image-5994\" title=\"\"><figcaption class=\"wp-element-caption\">Layout da linha HK-50<\/figcaption><\/figure>\n\n\n\n<figure class=\"wp-block-embed is-type-video is-provider-youtube wp-block-embed-youtube wp-embed-aspect-16-9 wp-has-aspect-ratio\"><div class=\"wp-block-embed__wrapper\">\n<iframe title=\"Linha de produ\u00e7\u00e3o de cabos drop FTTH | Como produzir o cabo drop FTTH #, m\u00e1quina #, fabricante #\" width=\"500\" height=\"281\" src=\"https:\/\/www.youtube.com\/embed\/YolRs2SpP4c?feature=oembed\" frameborder=\"0\" allow=\"accelerometer; autoplay; clipboard-write; encrypted-media; gyroscope; picture-in-picture; web-share\" referrerpolicy=\"strict-origin-when-cross-origin\" allowfullscreen><\/iframe>\n<\/div><\/figure>\n\n\n\n<p>&nbsp;<\/p>","protected":false},"excerpt":{"rendered":"<h2><strong><span style=\"color: #51ac40;\">O que \u00e9 o cabo GJFV?<\/span><\/strong><\/h2>\n<p>O cabo GJFV \u00e9 um cabo \u00f3ptico utilizado em diversas aplica\u00e7\u00f5es. \u00c9 composto por duas fibras monomodo revestidas por um revestimento diel\u00e9trico.<\/p>\n<p>Estruturalmente o <b>Cabo GJFC <\/b>consiste nos seguintes componentes.<\/p>\n<ol>\n<li><strong>1-12 n\u00facleos de fibra<\/strong><\/li>\n<li><strong>Fio de aramida<\/strong><\/li>\n<li><strong>Jaqueta LSZH<\/strong><\/li>\n<\/ol>\n<h2><strong><span style=\"color: #51ac40;\">Como produzir o cabo GJFV?<\/span><\/strong><\/h2>\n<p>Ent\u00e3o \u00e9 feito pela seguinte linha:<\/p>\n<ol>\n<li>Os n\u00facleos de fibra coloridos podem ser obtidos na empresa YOFC\/ZTT\/FIBER HOME.<\/li>\n<li><strong>Linha de produ\u00e7\u00e3o de cabos GJFV com controle IPC+PLC HK-50 <\/strong>para terminar o <strong>Fio de aramida<\/strong> e <strong>Jaqueta<\/strong> Papel<\/li>\n<\/ol>","protected":false},"featured_media":3107,"template":"","meta":{"site-sidebar-layout":"default","site-content-layout":"default","ast-site-content-layout":"default","site-content-style":"default","site-sidebar-style":"default","ast-global-header-display":"","ast-banner-title-visibility":"","ast-main-header-display":"","ast-hfb-above-header-display":"","ast-hfb-below-header-display":"","ast-hfb-mobile-header-display":"","site-post-title":"","ast-breadcrumbs-content":"","ast-featured-img":"","footer-sml-layout":"","ast-disable-related-posts":"","theme-transparent-header-meta":"default","adv-header-id-meta":"","stick-header-meta":"","header-above-stick-meta":"","header-main-stick-meta":"","header-below-stick-meta":"","astra-migrate-meta-layouts":"set","ast-page-background-enabled":"default","ast-page-background-meta":{"desktop":{"background-color":"","background-image":"","background-repeat":"repeat","background-position":"center center","background-size":"auto","background-attachment":"scroll","background-type":"","background-media":"","overlay-type":"","overlay-color":"","overlay-opacity":"","overlay-gradient":""},"tablet":{"background-color":"","background-image":"","background-repeat":"repeat","background-position":"center center","background-size":"auto","background-attachment":"scroll","background-type":"","background-media":"","overlay-type":"","overlay-color":"","overlay-opacity":"","overlay-gradient":""},"mobile":{"background-color":"","background-image":"","background-repeat":"repeat","background-position":"center center","background-size":"auto","background-attachment":"scroll","background-type":"","background-media":"","overlay-type":"","overlay-color":"","overlay-opacity":"","overlay-gradient":""}},"ast-content-background-meta":{"desktop":{"background-color":"var(--ast-global-color-5)","background-image":"","background-repeat":"repeat","background-position":"center center","background-size":"auto","background-attachment":"scroll","background-type":"","background-media":"","overlay-type":"","overlay-color":"","overlay-opacity":"","overlay-gradient":""},"tablet":{"background-color":"var(--ast-global-color-5)","background-image":"","background-repeat":"repeat","background-position":"center center","background-size":"auto","background-attachment":"scroll","background-type":"","background-media":"","overlay-type":"","overlay-color":"","overlay-opacity":"","overlay-gradient":""},"mobile":{"background-color":"var(--ast-global-color-5)","background-image":"","background-repeat":"repeat","background-position":"center center","background-size":"auto","background-attachment":"scroll","background-type":"","background-media":"","overlay-type":"","overlay-color":"","overlay-opacity":"","overlay-gradient":""}}},"product_brand":[],"product_cat":[391],"product_tag":[422],"class_list":{"0":"post-2574","1":"product","2":"type-product","3":"status-publish","4":"has-post-thumbnail","6":"product_cat-indoor-optic-cable-machine","7":"product_tag-indoor-cable-machine","8":"desktop-align-left","9":"tablet-align-left","10":"mobile-align-left","12":"first","13":"instock","14":"shipping-taxable","15":"product-type-simple"},"_links":{"self":[{"href":"https:\/\/hkcablemachine.com\/pt\/wp-json\/wp\/v2\/product\/2574","targetHints":{"allow":["GET"]}}],"collection":[{"href":"https:\/\/hkcablemachine.com\/pt\/wp-json\/wp\/v2\/product"}],"about":[{"href":"https:\/\/hkcablemachine.com\/pt\/wp-json\/wp\/v2\/types\/product"}],"wp:featuredmedia":[{"embeddable":true,"href":"https:\/\/hkcablemachine.com\/pt\/wp-json\/wp\/v2\/media\/3107"}],"wp:attachment":[{"href":"https:\/\/hkcablemachine.com\/pt\/wp-json\/wp\/v2\/media?parent=2574"}],"wp:term":[{"taxonomy":"product_brand","embeddable":true,"href":"https:\/\/hkcablemachine.com\/pt\/wp-json\/wp\/v2\/product_brand?post=2574"},{"taxonomy":"product_cat","embeddable":true,"href":"https:\/\/hkcablemachine.com\/pt\/wp-json\/wp\/v2\/product_cat?post=2574"},{"taxonomy":"product_tag","embeddable":true,"href":"https:\/\/hkcablemachine.com\/pt\/wp-json\/wp\/v2\/product_tag?post=2574"}],"curies":[{"name":"wp","href":"https:\/\/api.w.org\/{rel}","templated":true}]}}