{"id":2569,"date":"2020-03-04T11:31:05","date_gmt":"2020-03-04T03:31:05","guid":{"rendered":"https:\/\/hkcablemachine.com\/?post_type=product&#038;p=2569"},"modified":"2025-11-18T10:32:50","modified_gmt":"2025-11-18T02:32:50","slug":"patch-cord-cable-production-line-hongkai","status":"publish","type":"product","link":"https:\/\/hkcablemachine.com\/pt\/patch-cord-cable-production-line-hongkai\/","title":{"rendered":"SIMPLE\/DUPLEX Patch cord CABLE PRODUCTION LINE"},"content":{"rendered":"<h3 class=\"wp-block-heading\"><span style=\"font-size: 1.5em; font-weight: bold; color: #30ae43;\">1.<\/span><span style=\"font-size: 1.5em; font-weight: bold; color: #30ae43;\"><span style=\"color: #00a442;\">H<\/span>K-30 IPC+PLC CONTROLE LINHA DE PRODU\u00c7\u00c3O COM TAMP\u00c3O PRESSO<\/span><\/h3>\n\n\n\n<figure class=\"wp-block-image\"><img decoding=\"async\" src=\"https:\/\/hkcablemachine.com\/wp-content\/uploads\/2020\/03\/HK-30-Tight-Buffered-Fiber-Production-Line--scaled.jpg\" alt=\"Linha de produ\u00e7\u00e3o de fibra tamponada apertada Hk 30\" class=\"wp-image-4498\" title=\"\"><\/figure>\n\n\n\n<p><\/p>\n\n\n\n<ul class=\"wp-block-list\">\n<li>Retorno da fibra*2: colocar&nbsp;<strong>25km\/50km<\/strong>&nbsp;fibra nua.<\/li>\n\n\n\n<li>Pr\u00e9-aquecedor de fibra: aquecimento da fibra antes da extrusora.<\/li>\n\n\n\n<li>M\u00e1quina de secagem e funil autom\u00e1tico: funil e secadora a mat\u00e9ria-prima automaticamente.<\/li>\n\n\n\n<li>Fornecimento de v\u00e1cuo: Garanta a estabilidade do di\u00e2metro do cabo sob v\u00e1cuo.<\/li>\n\n\n\n<li>Extrusora principal: usando o parafuso de melhor qualidade da China, extrus\u00e3o do&nbsp;<strong>PE\/PVC\/TPEE<\/strong>&nbsp;material; o motor usando&nbsp;<strong>Siemens<\/strong>&nbsp;mais um&nbsp;<strong>codificador<\/strong>&nbsp;e adota controle de circuito fechado para fazer com que a linha de produ\u00e7\u00e3o para mudan\u00e7a de di\u00e2metro seja mais est\u00e1vel durante o aumento ou diminui\u00e7\u00e3o da velocidade da linha.<\/li>\n\n\n\n<li>Gabinete de controle: controle PLC + IPC, opera\u00e7\u00e3o mais f\u00e1cil para o trabalhador, o transdutor usando americano&nbsp;<strong>Emerson\/Mitsubishi<\/strong>, Japon\u00eas, outras pe\u00e7as el\u00e9tricas usando&nbsp;<strong>Schneider<\/strong>.<\/li>\n\n\n\n<li>Calha de \u00e1gua morna e fria: resfriando o fio lentamente.<\/li>\n\n\n\n<li>Medidor de di\u00e2metro: exibe o di\u00e2metro real do cabo ao operador.<\/li>\n\n\n\n<li>Cabrestante: altera automaticamente a velocidade da linha por&nbsp;<strong>Panasonic<\/strong>&nbsp;servo mais&nbsp;<strong>Caixa de velocidade<\/strong>.<\/li>\n\n\n\n<li>Assumir: motor usando&nbsp;<strong>Siemens<\/strong>, atravessando por&nbsp;<strong>servo<\/strong>&nbsp;e tamb\u00e9m possui uma tela para aumentar\/diminuir a velocidade do operador.<\/li>\n<\/ul>\n\n\n\n<h3 class=\"wp-block-heading\"><span style=\"font-size: 1.5em; font-weight: bold; color: #30ae43;\">2.<span style=\"color: #00a442;\">H<\/span>K-50 IPC+PLC CONTROL SIMPLEX\/DUPLEX PATCH CORD CABLE PRODUCTION LINE<\/span><\/h3>\n\n\n\n<figure class=\"wp-block-image aligncenter\"><img decoding=\"async\" src=\"https:\/\/hkcablemachine.com\/wp-content\/uploads\/2020\/03\/HK-50-IPCPLC-CONTROL-SIMPLEXDUPLEX-SOFT-CABLE-PRODUCTION-LINE-scaled.jpg\" alt=\"Linha de produ\u00e7\u00e3o de cabos flex\u00edveis simplex:duplex com controle IPC+PLC HK 50\" class=\"wp-image-4504\" title=\"\"><figcaption><\/figcaption><\/figure>\n\n\n\n<p><\/p>\n\n\n\n<ul class=\"wp-block-list\">\n<li>Retorno da fibra*2: coloque 1-2 n\u00facleos de fibra ou buffer apertado<\/li>\n\n\n\n<li>O fio de aramida compensa: coloque de 1 a 10 pe\u00e7as de fio de aramida, com tensor ajust\u00e1vel na parte de tr\u00e1s.<\/li>\n\n\n\n<li>Suporte de molde de posicionamento m\u00f3vel: amarra\u00e7\u00e3o do fio antes da extrusora.<\/li>\n\n\n\n<li>M\u00e1quina de secagem e funil autom\u00e1tico: funil e secadora a mat\u00e9ria-prima automaticamente.<\/li>\n\n\n\n<li>Extrusora principal: usando o parafuso de melhor qualidade da China, extrus\u00e3o do&nbsp;<strong>PE\/PVC\/TPEE<\/strong>&nbsp;material; o motor usando&nbsp;<strong>Siemens<\/strong>&nbsp;mais um&nbsp;<strong>codificador<\/strong>&nbsp;e adota controle de circuito fechado para fazer com que a linha de produ\u00e7\u00e3o para mudan\u00e7a de di\u00e2metro seja mais est\u00e1vel durante o aumento ou diminui\u00e7\u00e3o da velocidade da linha.<\/li>\n\n\n\n<li>Gabinete de controle: controle PLC + IPC, opera\u00e7\u00e3o mais f\u00e1cil para o trabalhador, o transdutor usando americano&nbsp;<strong>Emerson\/Mitsubishi<\/strong>, Japon\u00eas, outras pe\u00e7as el\u00e9tricas usando&nbsp;<strong>Schneider<\/strong>.<\/li>\n\n\n\n<li>Calha de \u00e1gua morna e fria: resfriando o fio lentamente.<\/li>\n\n\n\n<li>Medidor de di\u00e2metro: exibe o di\u00e2metro real do cabo ao operador.<\/li>\n\n\n\n<li>Cabrestante: altera automaticamente a velocidade da linha por&nbsp;<strong>Panasonic<\/strong>&nbsp;servo mais&nbsp;<strong>Caixa de velocidade<\/strong>.<\/li>\n\n\n\n<li>Assumir: motor usando&nbsp;<strong>Siemens<\/strong>, atravessando por&nbsp;<strong>servo<\/strong>&nbsp;e tamb\u00e9m possui uma tela para aumentar\/diminuir a velocidade do operador.<\/li>\n<\/ul>\n\n\n\n<figure class=\"wp-block-image aligncenter wp-image-5992\"><img fetchpriority=\"high\" decoding=\"async\" width=\"2048\" height=\"683\" src=\"https:\/\/hkcablemachine.com\/wp-content\/uploads\/2020\/03\/HK-3550-Lines-layout.png\" alt=\"layout da linha hk 35+50\" class=\"wp-image-5992\" title=\"\" srcset=\"https:\/\/hkcablemachine.com\/wp-content\/uploads\/2020\/03\/HK-3550-Lines-layout.png 2048w, https:\/\/hkcablemachine.com\/wp-content\/uploads\/2020\/03\/HK-3550-Lines-layout-1024x342.png 1024w, https:\/\/hkcablemachine.com\/wp-content\/uploads\/2020\/03\/HK-3550-Lines-layout-768x256.png 768w, https:\/\/hkcablemachine.com\/wp-content\/uploads\/2020\/03\/HK-3550-Lines-layout-1536x512.png 1536w, https:\/\/hkcablemachine.com\/wp-content\/uploads\/2020\/03\/HK-3550-Lines-layout-18x6.png 18w, https:\/\/hkcablemachine.com\/wp-content\/uploads\/2020\/03\/HK-3550-Lines-layout-700x233.png 700w\" sizes=\"(max-width: 2048px) 100vw, 2048px\" \/><figcaption class=\"wp-element-caption\">Layout da linha HK 35+50<\/figcaption><\/figure>\n\n\n\n<figure class=\"wp-block-embed is-type-video is-provider-youtube wp-block-embed-youtube wp-embed-aspect-16-9 wp-has-aspect-ratio\"><div class=\"wp-block-embed__wrapper\">\n<iframe title=\"[M\u00e1quinas Hongkai] -Como fazer o cabo macio simplex\/duplex (Patch Cord)\" width=\"500\" height=\"281\" src=\"https:\/\/www.youtube.com\/embed\/q1UDfmZG_1k?feature=oembed&#038;enablejsapi=1&#038;origin=https:\/\/hkcablemachine.com\" frameborder=\"0\" allow=\"accelerometer; autoplay; clipboard-write; encrypted-media; gyroscope; picture-in-picture; web-share\" referrerpolicy=\"strict-origin-when-cross-origin\" allowfullscreen><\/iframe>\n<\/div><\/figure>","protected":false},"excerpt":{"rendered":"<h2><strong>What&#8217;s the Simplex\/Duplex Patch Cord cable?<\/strong><\/h2>\n<p>The Simplex\/Duplex soft cable is a type of cable that is used in many different industries. It is made up of two or more conductor wires that are covered with insulation. Structurally the <strong>Simple\/Duplex Patch Cord cable<\/strong> consiste nos seguintes componentes.<\/p>\n<ol>\n<li><strong>Buffer apertado<\/strong><\/li>\n<li><strong>Fio de aramida<\/strong><\/li>\n<li><strong>Jaqueta LSZH<\/strong><\/li>\n<\/ol>\n<h2><strong>How to produce the Simplex\/Duplex<\/strong><\/h2>\n<h2><strong>Patch Cord C<\/strong><strong>able?<\/strong><\/h2>\n<p>Portanto, s\u00e3o necess\u00e1rias duas linhas de produ\u00e7\u00e3o no equipamento para concluir:<\/p>\n<ol>\n<li><strong>Linha de produ\u00e7\u00e3o com buffer apertado e controle PLC HK-30 IPC+\u00a0<\/strong>para terminar o <strong>Buffer apertado<\/strong> Papel<\/li>\n<li><strong>HK-50 IPC+PLC Control Simplex\/Duplex Patch Cord Cable Production Line <\/strong>para terminar o <strong>Fio de aramida<\/strong> e <strong>Jaqueta<\/strong> Papel<\/li>\n<\/ol>","protected":false},"featured_media":3102,"template":"","meta":{"site-sidebar-layout":"default","site-content-layout":"default","ast-site-content-layout":"default","site-content-style":"default","site-sidebar-style":"default","ast-global-header-display":"","ast-banner-title-visibility":"","ast-main-header-display":"","ast-hfb-above-header-display":"","ast-hfb-below-header-display":"","ast-hfb-mobile-header-display":"","site-post-title":"","ast-breadcrumbs-content":"","ast-featured-img":"","footer-sml-layout":"","ast-disable-related-posts":"","theme-transparent-header-meta":"default","adv-header-id-meta":"","stick-header-meta":"","header-above-stick-meta":"","header-main-stick-meta":"","header-below-stick-meta":"","astra-migrate-meta-layouts":"set","ast-page-background-enabled":"default","ast-page-background-meta":{"desktop":{"background-color":"","background-image":"","background-repeat":"repeat","background-position":"center center","background-size":"auto","background-attachment":"scroll","background-type":"","background-media":"","overlay-type":"","overlay-color":"","overlay-opacity":"","overlay-gradient":""},"tablet":{"background-color":"","background-image":"","background-repeat":"repeat","background-position":"center center","background-size":"auto","background-attachment":"scroll","background-type":"","background-media":"","overlay-type":"","overlay-color":"","overlay-opacity":"","overlay-gradient":""},"mobile":{"background-color":"","background-image":"","background-repeat":"repeat","background-position":"center center","background-size":"auto","background-attachment":"scroll","background-type":"","background-media":"","overlay-type":"","overlay-color":"","overlay-opacity":"","overlay-gradient":""}},"ast-content-background-meta":{"desktop":{"background-color":"var(--ast-global-color-5)","background-image":"","background-repeat":"repeat","background-position":"center center","background-size":"auto","background-attachment":"scroll","background-type":"","background-media":"","overlay-type":"","overlay-color":"","overlay-opacity":"","overlay-gradient":""},"tablet":{"background-color":"var(--ast-global-color-5)","background-image":"","background-repeat":"repeat","background-position":"center center","background-size":"auto","background-attachment":"scroll","background-type":"","background-media":"","overlay-type":"","overlay-color":"","overlay-opacity":"","overlay-gradient":""},"mobile":{"background-color":"var(--ast-global-color-5)","background-image":"","background-repeat":"repeat","background-position":"center center","background-size":"auto","background-attachment":"scroll","background-type":"","background-media":"","overlay-type":"","overlay-color":"","overlay-opacity":"","overlay-gradient":""}}},"product_brand":[],"product_cat":[391],"product_tag":[422],"class_list":{"0":"post-2569","1":"product","2":"type-product","3":"status-publish","4":"has-post-thumbnail","6":"product_cat-indoor-optic-cable-machine","7":"product_tag-indoor-cable-machine","8":"desktop-align-left","9":"tablet-align-left","10":"mobile-align-left","12":"first","13":"instock","14":"shipping-taxable","15":"product-type-simple"},"_links":{"self":[{"href":"https:\/\/hkcablemachine.com\/pt\/wp-json\/wp\/v2\/product\/2569","targetHints":{"allow":["GET"]}}],"collection":[{"href":"https:\/\/hkcablemachine.com\/pt\/wp-json\/wp\/v2\/product"}],"about":[{"href":"https:\/\/hkcablemachine.com\/pt\/wp-json\/wp\/v2\/types\/product"}],"wp:featuredmedia":[{"embeddable":true,"href":"https:\/\/hkcablemachine.com\/pt\/wp-json\/wp\/v2\/media\/3102"}],"wp:attachment":[{"href":"https:\/\/hkcablemachine.com\/pt\/wp-json\/wp\/v2\/media?parent=2569"}],"wp:term":[{"taxonomy":"product_brand","embeddable":true,"href":"https:\/\/hkcablemachine.com\/pt\/wp-json\/wp\/v2\/product_brand?post=2569"},{"taxonomy":"product_cat","embeddable":true,"href":"https:\/\/hkcablemachine.com\/pt\/wp-json\/wp\/v2\/product_cat?post=2569"},{"taxonomy":"product_tag","embeddable":true,"href":"https:\/\/hkcablemachine.com\/pt\/wp-json\/wp\/v2\/product_tag?post=2569"}],"curies":[{"name":"wp","href":"https:\/\/api.w.org\/{rel}","templated":true}]}}