{"id":10060,"date":"2023-03-02T16:39:49","date_gmt":"2023-03-02T08:39:49","guid":{"rendered":"https:\/\/hkcablemachine.com\/?post_type=product&#038;p=10060"},"modified":"2024-03-25T16:36:32","modified_gmt":"2024-03-25T08:36:32","slug":"cage-stranding-machine","status":"publish","type":"product","link":"https:\/\/hkcablemachine.com\/pt\/cage-stranding-machine\/","title":{"rendered":"M\u00e1quina de torcer gaiola"},"content":{"rendered":"<figure id=\"attachment_10063\" aria-describedby=\"caption-attachment-10063\" style=\"width: 600px\" class=\"wp-caption aligncenter\"><a href=\"https:\/\/hkcablemachine.com\/wp-content\/uploads\/2023\/03\/Cage-Stranding-Machine.jpeg\"><img fetchpriority=\"high\" decoding=\"async\" class=\"size-full wp-image-10063\" src=\"https:\/\/hkcablemachine.com\/wp-content\/uploads\/2023\/03\/Cage-Stranding-Machine.jpeg\" alt=\"m\u00e1quina de encalhe em gaiola\" width=\"600\" height=\"450\" title=\"\" srcset=\"https:\/\/hkcablemachine.com\/wp-content\/uploads\/2023\/03\/Cage-Stranding-Machine.jpeg 600w, https:\/\/hkcablemachine.com\/wp-content\/uploads\/2023\/03\/Cage-Stranding-Machine-16x12.jpeg 16w\" sizes=\"(max-width: 600px) 100vw, 600px\" \/><\/a><figcaption id=\"caption-attachment-10063\" class=\"wp-caption-text\">m\u00e1quina de encalhe em gaiola<\/figcaption><\/figure>\n<h3>Vis\u00e3o geral de toda a linha:<\/h3>\n<p>&nbsp;<\/p>\n<ol>\n<li><em>Suporte de pagamento<\/em>: para segurar e alimentar fios na m\u00e1quina.<\/li>\n<li><em>M\u00e1quina de endireitar fios<\/em>: para endireitar e alinhar os fios antes que eles entrem na m\u00e1quina.<\/li>\n<li><em>Dispositivo de forma\u00e7\u00e3o de gaiola<\/em>: para moldar e formar a estrutura da gaiola.<\/li>\n<li><em>M\u00e1quina de solda:<\/em> para unir os fios por meio de soldagem.<\/li>\n<li><em>Sistema de controle de tens\u00e3o:<\/em> para manter uma tens\u00e3o constante nos fios durante o processo.<\/li>\n<li><em>M\u00e1quina de recolhimento:<\/em> colete a gaiola pronta em um carretel ou carretel.<\/li>\n<\/ol>\n<h3>Modelos opcionais:<\/h3>\n<p>&nbsp;<\/p>\n<table width=\"288\">\n<tbody>\n<tr>\n<td rowspan=\"2\" width=\"48\">Tipo<\/td>\n<td rowspan=\"2\" width=\"48\">Quantidade<\/td>\n<td colspan=\"3\" width=\"144\">Di\u00e2metro do fio<\/td>\n<td rowspan=\"2\" width=\"48\">Formul\u00e1rio de Suporte<\/td>\n<\/tr>\n<tr>\n<td>M\u00ednimo<\/td>\n<td>M\u00e1x.<\/td>\n<td>Velocidade de rota\u00e7\u00e3o (r\/m)<\/td>\n<\/tr>\n<tr>\n<td>500<\/td>\n<td>(18+18)\/(12+18+24)<\/td>\n<td>8<\/td>\n<td>50<\/td>\n<td>80<\/td>\n<td width=\"48\">Roda de equita\u00e7\u00e3o \/ Rolamento<\/td>\n<\/tr>\n<tr>\n<td>630<\/td>\n<td>8\/18\/(18+18)\/(12+18+24)\/\uff0836+48\uff09<\/td>\n<td>9<\/td>\n<td>70<\/td>\n<td>60-80<\/td>\n<td width=\"48\">Roda de equita\u00e7\u00e3o \/ Rolamento<\/td>\n<\/tr>\n<tr>\n<td>800<\/td>\n<td>8\/18\/(18+18)<\/td>\n<td>15<\/td>\n<td>80<\/td>\n<td>50-80<\/td>\n<td width=\"48\">Roda de equita\u00e7\u00e3o \/ Rolamento<\/td>\n<\/tr>\n<tr>\n<td>1000<\/td>\n<td>8<\/td>\n<td>20<\/td>\n<td>55<\/td>\n<td>60<\/td>\n<td>Roda de equita\u00e7\u00e3o<\/td>\n<\/tr>\n<tr>\n<td>1250<\/td>\n<td>8<\/td>\n<td>30<\/td>\n<td>80<\/td>\n<td>40<\/td>\n<td>Roda de equita\u00e7\u00e3o<\/td>\n<\/tr>\n<tr>\n<td>1800<\/td>\n<td>8<\/td>\n<td>60<\/td>\n<td>150<\/td>\n<td>30<\/td>\n<td>Roda de equita\u00e7\u00e3o<\/td>\n<\/tr>\n<tr>\n<td colspan=\"2\">8\/1250+8\/630<\/td>\n<td>24<\/td>\n<td>100<\/td>\n<td>30<\/td>\n<td>Roda de equita\u00e7\u00e3o<\/td>\n<\/tr>\n<tr>\n<td colspan=\"2\">12\/500+18\/500+24\/630<\/td>\n<td>10<\/td>\n<td>60<\/td>\n<td>60<\/td>\n<td width=\"48\">Roda de equita\u00e7\u00e3o \/ Rolamento<\/td>\n<\/tr>\n<\/tbody>\n<\/table>","protected":false},"excerpt":{"rendered":"<h3>O que \u00e9 a m\u00e1quina de encalhe em gaiola?<\/h3>\n<p>&nbsp;<\/p>\n<p>O <strong>m\u00e1quina de encalhe em gaiola<\/strong> \u00e9 um tipo de equipamento utilizado na fabrica\u00e7\u00e3o de cabos para produzir fios ou condutores tran\u00e7ados. Caracteriza-se por uma gaiola girat\u00f3ria que cont\u00e9m diversas bobinas de fio ou cabo, que s\u00e3o alimentadas em uma unidade central de tor\u00e7\u00e3o, onde os fios s\u00e3o torcidos em um padr\u00e3o helicoidal. O fio tran\u00e7ado resultante \u00e9 ent\u00e3o enrolado em uma bobina para processamento posterior. <strong>M\u00e1quinas de encalhe em gaiola<\/strong> s\u00e3o comumente usados na produ\u00e7\u00e3o de cabos de energia, cabos de comunica\u00e7\u00e3o e outros tipos de produtos de cabos.<\/p>","protected":false},"featured_media":10065,"template":"","meta":{"site-sidebar-layout":"default","site-content-layout":"default","ast-site-content-layout":"default","site-content-style":"default","site-sidebar-style":"default","ast-global-header-display":"","ast-banner-title-visibility":"","ast-main-header-display":"","ast-hfb-above-header-display":"","ast-hfb-below-header-display":"","ast-hfb-mobile-header-display":"","site-post-title":"","ast-breadcrumbs-content":"","ast-featured-img":"","footer-sml-layout":"","ast-disable-related-posts":"","theme-transparent-header-meta":"default","adv-header-id-meta":"","stick-header-meta":"","header-above-stick-meta":"","header-main-stick-meta":"","header-below-stick-meta":"","astra-migrate-meta-layouts":"set","ast-page-background-enabled":"default","ast-page-background-meta":{"desktop":{"background-color":"","background-image":"","background-repeat":"repeat","background-position":"center center","background-size":"auto","background-attachment":"scroll","background-type":"","background-media":"","overlay-type":"","overlay-color":"","overlay-opacity":"","overlay-gradient":""},"tablet":{"background-color":"","background-image":"","background-repeat":"repeat","background-position":"center center","background-size":"auto","background-attachment":"scroll","background-type":"","background-media":"","overlay-type":"","overlay-color":"","overlay-opacity":"","overlay-gradient":""},"mobile":{"background-color":"","background-image":"","background-repeat":"repeat","background-position":"center center","background-size":"auto","background-attachment":"scroll","background-type":"","background-media":"","overlay-type":"","overlay-color":"","overlay-opacity":"","overlay-gradient":""}},"ast-content-background-meta":{"desktop":{"background-color":"var(--ast-global-color-5)","background-image":"","background-repeat":"repeat","background-position":"center center","background-size":"auto","background-attachment":"scroll","background-type":"","background-media":"","overlay-type":"","overlay-color":"","overlay-opacity":"","overlay-gradient":""},"tablet":{"background-color":"var(--ast-global-color-5)","background-image":"","background-repeat":"repeat","background-position":"center center","background-size":"auto","background-attachment":"scroll","background-type":"","background-media":"","overlay-type":"","overlay-color":"","overlay-opacity":"","overlay-gradient":""},"mobile":{"background-color":"var(--ast-global-color-5)","background-image":"","background-repeat":"repeat","background-position":"center center","background-size":"auto","background-attachment":"scroll","background-type":"","background-media":"","overlay-type":"","overlay-color":"","overlay-opacity":"","overlay-gradient":""}}},"product_brand":[],"product_cat":[890],"product_tag":[],"class_list":{"0":"post-10060","1":"product","2":"type-product","3":"status-publish","4":"has-post-thumbnail","6":"product_cat-core-wire-stranding-machine","7":"desktop-align-left","8":"tablet-align-left","9":"mobile-align-left","11":"first","12":"instock","13":"shipping-taxable","14":"product-type-simple"},"_links":{"self":[{"href":"https:\/\/hkcablemachine.com\/pt\/wp-json\/wp\/v2\/product\/10060","targetHints":{"allow":["GET"]}}],"collection":[{"href":"https:\/\/hkcablemachine.com\/pt\/wp-json\/wp\/v2\/product"}],"about":[{"href":"https:\/\/hkcablemachine.com\/pt\/wp-json\/wp\/v2\/types\/product"}],"wp:featuredmedia":[{"embeddable":true,"href":"https:\/\/hkcablemachine.com\/pt\/wp-json\/wp\/v2\/media\/10065"}],"wp:attachment":[{"href":"https:\/\/hkcablemachine.com\/pt\/wp-json\/wp\/v2\/media?parent=10060"}],"wp:term":[{"taxonomy":"product_brand","embeddable":true,"href":"https:\/\/hkcablemachine.com\/pt\/wp-json\/wp\/v2\/product_brand?post=10060"},{"taxonomy":"product_cat","embeddable":true,"href":"https:\/\/hkcablemachine.com\/pt\/wp-json\/wp\/v2\/product_cat?post=10060"},{"taxonomy":"product_tag","embeddable":true,"href":"https:\/\/hkcablemachine.com\/pt\/wp-json\/wp\/v2\/product_tag?post=10060"}],"curies":[{"name":"wp","href":"https:\/\/api.w.org\/{rel}","templated":true}]}}