{"id":10057,"date":"2023-03-02T15:21:04","date_gmt":"2023-03-02T07:21:04","guid":{"rendered":"https:\/\/hkcablemachine.com\/?post_type=product&#038;p=10057"},"modified":"2025-09-01T15:07:04","modified_gmt":"2025-09-01T07:07:04","slug":"double-twisting-machine","status":"publish","type":"product","link":"https:\/\/hkcablemachine.com\/pt\/double-twisting-machine\/","title":{"rendered":"M\u00e1quina de tor\u00e7\u00e3o dupla"},"content":{"rendered":"<h3>Modelos dispon\u00edveis:<\/h3>\n<p>&nbsp;<\/p>\n<table width=\"559\">\n<tbody>\n<tr>\n<td width=\"132\"><strong>Modelo<\/strong><\/td>\n<td width=\"76\">300<\/td>\n<td width=\"66\">500<\/td>\n<td width=\"66\">630<\/td>\n<td width=\"76\">800<\/td>\n<td width=\"76\">1000<\/td>\n<td width=\"67\">1250<\/td>\n<\/tr>\n<tr>\n<td width=\"132\"><strong>Se\u00e7\u00e3o transversal de conduta m\u00e1xima (mm<sup>2<\/sup>)<\/strong><\/td>\n<td width=\"76\">0,45 mil\u00edmetros<sup>2<\/sup><\/td>\n<td width=\"66\">2 mil\u00edmetros<sup>2<\/sup><\/td>\n<td width=\"66\">6 mil\u00edmetros<sup>2<\/sup><\/td>\n<td width=\"76\">8 mil\u00edmetros<sup>2<\/sup><\/td>\n<td width=\"76\">Di\u00e2m. 12 mm<\/td>\n<td width=\"67\">Di\u00e2m. 20 mm<\/td>\n<\/tr>\n<tr>\n<td width=\"132\"><strong>Di\u00e2metro de conduta individual (mm)<\/strong><\/td>\n<td width=\"76\">0.03-0.21<\/td>\n<td width=\"66\">0.08-0.41<\/td>\n<td width=\"66\">0.15-0.8<\/td>\n<td width=\"76\">0.29-0.73<\/td>\n<td width=\"76\">1-4<\/td>\n<td width=\"67\">1-6<\/td>\n<\/tr>\n<tr>\n<td width=\"132\"><strong>Faixa de comprimento de camada (mm)<\/strong><\/td>\n<td width=\"76\">1-20<\/td>\n<td width=\"66\">5-40<\/td>\n<td width=\"66\">15-55<\/td>\n<td width=\"76\">27-144<\/td>\n<td width=\"76\">35-182<\/td>\n<td width=\"67\">20-200<\/td>\n<\/tr>\n<tr>\n<td width=\"132\"><strong>Velocidade m\u00e1xima (rpm)<\/strong><\/td>\n<td width=\"76\">3000<\/td>\n<td width=\"66\">3000<\/td>\n<td width=\"66\">2500<\/td>\n<td width=\"76\">1200<\/td>\n<td width=\"76\">800<\/td>\n<td width=\"67\">600<\/td>\n<\/tr>\n<tr>\n<td width=\"132\"><strong>Tor\u00e7\u00e3o m\u00e1xima (tpm)<\/strong><\/td>\n<td width=\"76\">6000<\/td>\n<td width=\"66\">6000<\/td>\n<td width=\"66\">5000<\/td>\n<td width=\"76\">2400<\/td>\n<td width=\"76\">1600<\/td>\n<td width=\"67\">1200<\/td>\n<\/tr>\n<tr>\n<td width=\"132\"><strong>Velocidade linear m\u00e1xima (m\/min)<\/strong><\/td>\n<td width=\"76\">120<\/td>\n<td width=\"66\">240<\/td>\n<td width=\"66\">275<\/td>\n<td width=\"76\">345<\/td>\n<td width=\"76\">290<\/td>\n<td width=\"67\">240<\/td>\n<\/tr>\n<\/tbody>\n<\/table>","protected":false},"excerpt":{"rendered":"<p><strong>O que \u00e9 a Double Twisting Machine?<\/strong><\/p>\n<p>O <strong>M\u00e1quina de tor\u00e7\u00e3o dupla<\/strong> \u00c9 um equipamento utilizado na produ\u00e7\u00e3o de cabos para torcer dois ou mais fios isolados. Esta m\u00e1quina pode torcer fios de diferentes comprimentos e di\u00e2metros, proporcionando alta efici\u00eancia e precis\u00e3o no processo de tor\u00e7\u00e3o. \u00c9 amplamente utilizada na produ\u00e7\u00e3o de diversos cabos, incluindo cabos de energia, cabos de comunica\u00e7\u00e3o e cabos de controle.<\/p>\n<p>&nbsp;<\/p>","protected":false},"featured_media":10055,"template":"","meta":{"site-sidebar-layout":"default","site-content-layout":"default","ast-site-content-layout":"default","site-content-style":"default","site-sidebar-style":"default","ast-global-header-display":"","ast-banner-title-visibility":"","ast-main-header-display":"","ast-hfb-above-header-display":"","ast-hfb-below-header-display":"","ast-hfb-mobile-header-display":"","site-post-title":"","ast-breadcrumbs-content":"","ast-featured-img":"","footer-sml-layout":"","ast-disable-related-posts":"","theme-transparent-header-meta":"default","adv-header-id-meta":"","stick-header-meta":"","header-above-stick-meta":"","header-main-stick-meta":"","header-below-stick-meta":"","astra-migrate-meta-layouts":"set","ast-page-background-enabled":"default","ast-page-background-meta":{"desktop":{"background-color":"","background-image":"","background-repeat":"repeat","background-position":"center center","background-size":"auto","background-attachment":"scroll","background-type":"","background-media":"","overlay-type":"","overlay-color":"","overlay-opacity":"","overlay-gradient":""},"tablet":{"background-color":"","background-image":"","background-repeat":"repeat","background-position":"center center","background-size":"auto","background-attachment":"scroll","background-type":"","background-media":"","overlay-type":"","overlay-color":"","overlay-opacity":"","overlay-gradient":""},"mobile":{"background-color":"","background-image":"","background-repeat":"repeat","background-position":"center center","background-size":"auto","background-attachment":"scroll","background-type":"","background-media":"","overlay-type":"","overlay-color":"","overlay-opacity":"","overlay-gradient":""}},"ast-content-background-meta":{"desktop":{"background-color":"var(--ast-global-color-5)","background-image":"","background-repeat":"repeat","background-position":"center center","background-size":"auto","background-attachment":"scroll","background-type":"","background-media":"","overlay-type":"","overlay-color":"","overlay-opacity":"","overlay-gradient":""},"tablet":{"background-color":"var(--ast-global-color-5)","background-image":"","background-repeat":"repeat","background-position":"center center","background-size":"auto","background-attachment":"scroll","background-type":"","background-media":"","overlay-type":"","overlay-color":"","overlay-opacity":"","overlay-gradient":""},"mobile":{"background-color":"var(--ast-global-color-5)","background-image":"","background-repeat":"repeat","background-position":"center center","background-size":"auto","background-attachment":"scroll","background-type":"","background-media":"","overlay-type":"","overlay-color":"","overlay-opacity":"","overlay-gradient":""}}},"product_brand":[],"product_cat":[890],"product_tag":[],"class_list":{"0":"post-10057","1":"product","2":"type-product","3":"status-publish","4":"has-post-thumbnail","6":"product_cat-core-wire-stranding-machine","7":"desktop-align-left","8":"tablet-align-left","9":"mobile-align-left","11":"first","12":"instock","13":"shipping-taxable","14":"product-type-simple"},"_links":{"self":[{"href":"https:\/\/hkcablemachine.com\/pt\/wp-json\/wp\/v2\/product\/10057","targetHints":{"allow":["GET"]}}],"collection":[{"href":"https:\/\/hkcablemachine.com\/pt\/wp-json\/wp\/v2\/product"}],"about":[{"href":"https:\/\/hkcablemachine.com\/pt\/wp-json\/wp\/v2\/types\/product"}],"wp:featuredmedia":[{"embeddable":true,"href":"https:\/\/hkcablemachine.com\/pt\/wp-json\/wp\/v2\/media\/10055"}],"wp:attachment":[{"href":"https:\/\/hkcablemachine.com\/pt\/wp-json\/wp\/v2\/media?parent=10057"}],"wp:term":[{"taxonomy":"product_brand","embeddable":true,"href":"https:\/\/hkcablemachine.com\/pt\/wp-json\/wp\/v2\/product_brand?post=10057"},{"taxonomy":"product_cat","embeddable":true,"href":"https:\/\/hkcablemachine.com\/pt\/wp-json\/wp\/v2\/product_cat?post=10057"},{"taxonomy":"product_tag","embeddable":true,"href":"https:\/\/hkcablemachine.com\/pt\/wp-json\/wp\/v2\/product_tag?post=10057"}],"curies":[{"name":"wp","href":"https:\/\/api.w.org\/{rel}","templated":true}]}}