{"id":2457,"date":"2020-03-02T09:04:28","date_gmt":"2020-03-02T01:04:28","guid":{"rendered":"https:\/\/hkcablemachine.com\/?page_id=2457"},"modified":"2024-03-01T16:51:28","modified_gmt":"2024-03-01T08:51:28","slug":"privacy-policy","status":"publish","type":"page","link":"https:\/\/hkcablemachine.com\/pt\/politica-de-privacidade-2\/","title":{"rendered":"Pol\u00edtica de Privacidade"},"content":{"rendered":"<h1>Pol\u00edtica de privacidade<\/h1>\n<p>Data de vig\u00eancia: 2024-03-01<\/p>\n<p>Atualizado em: 2024-03-01<\/p>\n<p>\n  Esta Pol\u00edtica de Privacidade explica as pol\u00edticas da Guangdong Hongkai Optical Cable Eequipment Technology Co., Ltd sobre a coleta\ne uso das informa\u00e7\u00f5es que coletamos quando voc\u00ea acessa hkcablemachine.com (o \"Servi\u00e7o\"). Esta Pol\u00edtica de Privacidade descreve seus\ndireitos de privacidade e como voc\u00ea est\u00e1 protegido pelas leis de privacidade.<\/p>\n<p>\n  Ao usar nosso Servi\u00e7o, voc\u00ea concorda com a coleta e o uso de suas informa\u00e7\u00f5es de acordo com\n    com esta Pol\u00edtica de Privacidade. N\u00e3o acesse ou use nosso Servi\u00e7o se n\u00e3o concordar com a coleta e o uso de suas informa\u00e7\u00f5es\n    e o uso de suas informa\u00e7\u00f5es conforme descrito nesta Pol\u00edtica de Privacidade. Esta Pol\u00edtica de Privacidade foi criada com\n    a ajuda de <a target=\"_blank\" href=\"https:\/\/cookie-script.com\/privacy-policy-generator\" rel=\"noopener nofollow\">Gerador de pol\u00edtica de privacidade CookieScript<\/a>.<\/p>\n<p>A Guangdong Hongkai Optical Cable Eequipment Technology Co., Ltd est\u00e1 autorizada a modificar esta Pol\u00edtica de Privacidade a qualquer momento.\nIsso pode ocorrer sem aviso pr\u00e9vio.<\/p>\n<p>\n  A Guangdong Hongkai Optical Cable Eequipment Technology Co., Ltd publicar\u00e1 a Pol\u00edtica de Privacidade revisada no site hkcablemachine.com<\/p>\n\n    <h3>Coleta e uso de suas informa\u00e7\u00f5es pessoais<\/h3>\n    <h4>Informa\u00e7\u00f5es que coletamos<\/h4>\n    <p>\n      Ao usar nosso Servi\u00e7o, voc\u00ea ser\u00e1 solicitado a nos fornecer informa\u00e7\u00f5es pessoais usadas para\nO hkcablemachine.com coleta as seguintes informa\u00e7\u00f5es:    <\/p>\n\n    <ul>\n                    <li>Dados de uso<\/li>\n                    <li>Nome<\/li>\n                    <li>E-mail<\/li>\n                    <li>N\u00famero de celular<\/li>\n                    <li>Perfil de m\u00eddia social<\/li>\n            <\/ul>\n\n            <p>Os Dados de Uso incluem o seguinte:<\/p>\n        <ul>\n            <li>Endere\u00e7o IP (Internet Protocol) dos computadores que acessam o site<\/li>\n            <li>Solicita\u00e7\u00f5es de p\u00e1ginas da Web<\/li>\n            <li>P\u00e1ginas da Web de refer\u00eancia<\/li>\n            <li>Navegador usado para acessar o site<\/li>\n            <li>Hora e data de acesso<\/li>\n        <\/ul>\n    \n    <h4>Como coletamos informa\u00e7\u00f5es<\/h4>\n    <p>\n      O hkcablemachine.com coleta e recebe informa\u00e7\u00f5es suas da seguinte maneira:    <\/p>\n    <ul>\n                <li>Quando voc\u00ea preenche um formul\u00e1rio de registro ou envia suas informa\u00e7\u00f5es pessoais.<\/li>\n                <li>Quando voc\u00ea interage com nosso Servi\u00e7o.<\/li>\n          <\/ul>\n    <p>\n      Suas informa\u00e7\u00f5es ser\u00e3o armazenadas por at\u00e9 30 dias ap\u00f3s deixarem de ser\nn\u00e3o forem mais necess\u00e1rias para lhe fornecer os servi\u00e7os. Suas informa\u00e7\u00f5es podem ser retidas por per\u00edodos mais longos para\nrelat\u00f3rios ou manuten\u00e7\u00e3o de registros, de acordo com as leis aplic\u00e1veis. As informa\u00e7\u00f5es que n\u00e3o o identificam\npessoalmente podem ser armazenadas indefinidamente.    <\/p>\n\n            <h4>Como usamos suas informa\u00e7\u00f5es<\/h4>\n        <p>\n          O hkcablemachine.com pode usar suas informa\u00e7\u00f5es para as seguintes finalidades:        <\/p>\n        <ul>\n                        <li><b>Fornecer e manter nosso Servi\u00e7o,<\/b> bem como monitorar o uso do nosso Servi\u00e7o.<\/li>\n                        <li><b>Para outros fins.<\/b> A Guangdong Hongkai Optical Cable Eequipment Technology Co., Ltd usar\u00e1 suas informa\u00e7\u00f5es para an\u00e1lise de dados para identificar tend\u00eancias de uso ou determinar a efic\u00e1cia de nossas campanhas de marketing, quando razo\u00e1vel.\ntend\u00eancias de uso ou determinar a efic\u00e1cia de nossas campanhas de marketing, quando razo\u00e1vel. Usaremos\nsuas informa\u00e7\u00f5es para avaliar e aprimorar nosso Servi\u00e7o, produtos, servi\u00e7os e esfor\u00e7os de marketing.<\/li>\n                  <\/ul>\n    \n            <h4>Como compartilhamos suas informa\u00e7\u00f5es<\/h4>\n        <p>\n          A Guangdong Hongkai Optical Cable Eequipment Technology Co., Ltd compartilhar\u00e1 suas informa\u00e7\u00f5es, quando aplic\u00e1vel, nas seguintes situa\u00e7\u00f5es:        <\/p>\n        <ul>\n                      <li><b>Com seu consentimento.<\/b> A Guangdong Hongkai Optical Cable Eequipment Technology Co., Ltd compartilhar\u00e1 suas informa\u00e7\u00f5es para qualquer finalidade com seu consentimento expl\u00edcito.\nconsentimento expl\u00edcito.<\/li>\n                  <\/ul>\n    \n    <h4>Compartilhamento de terceiros<\/h4>\n            <p>\n          Qualquer terceiro com quem compartilhamos suas informa\u00e7\u00f5es deve divulgar a finalidade para a qual pretende usar\nsuas informa\u00e7\u00f5es. Eles devem reter suas informa\u00e7\u00f5es somente durante o per\u00edodo divulgado ao solicitar ou\nrecebimento dessas informa\u00e7\u00f5es. O prestador de servi\u00e7os terceirizado n\u00e3o deve coletar, vender ou usar suas\ninforma\u00e7\u00f5es pessoais, exceto quando necess\u00e1rio para realizar a finalidade especificada.        <\/p>\n        <p>Suas informa\u00e7\u00f5es podem ser compartilhadas com terceiros por motivos que incluem:<\/p>\n        <ul>\n                      <li><b>Informa\u00e7\u00f5es anal\u00edticas.<\/b> Suas informa\u00e7\u00f5es podem ser compartilhadas com ferramentas\nferramentas de an\u00e1lise on-line para rastrear e analisar o tr\u00e1fego do site.<\/li>\n                      <li><b>Iniciativas de marketing.<\/b> Suas informa\u00e7\u00f5es ser\u00e3o usadas para gerar e enviar boletins informativos, e-mail marketing\nmarketing por e-mail, an\u00fancios e muito mais.<\/li>\n                      <li><b>Aprimoramento de campanhas publicit\u00e1rias direcionadas.<\/b> A Guangdong Hongkai Optical Cable Eequipment Technology Co., Ltd faz parceria com provedores de servi\u00e7os terceirizados para aprimorar\ncampanhas publicit\u00e1rias direcionadas.<\/li>\n                  <\/ul>\n        <p>\n          Se optar por fornecer essas informa\u00e7\u00f5es durante o registro ou de outra forma, estar\u00e1 dando permiss\u00e3o \u00e0 Guangdong Hongkai Optical Cable Eequipment Technology Co.\nde outra forma, estar\u00e1 dando \u00e0 Guangdong Hongkai Optical Cable Eequipment Technology Co., Ltd permiss\u00e3o para usar, compartilhar e armazenar essas informa\u00e7\u00f5es de maneira consistente com\ncom esta Pol\u00edtica de Privacidade.        <\/p>\n    \n    <p>Suas informa\u00e7\u00f5es podem ser divulgadas por outros motivos, inclusive:<\/p>\n    <ul>\n        <li>Cumprir as leis, regulamentos ou ordens judiciais aplic\u00e1veis.<\/li>\n        <li>Responder a reclama\u00e7\u00f5es de que seu uso de nosso Servi\u00e7o viola direitos de terceiros.<\/li>\n        <li>Fazer cumprir os acordos que voc\u00ea faz conosco, inclusive esta Pol\u00edtica de Privacidade.<\/li>\n    <\/ul>\n\n    <h4>Cookies<\/h4>\n    <p>\n        Cookies s\u00e3o pequenos arquivos de texto que s\u00e3o colocados em seu computador pelos sites que voc\u00ea visita. Os sites usam\ncookies para ajudar os usu\u00e1rios a navegar com efici\u00eancia e executar determinadas fun\u00e7\u00f5es. Os cookies que s\u00e3o necess\u00e1rios para\no site funcione corretamente podem ser definidos sem sua permiss\u00e3o. Todos os outros cookies precisam\nprecisam ser aprovados antes de serem definidos no navegador.    <\/p>\n    <ul>\n              <li><b>Cookies estritamente necess\u00e1rios.<\/b> Os cookies estritamente necess\u00e1rios permitem a funcionalidade principal do site, como\nlogin de usu\u00e1rio e gerenciamento de conta. O site n\u00e3o pode ser usado adequadamente sem os cookies estritamente necess\u00e1rios.<\/li>\n          <\/ul>\n\n            <div class=\"cookie-report-container\">\n            <p data-cookiereport=\"true\">\n                Voc\u00ea pode alterar seu consentimento para o uso de cookies abaixo.            <\/p>\n            <script\n                type=\"text\/javascript\"\n                charset=\"UTF-8\"\n                data-cookiescriptreport=\"report\"\n                data-cs-lang=\"en\"\n                src=\"\/\/report.cookie-script.com\/r\/c144a77e1626fc1286a86cf22d490172.js\"\n            >\n            <\/script>\n        <\/div>\n    \n    <h4>Seguran\u00e7a<\/h4>\n    <p>\n      A seguran\u00e7a de suas informa\u00e7\u00f5es \u00e9 importante para n\u00f3s. hkcablemachine.com\nutiliza uma s\u00e9rie de medidas de seguran\u00e7a para evitar o uso indevido, a perda ou a altera\u00e7\u00e3o das informa\u00e7\u00f5es que voc\u00ea nos forneceu.\nEntretanto, como n\u00e3o podemos garantir a seguran\u00e7a das informa\u00e7\u00f5es que voc\u00ea nos fornece, voc\u00ea deve acessar nosso servi\u00e7o por sua pr\u00f3pria conta e risco.\npr\u00f3prio risco.    <\/p>\n    <p>\n      A Guangdong Hongkai Optical Cable Eequipment Technology Co., Ltd n\u00e3o \u00e9 respons\u00e1vel pelo desempenho de sites\noperados por terceiros ou por suas intera\u00e7\u00f5es com eles. Ao sair deste site, recomendamos que voc\u00ea examine as\npr\u00e1ticas de privacidade de outros sites com os quais voc\u00ea interage e determine a adequa\u00e7\u00e3o dessas pr\u00e1ticas.    <\/p>\n\n    <h4>Contate-nos<\/h4>\n    <p>Em caso de d\u00favidas, entre em contato conosco pelos seguintes m\u00e9todos:<\/p>\n    <p>Nome: Guangdong Hongkai Optical Cable Eequipment Technology Co., Ltd<\/p>\n    <p>Endere\u00e7o: No.32, Hulin Road, Humen Town, Cidade de Dongguang, Prov\u00edncia de Guangdong<\/p>\n    <p>E-mail: hongkaiequipment@gmail.com<\/p>\n    <p>Site: hkcablemachine.com<\/p>\n    \n\n            <p>\n          Para quaisquer d\u00favidas ou preocupa\u00e7\u00f5es relacionadas ao processamento de suas informa\u00e7\u00f5es,\nvoc\u00ea pode entrar em contato com nosso Diretor de Privacidade em Peter He, hongkaiequipment@gmail.com.        <\/p>","protected":false},"excerpt":{"rendered":"<p>Privacy Policy Effective date: 2024-03-01 Updated on: 2024-03-01 This Privacy Policy explains the policies of Guangdong Hongkai Optical Cable Eequipment Technology Co., Ltd on the collection and use of the information we collect when you access hkcablemachine.com (the \u201cService\u201d). This Privacy Policy describes your privacy rights and how you are protected under privacy laws. By [&hellip;]<\/p>\n","protected":false},"author":1,"featured_media":0,"parent":0,"menu_order":0,"comment_status":"closed","ping_status":"closed","template":"","meta":{"site-sidebar-layout":"default","site-content-layout":"default","ast-site-content-layout":"default","site-content-style":"default","site-sidebar-style":"default","ast-global-header-display":"","ast-banner-title-visibility":"","ast-main-header-display":"","ast-hfb-above-header-display":"","ast-hfb-below-header-display":"","ast-hfb-mobile-header-display":"","site-post-title":"","ast-breadcrumbs-content":"","ast-featured-img":"","footer-sml-layout":"","ast-disable-related-posts":"","theme-transparent-header-meta":"default","adv-header-id-meta":"","stick-header-meta":"","header-above-stick-meta":"","header-main-stick-meta":"","header-below-stick-meta":"","astra-migrate-meta-layouts":"set","ast-page-background-enabled":"default","ast-page-background-meta":{"desktop":{"background-color":"","background-image":"","background-repeat":"repeat","background-position":"center center","background-size":"auto","background-attachment":"scroll","background-type":"","background-media":"","overlay-type":"","overlay-color":"","overlay-opacity":"","overlay-gradient":""},"tablet":{"background-color":"","background-image":"","background-repeat":"repeat","background-position":"center center","background-size":"auto","background-attachment":"scroll","background-type":"","background-media":"","overlay-type":"","overlay-color":"","overlay-opacity":"","overlay-gradient":""},"mobile":{"background-color":"","background-image":"","background-repeat":"repeat","background-position":"center center","background-size":"auto","background-attachment":"scroll","background-type":"","background-media":"","overlay-type":"","overlay-color":"","overlay-opacity":"","overlay-gradient":""}},"ast-content-background-meta":{"desktop":{"background-color":"var(--ast-global-color-5)","background-image":"","background-repeat":"repeat","background-position":"center center","background-size":"auto","background-attachment":"scroll","background-type":"","background-media":"","overlay-type":"","overlay-color":"","overlay-opacity":"","overlay-gradient":""},"tablet":{"background-color":"var(--ast-global-color-5)","background-image":"","background-repeat":"repeat","background-position":"center center","background-size":"auto","background-attachment":"scroll","background-type":"","background-media":"","overlay-type":"","overlay-color":"","overlay-opacity":"","overlay-gradient":""},"mobile":{"background-color":"var(--ast-global-color-5)","background-image":"","background-repeat":"repeat","background-position":"center center","background-size":"auto","background-attachment":"scroll","background-type":"","background-media":"","overlay-type":"","overlay-color":"","overlay-opacity":"","overlay-gradient":""}},"footnotes":""},"class_list":["post-2457","page","type-page","status-publish","hentry"],"_links":{"self":[{"href":"https:\/\/hkcablemachine.com\/pt\/wp-json\/wp\/v2\/pages\/2457","targetHints":{"allow":["GET"]}}],"collection":[{"href":"https:\/\/hkcablemachine.com\/pt\/wp-json\/wp\/v2\/pages"}],"about":[{"href":"https:\/\/hkcablemachine.com\/pt\/wp-json\/wp\/v2\/types\/page"}],"author":[{"embeddable":true,"href":"https:\/\/hkcablemachine.com\/pt\/wp-json\/wp\/v2\/users\/1"}],"replies":[{"embeddable":true,"href":"https:\/\/hkcablemachine.com\/pt\/wp-json\/wp\/v2\/comments?post=2457"}],"version-history":[{"count":0,"href":"https:\/\/hkcablemachine.com\/pt\/wp-json\/wp\/v2\/pages\/2457\/revisions"}],"wp:attachment":[{"href":"https:\/\/hkcablemachine.com\/pt\/wp-json\/wp\/v2\/media?parent=2457"}],"curies":[{"name":"wp","href":"https:\/\/api.w.org\/{rel}","templated":true}]}}